{"id":427368,"date":"2024-12-01T20:29:22","date_gmt":"2024-12-01T19:29:22","guid":{"rendered":"https:\/\/www.pomoline.com\/web-pruebas\/producto\/pomo-piel-cuero-natural-boton-metal-blanco\/"},"modified":"2025-03-13T20:57:14","modified_gmt":"2025-03-13T19:57:14","slug":"lederknauf-naturleder-weiser-metallknopf","status":"publish","type":"product","link":"https:\/\/www.pomoline.com\/de\/produkt\/lederknauf-naturleder-weiser-metallknopf\/","title":{"rendered":"LEDERKNAUF NATURLEDER WEI\u00dfER METALLKNOPF"},"content":{"rendered":"<p>Dieses M\u00f6belgriffmodell ist f\u00fcr die Montage an M\u00f6belt\u00fcren oder Schubladen konzipiert und wir liefern es mit den f\u00fcr die Montage notwendigen Schrauben, lederknauf naturleder wei\u00dfer metallknopf<\/p>\n","protected":false},"excerpt":{"rendered":"<p>Dieses M\u00f6belgriffmodell ist f\u00fcr die Montage an M\u00f6belt\u00fcren oder Schubladen konzipiert und wir liefern es mit den f\u00fcr die Montage notwendigen Schrauben, lederknauf naturleder wei\u00dfer metallknopf<\/p>\n","protected":false},"featured_media":427365,"template":"","meta":{"_joinchat":[]},"product_brand":[],"product_cat":[5187,997,973],"product_tag":[],"class_list":{"0":"post-427368","1":"product","2":"type-product","3":"status-publish","4":"has-post-thumbnail","6":"product_cat-mobelgriffe-und-knopfe-fur-schubladen","7":"product_cat-mobelknopfe-aus-leder-und-stoff-griffe-fur-mobelschublade","8":"product_cat-knopfe-geschliffenes-horn-mobelknopfe-knochen-perlmutt-rustikale-ethnische","9":"pa_color-grun-schrank-griffe-griffe-wandaufhanger-turhaken-mobel-beine","10":"pa_color-schwarz-schrank-griffe-griffe-wandaufhanger-turhaken-mobelbeine","11":"pa_color-weis-schrank-griffe-griffe-wandhaken-turhaken-mobelbeine","12":"pa_color-braun-schrank-griffe-griffe-wandaufhanger-turhaken-mobel-beine","13":"pa_color-buche-honig-schrank-knopfe-griffe-wandhanger-turhaken-mobelbeine","14":"pa_color-sand-schrank-griffe-griffe-wandhaken-turhaken-mobel-beine","15":"pa_distancia-agujeros-tornillos-tiradores-96-mm-entre-centros-de-tornillos-cajon-puerta-mueble-de","16":"pa_distancia-agujeros-tornillos-tiradores-128-mm-entre-centros-de-tornillos-cajon-puerta-mueble-de","17":"pa_tendencia-moderne-designer-mobelgriffe","19":"first","20":"instock","21":"taxable","22":"shipping-taxable","23":"purchasable","24":"product-type-variable","25":"has-default-attributes","26":"wvs-archive-product-wrapper"},"_links":{"self":[{"href":"https:\/\/www.pomoline.com\/de\/wp-json\/wp\/v2\/product\/427368","targetHints":{"allow":["GET"]}}],"collection":[{"href":"https:\/\/www.pomoline.com\/de\/wp-json\/wp\/v2\/product"}],"about":[{"href":"https:\/\/www.pomoline.com\/de\/wp-json\/wp\/v2\/types\/product"}],"wp:featuredmedia":[{"embeddable":true,"href":"https:\/\/www.pomoline.com\/de\/wp-json\/wp\/v2\/media\/427365"}],"wp:attachment":[{"href":"https:\/\/www.pomoline.com\/de\/wp-json\/wp\/v2\/media?parent=427368"}],"wp:term":[{"taxonomy":"product_brand","embeddable":true,"href":"https:\/\/www.pomoline.com\/de\/wp-json\/wp\/v2\/product_brand?post=427368"},{"taxonomy":"product_cat","embeddable":true,"href":"https:\/\/www.pomoline.com\/de\/wp-json\/wp\/v2\/product_cat?post=427368"},{"taxonomy":"product_tag","embeddable":true,"href":"https:\/\/www.pomoline.com\/de\/wp-json\/wp\/v2\/product_tag?post=427368"}],"curies":[{"name":"wp","href":"https:\/\/api.w.org\/{rel}","templated":true}]}}