{"id":427392,"date":"2024-12-01T20:30:33","date_gmt":"2024-12-01T19:30:33","guid":{"rendered":"https:\/\/www.pomoline.com\/web-pruebas\/producto\/pomo-piel-cuero-natural-boton-metal-cobre\/"},"modified":"2025-03-13T20:56:18","modified_gmt":"2025-03-13T19:56:18","slug":"lederknauf-leder-naturknopf-metall-kupfer","status":"publish","type":"product","link":"https:\/\/www.pomoline.com\/de\/produkt\/lederknauf-leder-naturknopf-metall-kupfer\/","title":{"rendered":"LEDERKNAUF LEDER NATURKNOPF METALL KUPFER"},"content":{"rendered":"<p>Dieses M\u00f6belgriffmodell ist f\u00fcr die Montage an M\u00f6belt\u00fcren oder Schubladen konzipiert und wir liefern es mit den f\u00fcr die Montage notwendigen Schrauben, lederknauf leder naturknopf metall kupfer<\/p>\n","protected":false},"excerpt":{"rendered":"<p>Dieses M\u00f6belgriffmodell ist f\u00fcr die Montage an M\u00f6belt\u00fcren oder Schubladen konzipiert und wir liefern es mit den f\u00fcr die Montage notwendigen Schrauben, lederknauf leder naturknopf metall kupfer<\/p>\n","protected":false},"featured_media":427389,"template":"","meta":{"_joinchat":[]},"product_brand":[],"product_cat":[5187,997,973],"product_tag":[],"class_list":{"0":"post-427392","1":"product","2":"type-product","3":"status-publish","4":"has-post-thumbnail","6":"product_cat-mobelgriffe-und-knopfe-fur-schubladen","7":"product_cat-mobelknopfe-aus-leder-und-stoff-griffe-fur-mobelschublade","8":"product_cat-knopfe-geschliffenes-horn-mobelknopfe-knochen-perlmutt-rustikale-ethnische","9":"pa_color-schwarz-schrank-griffe-griffe-wandaufhanger-turhaken-mobelbeine","10":"pa_color-weis-schrank-griffe-griffe-wandhaken-turhaken-mobelbeine","11":"pa_distancia-agujeros-tornillos-tiradores-96-mm-entre-centros-de-tornillos-cajon-puerta-mueble-de","12":"pa_distancia-agujeros-tornillos-tiradores-128-mm-entre-centros-de-tornillos-cajon-puerta-mueble-de","13":"pa_tendencia-leder-stoff-knopfe-fur-mobel","15":"first","16":"instock","17":"taxable","18":"shipping-taxable","19":"purchasable","20":"product-type-variable","21":"has-default-attributes","22":"wvs-archive-product-wrapper"},"_links":{"self":[{"href":"https:\/\/www.pomoline.com\/de\/wp-json\/wp\/v2\/product\/427392","targetHints":{"allow":["GET"]}}],"collection":[{"href":"https:\/\/www.pomoline.com\/de\/wp-json\/wp\/v2\/product"}],"about":[{"href":"https:\/\/www.pomoline.com\/de\/wp-json\/wp\/v2\/types\/product"}],"wp:featuredmedia":[{"embeddable":true,"href":"https:\/\/www.pomoline.com\/de\/wp-json\/wp\/v2\/media\/427389"}],"wp:attachment":[{"href":"https:\/\/www.pomoline.com\/de\/wp-json\/wp\/v2\/media?parent=427392"}],"wp:term":[{"taxonomy":"product_brand","embeddable":true,"href":"https:\/\/www.pomoline.com\/de\/wp-json\/wp\/v2\/product_brand?post=427392"},{"taxonomy":"product_cat","embeddable":true,"href":"https:\/\/www.pomoline.com\/de\/wp-json\/wp\/v2\/product_cat?post=427392"},{"taxonomy":"product_tag","embeddable":true,"href":"https:\/\/www.pomoline.com\/de\/wp-json\/wp\/v2\/product_tag?post=427392"}],"curies":[{"name":"wp","href":"https:\/\/api.w.org\/{rel}","templated":true}]}}