{"id":427432,"date":"2024-12-01T20:32:31","date_gmt":"2024-12-01T19:32:31","guid":{"rendered":"https:\/\/www.pomoline.com\/web-pruebas\/producto\/percha-puerta-extensible-metal-pintura-negro-mate\/"},"modified":"2025-03-13T20:55:06","modified_gmt":"2025-03-13T19:55:06","slug":"metallbugel-fur-ausziehbare-tur-mattschwarz-lackiert","status":"publish","type":"product","link":"https:\/\/www.pomoline.com\/de\/produkt\/metallbugel-fur-ausziehbare-tur-mattschwarz-lackiert\/","title":{"rendered":"METALLB\u00dcGEL F\u00dcR AUSZIEHBARE T\u00dcR, MATTSCHWARZ LACKIERT"},"content":{"rendered":"<p>Dieses M\u00f6belgriffmodell ist f\u00fcr die Montage an M\u00f6belt\u00fcren oder Schubladen konzipiert und wir liefern es mit den f\u00fcr die Montage notwendigen Schrauben, metallb\u00fcgel f\u00fcr ausziehbare t\u00fcr, mattschwarz lackiert<\/p>\n","protected":false},"excerpt":{"rendered":"<p>Dieses M\u00f6belgriffmodell ist f\u00fcr die Montage an M\u00f6belt\u00fcren oder Schubladen konzipiert und wir liefern es mit den f\u00fcr die Montage notwendigen Schrauben, metallb\u00fcgel f\u00fcr ausziehbare t\u00fcr, mattschwarz lackiert<\/p>\n","protected":false},"featured_media":427429,"template":"","meta":{"_joinchat":[]},"product_brand":[],"product_cat":[5358,5355,5183],"product_tag":[],"class_list":{"0":"post-427432","1":"product","2":"type-product","3":"status-publish","4":"has-post-thumbnail","6":"product_cat-ofertas-de","7":"product_cat-ofertas","8":"product_cat-garderobenstander-kleiderbugel-uber-der-tur","9":"pa_color-schwarz-schrank-griffe-griffe-wandaufhanger-turhaken-mobelbeine","10":"pa_tendencia-uber-tur-kleiderbugel-wohndeko","12":"first","13":"instock","14":"sale","15":"taxable","16":"shipping-taxable","17":"purchasable","18":"product-type-variable","19":"has-default-attributes","20":"wvs-archive-product-wrapper"},"_links":{"self":[{"href":"https:\/\/www.pomoline.com\/de\/wp-json\/wp\/v2\/product\/427432","targetHints":{"allow":["GET"]}}],"collection":[{"href":"https:\/\/www.pomoline.com\/de\/wp-json\/wp\/v2\/product"}],"about":[{"href":"https:\/\/www.pomoline.com\/de\/wp-json\/wp\/v2\/types\/product"}],"wp:featuredmedia":[{"embeddable":true,"href":"https:\/\/www.pomoline.com\/de\/wp-json\/wp\/v2\/media\/427429"}],"wp:attachment":[{"href":"https:\/\/www.pomoline.com\/de\/wp-json\/wp\/v2\/media?parent=427432"}],"wp:term":[{"taxonomy":"product_brand","embeddable":true,"href":"https:\/\/www.pomoline.com\/de\/wp-json\/wp\/v2\/product_brand?post=427432"},{"taxonomy":"product_cat","embeddable":true,"href":"https:\/\/www.pomoline.com\/de\/wp-json\/wp\/v2\/product_cat?post=427432"},{"taxonomy":"product_tag","embeddable":true,"href":"https:\/\/www.pomoline.com\/de\/wp-json\/wp\/v2\/product_tag?post=427432"}],"curies":[{"name":"wp","href":"https:\/\/api.w.org\/{rel}","templated":true}]}}