{"id":427464,"date":"2024-12-01T20:34:03","date_gmt":"2024-12-01T19:34:03","guid":{"rendered":"https:\/\/www.pomoline.com\/web-pruebas\/producto\/gancho-pared-78x40mm-metal-laton\/"},"modified":"2025-03-13T20:53:56","modified_gmt":"2025-03-13T19:53:56","slug":"wandhaken-78x40mm-messing-metall","status":"publish","type":"product","link":"https:\/\/www.pomoline.com\/de\/produkt\/wandhaken-78x40mm-messing-metall\/","title":{"rendered":"WANDHAKEN 78X40MM MESSING METALL"},"content":{"rendered":"<p>Dieses M\u00f6belgriffmodell ist f\u00fcr die Montage an M\u00f6belt\u00fcren oder Schubladen konzipiert und wir liefern es mit den f\u00fcr die Montage notwendigen Schrauben, wandhaken 78x40mm messing metall<\/p>\n","protected":false},"excerpt":{"rendered":"<p>Dieses M\u00f6belgriffmodell ist f\u00fcr die Montage an M\u00f6belt\u00fcren oder Schubladen konzipiert und wir liefern es mit den f\u00fcr die Montage notwendigen Schrauben, wandhaken 78x40mm messing metall<\/p>\n","protected":false},"featured_media":427461,"template":"","meta":{"_joinchat":[]},"product_brand":[],"product_cat":[1005],"product_tag":[],"class_list":{"0":"post-427464","1":"product","2":"type-product","3":"status-publish","4":"has-post-thumbnail","6":"product_cat-wandgarderobe-hakengarderobe","7":"pa_color-geburstetes-messing-schrankknopfe-griffe-wandhaken-turhaken-mobelbeine","8":"pa_color-schwarz-schrank-griffe-griffe-wandaufhanger-turhaken-mobelbeine","9":"pa_color-weis-schrank-griffe-griffe-wandhaken-turhaken-mobelbeine","10":"pa_color-rostfreier-stahl-griffe-griffe-wandaufhanger-turhaken-mobelbeine","11":"pa_tendencia-moderne-wandaufhanger-wohnkultur","13":"first","14":"instock","15":"taxable","16":"shipping-taxable","17":"purchasable","18":"product-type-variable","19":"has-default-attributes","20":"wvs-archive-product-wrapper"},"_links":{"self":[{"href":"https:\/\/www.pomoline.com\/de\/wp-json\/wp\/v2\/product\/427464","targetHints":{"allow":["GET"]}}],"collection":[{"href":"https:\/\/www.pomoline.com\/de\/wp-json\/wp\/v2\/product"}],"about":[{"href":"https:\/\/www.pomoline.com\/de\/wp-json\/wp\/v2\/types\/product"}],"wp:featuredmedia":[{"embeddable":true,"href":"https:\/\/www.pomoline.com\/de\/wp-json\/wp\/v2\/media\/427461"}],"wp:attachment":[{"href":"https:\/\/www.pomoline.com\/de\/wp-json\/wp\/v2\/media?parent=427464"}],"wp:term":[{"taxonomy":"product_brand","embeddable":true,"href":"https:\/\/www.pomoline.com\/de\/wp-json\/wp\/v2\/product_brand?post=427464"},{"taxonomy":"product_cat","embeddable":true,"href":"https:\/\/www.pomoline.com\/de\/wp-json\/wp\/v2\/product_cat?post=427464"},{"taxonomy":"product_tag","embeddable":true,"href":"https:\/\/www.pomoline.com\/de\/wp-json\/wp\/v2\/product_tag?post=427464"}],"curies":[{"name":"wp","href":"https:\/\/api.w.org\/{rel}","templated":true}]}}