{"id":427488,"date":"2024-12-01T20:35:09","date_gmt":"2024-12-01T19:35:09","guid":{"rendered":"https:\/\/www.pomoline.com\/web-pruebas\/producto\/gancho-pared-100x30mm-metal-oro\/"},"modified":"2025-03-13T20:53:03","modified_gmt":"2025-03-13T19:53:03","slug":"wandhaken-100x30mm-metall-gold","status":"publish","type":"product","link":"https:\/\/www.pomoline.com\/de\/produkt\/wandhaken-100x30mm-metall-gold\/","title":{"rendered":"WANDHAKEN 100X30MM METALL GOLD"},"content":{"rendered":"<p>Dieses M\u00f6belgriffmodell ist f\u00fcr die Montage an M\u00f6belt\u00fcren oder Schubladen konzipiert und wir liefern es mit den f\u00fcr die Montage notwendigen Schrauben, wandhaken 100x30mm metall gold<\/p>\n","protected":false},"excerpt":{"rendered":"<p>Dieses M\u00f6belgriffmodell ist f\u00fcr die Montage an M\u00f6belt\u00fcren oder Schubladen konzipiert und wir liefern es mit den f\u00fcr die Montage notwendigen Schrauben, wandhaken 100x30mm metall gold<\/p>\n","protected":false},"featured_media":427485,"template":"","meta":{"_joinchat":[]},"product_brand":[],"product_cat":[1005],"product_tag":[],"class_list":{"0":"post-427488","1":"product","2":"type-product","3":"status-publish","4":"has-post-thumbnail","6":"product_cat-wandgarderobe-hakengarderobe","7":"pa_color-schwarz-schrank-griffe-griffe-wandaufhanger-turhaken-mobelbeine","8":"pa_color-gold-schrank-knauf-griffe-wandaufhanger-turhaken-mobel-beine","9":"pa_tendencia-moderne-wandaufhanger-wohnkultur","11":"first","12":"instock","13":"taxable","14":"shipping-taxable","15":"purchasable","16":"product-type-variable","17":"has-default-attributes","18":"wvs-archive-product-wrapper"},"_links":{"self":[{"href":"https:\/\/www.pomoline.com\/de\/wp-json\/wp\/v2\/product\/427488","targetHints":{"allow":["GET"]}}],"collection":[{"href":"https:\/\/www.pomoline.com\/de\/wp-json\/wp\/v2\/product"}],"about":[{"href":"https:\/\/www.pomoline.com\/de\/wp-json\/wp\/v2\/types\/product"}],"wp:featuredmedia":[{"embeddable":true,"href":"https:\/\/www.pomoline.com\/de\/wp-json\/wp\/v2\/media\/427485"}],"wp:attachment":[{"href":"https:\/\/www.pomoline.com\/de\/wp-json\/wp\/v2\/media?parent=427488"}],"wp:term":[{"taxonomy":"product_brand","embeddable":true,"href":"https:\/\/www.pomoline.com\/de\/wp-json\/wp\/v2\/product_brand?post=427488"},{"taxonomy":"product_cat","embeddable":true,"href":"https:\/\/www.pomoline.com\/de\/wp-json\/wp\/v2\/product_cat?post=427488"},{"taxonomy":"product_tag","embeddable":true,"href":"https:\/\/www.pomoline.com\/de\/wp-json\/wp\/v2\/product_tag?post=427488"}],"curies":[{"name":"wp","href":"https:\/\/api.w.org\/{rel}","templated":true}]}}