{"id":427545,"date":"2024-12-01T22:04:33","date_gmt":"2024-12-01T21:04:33","guid":{"rendered":"https:\/\/www.pomoline.com\/web-pruebas\/producto\/percha-metal-pared-7-ganchos-madera-natural-330mm\/"},"modified":"2025-03-13T20:50:59","modified_gmt":"2025-03-13T19:50:59","slug":"metallwandaufhanger-7-haken-naturholz-330mm","status":"publish","type":"product","link":"https:\/\/www.pomoline.com\/de\/produkt\/metallwandaufhanger-7-haken-naturholz-330mm\/","title":{"rendered":"METALLWANDAUFH\u00c4NGER 7 HAKEN NATURHOLZ 330MM"},"content":{"rendered":"<p>Dieses M\u00f6belgriffmodell ist f\u00fcr die Montage an M\u00f6belt\u00fcren oder Schubladen konzipiert und wir liefern es mit den f\u00fcr die Montage notwendigen Schrauben, metallwandaufh\u00e4nger 7 haken naturholz 330mm<\/p>\n","protected":false},"excerpt":{"rendered":"<p>Dieses M\u00f6belgriffmodell ist f\u00fcr die Montage an M\u00f6belt\u00fcren oder Schubladen konzipiert und wir liefern es mit den f\u00fcr die Montage notwendigen Schrauben, metallwandaufh\u00e4nger 7 haken naturholz 330mm<\/p>\n","protected":false},"featured_media":427542,"template":"","meta":{"_joinchat":[]},"product_brand":[],"product_cat":[1005],"product_tag":[],"class_list":{"0":"post-427545","1":"product","2":"type-product","3":"status-publish","4":"has-post-thumbnail","6":"product_cat-wandgarderobe-hakengarderobe","7":"pa_color-schwarz-schrank-griffe-griffe-wandaufhanger-turhaken-mobelbeine","8":"pa_color-weis-schrank-griffe-griffe-wandhaken-turhaken-mobelbeine","9":"pa_tendencia-moderne-wandaufhanger-wohnkultur","11":"first","12":"instock","13":"taxable","14":"shipping-taxable","15":"purchasable","16":"product-type-variable","17":"has-default-attributes","18":"wvs-archive-product-wrapper"},"_links":{"self":[{"href":"https:\/\/www.pomoline.com\/de\/wp-json\/wp\/v2\/product\/427545","targetHints":{"allow":["GET"]}}],"collection":[{"href":"https:\/\/www.pomoline.com\/de\/wp-json\/wp\/v2\/product"}],"about":[{"href":"https:\/\/www.pomoline.com\/de\/wp-json\/wp\/v2\/types\/product"}],"wp:featuredmedia":[{"embeddable":true,"href":"https:\/\/www.pomoline.com\/de\/wp-json\/wp\/v2\/media\/427542"}],"wp:attachment":[{"href":"https:\/\/www.pomoline.com\/de\/wp-json\/wp\/v2\/media?parent=427545"}],"wp:term":[{"taxonomy":"product_brand","embeddable":true,"href":"https:\/\/www.pomoline.com\/de\/wp-json\/wp\/v2\/product_brand?post=427545"},{"taxonomy":"product_cat","embeddable":true,"href":"https:\/\/www.pomoline.com\/de\/wp-json\/wp\/v2\/product_cat?post=427545"},{"taxonomy":"product_tag","embeddable":true,"href":"https:\/\/www.pomoline.com\/de\/wp-json\/wp\/v2\/product_tag?post=427545"}],"curies":[{"name":"wp","href":"https:\/\/api.w.org\/{rel}","templated":true}]}}