{"id":427569,"date":"2024-12-01T22:05:36","date_gmt":"2024-12-01T21:05:36","guid":{"rendered":"https:\/\/www.pomoline.com\/web-pruebas\/producto\/percha-metal-sobrepuerta-10-gancho-madera-natural\/"},"modified":"2025-03-13T20:50:25","modified_gmt":"2025-03-13T19:50:25","slug":"metallbugel-uber-der-tur-10-naturholzhaken","status":"publish","type":"product","link":"https:\/\/www.pomoline.com\/de\/produkt\/metallbugel-uber-der-tur-10-naturholzhaken\/","title":{"rendered":"METALLB\u00dcGEL \u00dcBER DER T\u00dcR 10 NATURHOLZHAKEN"},"content":{"rendered":"<p>Dieses M\u00f6belgriffmodell ist f\u00fcr die Montage an M\u00f6belt\u00fcren oder Schubladen konzipiert und wir liefern es mit den f\u00fcr die Montage notwendigen Schrauben, metallb\u00fcgel \u00fcber der t\u00fcr 10 naturholzhaken<\/p>\n","protected":false},"excerpt":{"rendered":"<p>Dieses M\u00f6belgriffmodell ist f\u00fcr die Montage an M\u00f6belt\u00fcren oder Schubladen konzipiert und wir liefern es mit den f\u00fcr die Montage notwendigen Schrauben, metallb\u00fcgel \u00fcber der t\u00fcr 10 naturholzhaken<\/p>\n","protected":false},"featured_media":427566,"template":"","meta":{"_joinchat":[]},"product_brand":[],"product_cat":[5183],"product_tag":[],"class_list":{"0":"post-427569","1":"product","2":"type-product","3":"status-publish","4":"has-post-thumbnail","6":"product_cat-garderobenstander-kleiderbugel-uber-der-tur","7":"pa_color-schwarz-schrank-griffe-griffe-wandaufhanger-turhaken-mobelbeine","8":"pa_color-weis-schrank-griffe-griffe-wandhaken-turhaken-mobelbeine","9":"pa_tendencia-uber-tur-kleiderbugel-wohndeko","11":"first","12":"instock","13":"taxable","14":"shipping-taxable","15":"purchasable","16":"product-type-variable","17":"has-default-attributes","18":"wvs-archive-product-wrapper"},"_links":{"self":[{"href":"https:\/\/www.pomoline.com\/de\/wp-json\/wp\/v2\/product\/427569","targetHints":{"allow":["GET"]}}],"collection":[{"href":"https:\/\/www.pomoline.com\/de\/wp-json\/wp\/v2\/product"}],"about":[{"href":"https:\/\/www.pomoline.com\/de\/wp-json\/wp\/v2\/types\/product"}],"wp:featuredmedia":[{"embeddable":true,"href":"https:\/\/www.pomoline.com\/de\/wp-json\/wp\/v2\/media\/427566"}],"wp:attachment":[{"href":"https:\/\/www.pomoline.com\/de\/wp-json\/wp\/v2\/media?parent=427569"}],"wp:term":[{"taxonomy":"product_brand","embeddable":true,"href":"https:\/\/www.pomoline.com\/de\/wp-json\/wp\/v2\/product_brand?post=427569"},{"taxonomy":"product_cat","embeddable":true,"href":"https:\/\/www.pomoline.com\/de\/wp-json\/wp\/v2\/product_cat?post=427569"},{"taxonomy":"product_tag","embeddable":true,"href":"https:\/\/www.pomoline.com\/de\/wp-json\/wp\/v2\/product_tag?post=427569"}],"curies":[{"name":"wp","href":"https:\/\/api.w.org\/{rel}","templated":true}]}}