{"id":427688,"date":"2024-12-04T18:28:26","date_gmt":"2024-12-04T17:28:26","guid":{"rendered":"https:\/\/www.pomoline.com\/web-pruebas\/producto\/pata-conica-recta-madera-haya-altura-150mm-barniz-plato-acero-negro\/"},"modified":"2025-03-13T20:46:59","modified_gmt":"2025-03-13T19:46:59","slug":"konischer-schenkel-gerade-buche-hohe-150mm-stahlblech-lackiert-schwarz","status":"publish","type":"product","link":"https:\/\/www.pomoline.com\/de\/produkt\/konischer-schenkel-gerade-buche-hohe-150mm-stahlblech-lackiert-schwarz\/","title":{"rendered":"KONISCHER SCHENKEL GERADE BUCHE H\u00d6HE 150MM STAHLBLECH LACKIERT SCHWARZ"},"content":{"rendered":"<p>Dieses M\u00f6belgriffmodell ist f\u00fcr die Montage an M\u00f6belt\u00fcren oder Schubladen konzipiert und wir liefern es mit den f\u00fcr die Montage notwendigen Schrauben, konischer schenkel gerade buche h\u00f6he 150mm stahlblech lackiert schwarz<\/p>\n","protected":false},"excerpt":{"rendered":"<p>Dieses M\u00f6belgriffmodell ist f\u00fcr die Montage an M\u00f6belt\u00fcren oder Schubladen konzipiert und wir liefern es mit den f\u00fcr die Montage notwendigen Schrauben, konischer schenkel gerade buche h\u00f6he 150mm stahlblech lackiert schwarz<\/p>\n","protected":false},"featured_media":427685,"template":"","meta":{"_joinchat":[]},"product_brand":[],"product_cat":[5358,5355,1017],"product_tag":[],"class_list":{"0":"post-427688","1":"product","2":"type-product","3":"status-publish","4":"has-post-thumbnail","6":"product_cat-ofertas-de","7":"product_cat-ofertas","8":"product_cat-mobelbeine-stahl-holz-kunststoff-stahl-fusse-regulierschrauben-tisch","9":"pa_color-schwarz-schrank-griffe-griffe-wandaufhanger-turhaken-mobelbeine","10":"pa_color-natur-buche-schrank-knauf-griffe-wandaufhanger-turhaken-mobel-beine","11":"pa_color-rohholz-schrank-knauf-griffe-wandaufhanger-turhaken-mobel-beine","12":"pa_tendencia-nordisch-skandinavische-mobelbeine","14":"first","15":"instock","16":"sale","17":"taxable","18":"shipping-taxable","19":"purchasable","20":"product-type-variable","21":"has-default-attributes","22":"wvs-archive-product-wrapper"},"_links":{"self":[{"href":"https:\/\/www.pomoline.com\/de\/wp-json\/wp\/v2\/product\/427688","targetHints":{"allow":["GET"]}}],"collection":[{"href":"https:\/\/www.pomoline.com\/de\/wp-json\/wp\/v2\/product"}],"about":[{"href":"https:\/\/www.pomoline.com\/de\/wp-json\/wp\/v2\/types\/product"}],"wp:featuredmedia":[{"embeddable":true,"href":"https:\/\/www.pomoline.com\/de\/wp-json\/wp\/v2\/media\/427685"}],"wp:attachment":[{"href":"https:\/\/www.pomoline.com\/de\/wp-json\/wp\/v2\/media?parent=427688"}],"wp:term":[{"taxonomy":"product_brand","embeddable":true,"href":"https:\/\/www.pomoline.com\/de\/wp-json\/wp\/v2\/product_brand?post=427688"},{"taxonomy":"product_cat","embeddable":true,"href":"https:\/\/www.pomoline.com\/de\/wp-json\/wp\/v2\/product_cat?post=427688"},{"taxonomy":"product_tag","embeddable":true,"href":"https:\/\/www.pomoline.com\/de\/wp-json\/wp\/v2\/product_tag?post=427688"}],"curies":[{"name":"wp","href":"https:\/\/api.w.org\/{rel}","templated":true}]}}