{"id":427696,"date":"2024-12-04T18:28:46","date_gmt":"2024-12-04T17:28:46","guid":{"rendered":"https:\/\/www.pomoline.com\/web-pruebas\/producto\/pata-conica-inclinada-madera-haya-altura-150mm-barniz-plato-acero-cincado\/"},"modified":"2025-03-13T20:46:43","modified_gmt":"2025-03-13T19:46:43","slug":"konischer-schragfuss-buche-hohe-150mm-stahlblech-lackiert-verzinkt","status":"publish","type":"product","link":"https:\/\/www.pomoline.com\/de\/produkt\/konischer-schragfuss-buche-hohe-150mm-stahlblech-lackiert-verzinkt\/","title":{"rendered":"KONISCHER SCHR\u00c4GFUSS BUCHE H\u00d6HE 150MM STAHLBLECH LACKIERT VERZINKT"},"content":{"rendered":"<p>Dieses M\u00f6belgriffmodell ist f\u00fcr die Montage an M\u00f6belt\u00fcren oder Schubladen konzipiert und wir liefern es mit den f\u00fcr die Montage notwendigen Schrauben, konischer schr\u00e4gfuss buche h\u00f6he 150mm stahlblech lackiert verzinkt<\/p>\n","protected":false},"excerpt":{"rendered":"<p>Dieses M\u00f6belgriffmodell ist f\u00fcr die Montage an M\u00f6belt\u00fcren oder Schubladen konzipiert und wir liefern es mit den f\u00fcr die Montage notwendigen Schrauben, konischer schr\u00e4gfuss buche h\u00f6he 150mm stahlblech lackiert verzinkt<\/p>\n","protected":false},"featured_media":427693,"template":"","meta":{"_joinchat":[]},"product_brand":[],"product_cat":[5358,5355,1017],"product_tag":[],"class_list":{"0":"post-427696","1":"product","2":"type-product","3":"status-publish","4":"has-post-thumbnail","6":"product_cat-ofertas-de","7":"product_cat-ofertas","8":"product_cat-mobelbeine-stahl-holz-kunststoff-stahl-fusse-regulierschrauben-tisch","9":"pa_color-schwarz-schrank-griffe-griffe-wandaufhanger-turhaken-mobelbeine","10":"pa_color-natur-buche-schrank-knauf-griffe-wandaufhanger-turhaken-mobel-beine","11":"pa_color-weis-schrank-griffe-griffe-wandhaken-turhaken-mobelbeine","12":"pa_color-rohholz-schrank-knauf-griffe-wandaufhanger-turhaken-mobel-beine","13":"pa_tendencia-nordisch-skandinavische-mobelbeine","15":"first","16":"instock","17":"sale","18":"taxable","19":"shipping-taxable","20":"purchasable","21":"product-type-variable","22":"has-default-attributes","23":"wvs-archive-product-wrapper"},"_links":{"self":[{"href":"https:\/\/www.pomoline.com\/de\/wp-json\/wp\/v2\/product\/427696","targetHints":{"allow":["GET"]}}],"collection":[{"href":"https:\/\/www.pomoline.com\/de\/wp-json\/wp\/v2\/product"}],"about":[{"href":"https:\/\/www.pomoline.com\/de\/wp-json\/wp\/v2\/types\/product"}],"wp:featuredmedia":[{"embeddable":true,"href":"https:\/\/www.pomoline.com\/de\/wp-json\/wp\/v2\/media\/427693"}],"wp:attachment":[{"href":"https:\/\/www.pomoline.com\/de\/wp-json\/wp\/v2\/media?parent=427696"}],"wp:term":[{"taxonomy":"product_brand","embeddable":true,"href":"https:\/\/www.pomoline.com\/de\/wp-json\/wp\/v2\/product_brand?post=427696"},{"taxonomy":"product_cat","embeddable":true,"href":"https:\/\/www.pomoline.com\/de\/wp-json\/wp\/v2\/product_cat?post=427696"},{"taxonomy":"product_tag","embeddable":true,"href":"https:\/\/www.pomoline.com\/de\/wp-json\/wp\/v2\/product_tag?post=427696"}],"curies":[{"name":"wp","href":"https:\/\/api.w.org\/{rel}","templated":true}]}}