{"id":309823,"date":"2024-02-07T12:52:50","date_gmt":"2024-02-07T11:52:50","guid":{"rendered":"https:\/\/www.pomoline.com\/web-pruebas\/aviso-legal\/"},"modified":"2024-06-24T19:04:22","modified_gmt":"2024-06-24T17:04:22","slug":"aviso-legal","status":"publish","type":"page","link":"https:\/\/www.pomoline.com\/fr\/aviso-legal\/","title":{"rendered":"Mentions l\u00e9gales"},"content":{"rendered":"\n<h2 class=\"wp-block-heading\">D\u00c9TAILS DE L\u2019ENTREPRISE<\/h2>\n\n\n\n<p>EXCLUSIVAS Y DISTRIBUCIONES KUATRO, SLU(ci-apr\u00e8s d\u00e9nomm\u00e9e LA SOCI\u00c9T\u00c9) est le propri\u00e9taire de ce site web et du nom de domaine:\u00a0<a href=\"https:\/\/www.pomoline.com\/\">www.pomoline.com<\/a><\/p>\n\n\n\n<p>\u2013 Nom complet de la soci\u00e9t\u00e9: EXCLUSIVAS Y DISTRIBUCIONES KUATRO, SLU<br>\u2013 CIF: B54439534<br>\u2013 Registre du commerce: Registro Mercantil de Alicante, tomo 3401, libro 0, folio 197 y 199, secci\u00f3n 8, hoja A118515, inscripci\u00f3n 1\u00aa y 2\u00aa<br>\u2013 Adresse: C\/ Maestro Lope 44 \u2013 46100 Burjassot (Valencia)<br>\u2013 Tel: +34 961917046<br>\u2013 Email:&nbsp;<a href=\"mailto:info@pomoline.com\">info@pomoline.com<\/a><\/p>\n\n\n\n<p>L\u2019activit\u00e9 de LA SOCI\u00c9T\u00c9 est la vente de boutons, poign\u00e9es, suspensions et poign\u00e9es pour meubles et articles d\u2019am\u00e9nagement et de d\u00e9coration pour la maison.<\/p>\n\n\n\n<h2 class=\"wp-block-heading\"><strong>ACCEPTATION DES CONDITIONS D\u2019UTILISATION<\/strong><\/h2>\n\n\n\n<p>Les pr\u00e9sentes conditions (ci-apr\u00e8s d\u00e9nomm\u00e9es mentions l\u00e9gales) ont pour objet de r\u00e9glementer l\u2019utilisation de ce site Web, que son propri\u00e9taire met \u00e0 la disposition du public \u00e0 cette adresse URL.<br>L\u2019utilisation du site Web par un tiers conf\u00e8re la qualit\u00e9 d\u2019utilisateur et implique la pleine acceptation par ledit utilisateur de toutes et chacune des conditions incluses dans le pr\u00e9sent document.<\/p>\n\n\n\n<h2 class=\"wp-block-heading\">1. <strong>PROPRI\u00c9T\u00c9 INTELLECTUELLE ET INDUSTRIELLE<\/strong><\/h2>\n\n\n\n<p>Tout le contenu du Site Internet, sauf indication contraire, est la propri\u00e9t\u00e9 exclusive de LA SOCI\u00c9T\u00c9 ou de tiers, y compris, mais sans s\u2019y limiter, la conception graphique, le code source, les logos, les textes, les graphiques, les illustrations, les photographies et autres \u00e9l\u00e9ments qui apparaissent sur le Site Internet.<br>De m\u00eame, tous les noms commerciaux, marques ou signes distinctifs de toute nature contenus sur le Site Internet sont prot\u00e9g\u00e9s par la loi.<br>L\u2019ENTREPRISE ne conc\u00e8de aucun type de licence ou d\u2019autorisation d\u2019utilisation personnelle \u00e0 l\u2019Utilisateur sur ses droits de propri\u00e9t\u00e9 intellectuelle et industrielle ou sur tout autre droit li\u00e9 \u00e0 son Site Internet et aux services qui y sont propos\u00e9s.<br>Par cons\u00e9quent, l\u2019Utilisateur reconna\u00eet que la reproduction, la distribution, la commercialisation, la transformation et, en g\u00e9n\u00e9ral, toute autre forme d\u2019exploitation, par n\u2019importe quel proc\u00e9d\u00e9, de tout ou partie du contenu de ce Site Internet constitue une violation des droits de propri\u00e9t\u00e9 intellectuelle et\/ou industrielle du propri\u00e9taire du Site Internet ou du propri\u00e9taire de ce dernier.<\/p>\n\n\n\n<p>L\u2019ENTREPRISE peut apporter des modifications au contenu de ce site Web sans pr\u00e9avis, tant en ce qui concerne les informations sur ses produits ou services, au fur et \u00e0 mesure qu\u2019elle \u00e9largit et am\u00e9liore son offre, que par rapport \u00e0 tout autre \u00e9l\u00e9ment qui en fait partie. Le contenu de ce site web est informatif, ainsi LA SOCIETE ne garantit pas l\u2019exactitude, l\u2019exhaustivit\u00e9 ou la v\u00e9racit\u00e9 des informations, qu\u2019elles soient les siennes ou celles de tiers, contenues dans ce site web. LA SOCIETE n\u2019est pas responsable de tout dommage direct ou indirect qui pourrait \u00eatre caus\u00e9 par l\u2019exactitude, l\u2019exhaustivit\u00e9 ou la v\u00e9racit\u00e9 de ces informations, ni de l\u2019utilisation du contenu ou des \u00e9l\u00e9ments de ce site web.<\/p>\n\n\n\n<p>Ce site web peut contenir des liens vers des pages externes, et Tiradores Pomoline S.L. n\u2019est pas responsable du contenu de ces pages externes ou de tout autre aspect li\u00e9 \u00e0 celles-ci.<\/p>\n\n\n\n<h2 class=\"wp-block-heading\">2. <strong>&nbsp;UTILISATION CORRECTE DU SITE WEB<\/strong><\/h2>\n\n\n\n<p>L\u2019utilisateur s\u2019engage \u00e0 utiliser le site Web, ses contenus et services conform\u00e9ment \u00e0 la loi, au pr\u00e9sent avis juridique, aux bonnes coutumes et \u00e0 l\u2019ordre public. De m\u00eame, l\u2019Utilisateur s\u2019engage \u00e0 ne pas utiliser le site Web ou les services fournis \u00e0 travers celui-ci \u00e0 des fins ou des effets illicites ou contraires au contenu du pr\u00e9sent avis juridique, pr\u00e9judiciables aux int\u00e9r\u00eats ou aux droits de tiers, ou qui pourraient, de quelque mani\u00e8re que ce soit, endommager, rendre inutile ou d\u00e9t\u00e9riorer le site Web ou ses services, ou emp\u00eacher la jouissance normale du site Web par d\u2019autres utilisateurs.<br>De m\u00eame, l\u2019Utilisateur s\u2019engage express\u00e9ment \u00e0 ne pas d\u00e9truire, alt\u00e9rer, rendre inutilisable ou, de toute autre mani\u00e8re, endommager les donn\u00e9es, programmes ou documents \u00e9lectroniques et autres qui peuvent se trouver sur ce Site.<br>L\u2019Utilisateur s\u2019engage \u00e0 ne pas entraver l\u2019acc\u00e8s d\u2019autres utilisateurs au service d\u2019acc\u00e8s par la consommation massive des ressources informatiques \u00e0 travers lesquelles le propri\u00e9taire du site Web fournit le service, ni \u00e0 r\u00e9aliser des actions qui endommagent, interrompent ou g\u00e9n\u00e8rent des erreurs dans lesdits syst\u00e8mes.<br>L\u2019Utilisateur s\u2019engage \u00e0 ne pas introduire de programmes, de virus, de macros, d\u2019applets, de contr\u00f4les ActiveX ou tout autre dispositif logique ou s\u00e9quence de caract\u00e8res qui provoquent ou sont susceptibles de provoquer tout type d\u2019alt\u00e9ration dans les syst\u00e8mes informatiques du propri\u00e9taire du site Web ou de tiers.<\/p>\n\n\n\n<h2 class=\"wp-block-heading\">3. <strong>PUBLICIT\u00c9<\/strong><\/h2>\n\n\n\n<p>Une partie du site Web peut contenir du contenu publicitaire ou \u00eatre parrain\u00e9e. Les annonceurs et les sponsors sont seuls responsables de s\u2019assurer que le mat\u00e9riel soumis pour inclusion sur le Site Internet est conforme aux lois applicables. La SOCI\u00c9T\u00c9 n\u2019est pas responsable de toute erreur, inexactitude ou irr\u00e9gularit\u00e9 qui pourrait \u00eatre contenue dans le contenu publicitaire ou les sponsors. Dans tous les cas, afin de d\u00e9poser toute r\u00e9clamation relative au contenu publicitaire ins\u00e9r\u00e9 sur ce Site Internet, veuillez contacter l\u2019adresse \u00e9lectronique suivante:&nbsp;<a href=\"mailto:info@pomoline.com\">info@pomoline.com<\/a><\/p>\n\n\n\n<h2 class=\"wp-block-heading\">4. <strong>R\u00c9GIME DE RESPONSABILIT\u00c9<\/strong><\/h2>\n\n\n\n<h3 class=\"wp-block-heading\">4.1. <strong>Responsabilit\u00e9 de l\u2019utilisation du site web<\/strong><\/h3>\n\n\n\n<p>EL\u2019Utilisateur est seul responsable des infractions qu\u2019il pourrait commettre ou des dommages qu\u2019il pourrait causer en utilisant le Site Web, et le propri\u00e9taire du Site Web, ses partenaires, soci\u00e9t\u00e9s du groupe, collaborateurs, employ\u00e9s et repr\u00e9sentants sont exon\u00e9r\u00e9s de tout type de responsabilit\u00e9 pouvant d\u00e9couler des actions de l\u2019Utilisateur.<br>Le propri\u00e9taire du site Web mettra en \u0153uvre tous les efforts et moyens raisonnables pour fournir des informations actualis\u00e9es et fiables sur le site Web, cependant, le propri\u00e9taire du site Web n\u2019assume aucune garantie quant \u00e0 l\u2019absence d\u2019erreurs, ou d\u2019\u00e9ventuelles inexactitudes et\/ou omissions dans l\u2019un des contenus accessibles \u00e0 travers ce site Web.<br>L\u2019Utilisateur est seul responsable de toute r\u00e9clamation ou action en justice, judiciaire ou extrajudiciaire, engag\u00e9e par des tiers \u00e0 l\u2019encontre du propri\u00e9taire du Site Internet sur la base de l\u2019utilisation du Site Internet par l\u2019Utilisateur. Le cas \u00e9ch\u00e9ant, l\u2019Utilisateur prendra en charge l\u2019ensemble des d\u00e9penses, co\u00fbts et indemnit\u00e9s encourus par le propri\u00e9taire du Site Internet du fait de ces r\u00e9clamations ou actions en justice.<\/p>\n\n\n\n<h3 class=\"wp-block-heading\">4.2. <strong>Responsabilit\u00e9 du fonctionnement du site web<\/strong><\/h3>\n\n\n\n<p>Le propri\u00e9taire du site Web exclut toute responsabilit\u00e9 pouvant d\u00e9couler d\u2019interf\u00e9rences, d\u2019omissions, d\u2019interruptions, de virus informatiques, de pannes t\u00e9l\u00e9phoniques ou de d\u00e9connexions dans le fonctionnement du syst\u00e8me \u00e9lectronique, pour des causes ind\u00e9pendantes de la volont\u00e9 du propri\u00e9taire du site Web.<br>De m\u00eame, le propri\u00e9taire du Web exclut \u00e9galement toute responsabilit\u00e9 pouvant d\u00e9couler de retards ou de blocages dans le fonctionnement de ce syst\u00e8me \u00e9lectronique caus\u00e9s par des d\u00e9ficiences ou des surcharges des lignes t\u00e9l\u00e9phoniques ou d\u2019Internet, ainsi que des dommages caus\u00e9s par des tiers par des intromissions ill\u00e9gitimes \u00e9chappant au contr\u00f4le du propri\u00e9taire du Web.<br>Le propri\u00e9taire du site Web est autoris\u00e9 \u00e0 suspendre temporairement, sans pr\u00e9avis, l\u2019acc\u00e8s au site Web pour des op\u00e9rations de maintenance, de r\u00e9paration, de mise \u00e0 jour ou d\u2019am\u00e9lioration.<\/p>\n\n\n\n<h3 class=\"wp-block-heading\">4.3. <strong>Responsabilit\u00e9 pour les liens<\/strong><\/h3>\n\n\n\n<p>Les liens contenus sur le site Web peuvent conduire l\u2019utilisateur \u00e0 d\u2019autres sites Web g\u00e9r\u00e9s par des tiers.<br>Le propri\u00e9taire du Site d\u00e9cline toute responsabilit\u00e9 quant aux informations trouv\u00e9es en dehors du Site, la fonction des liens qui apparaissent \u00e9tant uniquement d\u2019informer l\u2019Utilisateur de l\u2019existence d\u2019autres sources d\u2019information sur un sujet sp\u00e9cifique.<br>Le propri\u00e9taire du site Web est exon\u00e9r\u00e9 de toute responsabilit\u00e9 quant au fonctionnement correct de ces liens, aux r\u00e9sultats obtenus par le biais de ces liens, \u00e0 la v\u00e9racit\u00e9 et \u00e0 la l\u00e9galit\u00e9 des contenus ou des informations auxquels il est possible d\u2019acc\u00e9der, ainsi qu\u2019aux dommages que l\u2019utilisateur pourrait subir en raison des informations trouv\u00e9es sur le site Web li\u00e9.<\/p>\n\n\n\n<h2 class=\"wp-block-heading\">5. <strong>MODIFICATIONS DE LA NOTICE L\u00c9GALE ET DES CONDITIONS<\/strong><\/h2>\n\n\n\n<p>L\u2019ENTREPRISE se r\u00e9serve le droit de modifier, d\u00e9velopper ou mettre \u00e0 jour \u00e0 tout moment et sans pr\u00e9avis, l\u2019avis l\u00e9gal et les conditions de ce site web. L\u2019Utilisateur sera automatiquement li\u00e9 par les conditions d\u2019utilisation qui sont en vigueur au moment de l\u2019acc\u00e8s au site Web, et doit donc lire p\u00e9riodiquement l\u2019avis l\u00e9gal et les conditions susmentionn\u00e9es.<\/p>\n\n\n\n<h2 class=\"wp-block-heading\">6. <strong>LOI APPLICABLE ET JURIDICTION<\/strong><\/h2>\n\n\n\n<p>Tous les litiges ou r\u00e9clamations d\u00e9coulant de l\u2019interpr\u00e9tation ou de l\u2019ex\u00e9cution du pr\u00e9sent avis juridique seront r\u00e9gis par le droit espagnol et seront soumis \u00e0 la comp\u00e9tence des cours et tribunaux de Valence (Espagne)..<\/p>\n","protected":false},"excerpt":{"rendered":"<p>D\u00c9TAILS DE L\u2019ENTREPRISE EXCLUSIVAS Y DISTRIBUCIONES KUATRO, SLU(ci-apr\u00e8s d\u00e9nomm\u00e9e LA SOCI\u00c9T\u00c9) est le propri\u00e9taire de ce site web et du nom de domaine:\u00a0www.pomoline.com \u2013 Nom complet de la soci\u00e9t\u00e9: EXCLUSIVAS Y DISTRIBUCIONES KUATRO, SLU\u2013 CIF: B54439534\u2013 Registre du commerce: Registro Mercantil de Alicante, tomo 3401, libro 0, folio 197 y 199, secci\u00f3n 8, hoja A118515, [&#8230;]\n","protected":false},"author":27357,"featured_media":0,"parent":0,"menu_order":0,"comment_status":"closed","ping_status":"closed","template":"","meta":{"_joinchat":[],"footnotes":""},"class_list":["post-309823","page","type-page","status-publish","hentry"],"_links":{"self":[{"href":"https:\/\/www.pomoline.com\/fr\/wp-json\/wp\/v2\/pages\/309823","targetHints":{"allow":["GET"]}}],"collection":[{"href":"https:\/\/www.pomoline.com\/fr\/wp-json\/wp\/v2\/pages"}],"about":[{"href":"https:\/\/www.pomoline.com\/fr\/wp-json\/wp\/v2\/types\/page"}],"author":[{"embeddable":true,"href":"https:\/\/www.pomoline.com\/fr\/wp-json\/wp\/v2\/users\/27357"}],"replies":[{"embeddable":true,"href":"https:\/\/www.pomoline.com\/fr\/wp-json\/wp\/v2\/comments?post=309823"}],"version-history":[{"count":0,"href":"https:\/\/www.pomoline.com\/fr\/wp-json\/wp\/v2\/pages\/309823\/revisions"}],"wp:attachment":[{"href":"https:\/\/www.pomoline.com\/fr\/wp-json\/wp\/v2\/media?parent=309823"}],"curies":[{"name":"wp","href":"https:\/\/api.w.org\/{rel}","templated":true}]}}