{"id":309892,"date":"2024-02-06T18:18:38","date_gmt":"2024-02-06T17:18:38","guid":{"rendered":"https:\/\/www.pomoline.com\/web-pruebas\/politica-privacidad\/"},"modified":"2024-06-24T19:48:40","modified_gmt":"2024-06-24T17:48:40","slug":"politique-de-donnees-personnelles","status":"publish","type":"page","link":"https:\/\/www.pomoline.com\/fr\/politique-de-donnees-personnelles\/","title":{"rendered":"Pol\u00edtique de confidentialit\u00e9"},"content":{"rendered":"\n<p>Cette politique de confidentialit\u00e9 vise \u00e0 faire conna\u00eetre la fa\u00e7on dont nous recueillons, traitons et prot\u00e9geons les donn\u00e9es personnelles fournies par notre site Web ou blog (ci-apr\u00e8s site Web) et \u00e0 d\u00e9cider librement si vous voulez que nous les traitions.<\/p>\n\n\n\n<ol class=\"wp-block-list\">\n<li><strong>Renseignements sur le&nbsp;Responsable \/ Prestataire de services de la soci\u00e9t\u00e9 de l\u2019information<\/strong><\/li>\n<\/ol>\n\n\n\n<figure class=\"wp-block-table\"><table><tbody><tr><td>Identit\u00e9 \u2013 soci\u00e9t\u00e9<\/td><td>EXCLUSIVAS Y DISTRIBUCIONES KUATRO, S.L.U<\/td><\/tr><tr><td>CIF\/NIF<\/td><td>B54439534<\/td><\/tr><tr><td>Adresse postale<\/td><td>C\/ Maestro Lope, 44, CP 46100 Burjassot (Valencia) Espa\u00f1a<\/td><\/tr><tr><td>T\u00e9l\u00e9phone<\/td><td>+34 961917046<\/td><\/tr><tr><td>Courrier \u00e9lectronique<\/td><td>info@poigneeline.com<\/td><\/tr><tr><td>Objet social<\/td><td>Vente en ligne de ferrures de meubles<\/td><\/tr><tr><td>Site web<\/td><td>www.pomoline.com<\/td><\/tr><tr><td>Donn\u00e9es du Registre<\/td><td>Registre du Commerce d\u2019ALICANTE Volume 10030, Livre 7312, Folio 16, Section 8, Page V167612<\/td><\/tr><\/tbody><\/table><\/figure>\n\n\n\n<p>2. <strong><strong>Traitement des renseignements personnels<\/strong><\/strong><\/p>\n\n\n\n<p>Les renseignements personnels que vous avez fournis seront trait\u00e9s de mani\u00e8re confidentielle et seront int\u00e9gr\u00e9s dans l\u2019activit\u00e9 de traitement correspondante appartenant \u00e0 notre soci\u00e9t\u00e9.<\/p>\n\n\n\n<p>Nous demandons les renseignements essentiels pour r\u00e9pondre \u00e0 votre demande,&nbsp; pour facturer si vous effectuez un achat ou un contrat ou pour \u00eatre en contact avec vous&nbsp; si vous le demandez ou lorsque nous y sommes oblig\u00e9s pour &nbsp;pouvoir vous fournir les services et \/ ou s\u2019occuper de vos achats sur ce site.<\/p>\n\n\n\n<p>3. <strong><strong>Objectif <\/strong><\/strong><\/p>\n\n\n\n<p>Vos donn\u00e9es personnelles seront trait\u00e9es avec le seul but de r\u00e9pondre \u00e0 vos demandes, que vous soyez client, fournisseur, utilisateur de notre site ou demandeur d\u2019emploi.<\/p>\n\n\n\n<p>Nous n\u2019envoyons pas de publicit\u00e9 sans l\u2019accord pr\u00e9alable de l\u2019utilisateur.<\/p>\n\n\n\n<ol class=\"wp-block-list\" start=\"4\">\n<li><strong>L\u00e9gitimation<\/strong><\/li>\n<\/ol>\n\n\n\n<p>Le traitement de vos donn\u00e9es se fera sur les bases suivantes:<\/p>\n\n\n\n<ul class=\"wp-block-list\">\n<li>La demande d\u2019informations, la demande d\u2019emploi et\/ou l\u2019achat de nos services et\/ou de nos produits.<\/li>\n\n\n\n<li>Le consentement libre, sp\u00e9cifique, inform\u00e9 et sans \u00e9quivoque, puisque nous vous informons de la pr\u00e9sente politique de confidentialit\u00e9, que, apr\u00e8s lecture de celle-ci et \u00eatre conforme, vous pouvez accepter en cochant les cases pr\u00e9vues \u00e0 cet effet.<\/li>\n<\/ul>\n\n\n\n<p>Notre Soci\u00e9t\u00e9 ne traite pas les renseignements de mineur.<\/p>\n\n\n\n<p>Dans le cas o\u00f9 l\u2019utilisateur est \u00e2g\u00e9 de moins de 14 ans, ou frapp\u00e9 d\u2019incapacit\u00e9 le consentement des parents, tuteurs ou repr\u00e9sentant l\u00e9gal sera n\u00e9cessaire.<\/p>\n\n\n\n<ol class=\"wp-block-list\" start=\"5\">\n<li><strong>Mesures de s\u00e9curit\u00e9<\/strong><\/li>\n<\/ol>\n\n\n\n<p>Notre soci\u00e9t\u00e9 a mis en place toutes les mesures techniques et organisationnelles n\u00e9cessaires pour prot\u00e9ger les donn\u00e9es personnelles trait\u00e9es, en \u00e9vitant leur perte, vol ou utilisation non autoris\u00e9e.<\/p>\n\n\n\n<p>Ces mesures sont r\u00e9guli\u00e8rement v\u00e9rifi\u00e9es lors de nos contr\u00f4les de conformit\u00e9 \u00e0 la r\u00e9glementation sp\u00e9cifique.<\/p>\n\n\n\n<ol class=\"wp-block-list\" start=\"6\">\n<li><strong>Conservation des donn\u00e9es<\/strong><\/li>\n<\/ol>\n\n\n\n<p>Les donn\u00e9es personnelles fournies seront conserv\u00e9es durant le temps n\u00e9cessaire pour atteindre l\u2019objectif pour lequel elles sont collect\u00e9es et pour d\u00e9terminer les responsabilit\u00e9s \u00e9ventuelles pouvant en d\u00e9couler<\/p>\n\n\n\n<p>Dans le cas des demandes d\u2019emploi elles seront conserv\u00e9es pendant une dur\u00e9e maximale d\u2019un an ou jusqu\u2019\u00e0 ce que l\u2019int\u00e9ress\u00e9 nous demande de les supprimer.<\/p>\n\n\n\n<ol class=\"wp-block-list\" start=\"7\">\n<li><strong>Droits des int\u00e9ress\u00e9s<\/strong><\/li>\n<\/ol>\n\n\n\n<p>Vous avez le droit de savoir si notre soci\u00e9t\u00e9 traite vos donn\u00e9es personnelles; par cons\u00e9quent, vous avez le droit d\u2019acc\u00e9der \u00e0 vos donn\u00e9es, de les rectifier si elles sont inexactes ou de demander leur suppression lorsqu\u2019 elles ne sont plus n\u00e9cessaires.<\/p>\n\n\n\n<p>Vous pouvez \u00e9galement exercer votre droit de limitation ou \u00e0 la portabilit\u00e9 si vous le jugez opportun et pour cela, vous pouvez le faire par \u00e9crit par courrier \u00e9lectronique \u00e0&nbsp;<a href=\"mailto:info@businessadapter.es\">info@businessadapter.es<\/a>&nbsp;en joignant une copie de votre carte d\u2019identit\u00e9 pour vous identifier.<\/p>\n\n\n\n<p>Si vous souhaitez transmettre des suggestions ou des questions sur le traitement de vos donn\u00e9es, vous pouvez contacter nos consultants en protection des donn\u00e9es:<\/p>\n\n\n\n<p>BUSINESS ADAPTER, S.L.<\/p>\n\n\n\n<p>Ronda Guglielmo Marconi, 11, 26, (Parque Tecnol\u00f3gico) 46980 Paterna (Valencia).<\/p>\n\n\n\n<p>Tel. 96 131 88 04<\/p>\n\n\n\n<p>E-mail:&nbsp;<a href=\"mailto:info@businessadapter.es\">info@businessadapter.es<\/a><\/p>\n\n\n\n<p>Web:&nbsp;<a href=\"https:\/\/www.businessadapter.es\/\" target=\"_blank\" rel=\"noopener\">https:\/\/www.businessadapter.es\/<\/a><\/p>\n\n\n\n<p>Si la personne qui souhaite exercer ses droits est \u00e2g\u00e9e de moins de 14 ans ou frapp\u00e9e d\u2019incapacit\u00e9, elle peut les exercer par l\u2019interm\u00e9diaire de ses parents, tuteurs ou repr\u00e9sentants l\u00e9gaux.<\/p>\n\n\n\n<p>Si vous souhaitez faire une r\u00e9clamation pour penser que vos droits ont \u00e9t\u00e9 viol\u00e9s, vous pouvez le faire aupr\u00e8s de l\u2019Agence Espagnole de Protection des Donn\u00e9es, C\/ Jorge Juan, 6, 28001 Madrid ou sur&nbsp;<a href=\"http:\/\/www.aepd.es\/\" target=\"_blank\" rel=\"noopener\">www.aepd.es<\/a>.<\/p>\n\n\n\n<ol class=\"wp-block-list\" start=\"8\">\n<li><strong>\u00c9tablissement de profils<\/strong><\/li>\n<\/ol>\n\n\n\n<p>Nous n\u2019\u00e9tablissons pas de profils en utilisant vos donn\u00e9es personnelles, mais si c\u2019\u00e9tait le cas, vous seriez inform\u00e9 et une autorisation vous serait demand\u00e9e.<\/p>\n\n\n\n<p>De m\u00eame, vous avez le droit de vous opposer \u00e0 ce type de traitement \u00e0 tout moment.<\/p>\n\n\n\n<ol class=\"wp-block-list\" start=\"9\">\n<li><strong>Transfert de donn\u00e9es<\/strong><\/li>\n<\/ol>\n\n\n\n<p>Vos donn\u00e9es personnelles ne seront pas transf\u00e9r\u00e9es vers d\u2019autres pays ou \u00e0 des tiers sauf en cas d\u2019obligation l\u00e9gale.<\/p>\n\n\n\n<p>Dans le cas de l\u2019achat de produits ou de services, vos donn\u00e9es personnelles peuvent \u00eatre transf\u00e9r\u00e9es aux soci\u00e9t\u00e9s n\u00e9cessaires pour livrer les produits achet\u00e9s ou pour vous pr\u00eater nos services.<\/p>\n\n\n\n<p>Notre banque conna\u00eetra vos donn\u00e9es pour la gestion de paiement des produits ou services, ainsi que ceux&nbsp; charg\u00e9s du traitement n\u00e9cessaire \u00e0 l\u2019ex\u00e9cution des contrats et \/ ou des achats.<\/p>\n\n\n\n<p>En cas de cession \u00e0 d\u2019autres entit\u00e9s ou \u00e0 d\u2019autres pays, nous vous en informerons et demanderons votre accord pr\u00e9alable.<\/p>\n\n\n\n<p><strong>Engagement Corporatif de Protection des Donn\u00e9es<\/strong><\/p>\n\n\n\n<p><strong>Champ&nbsp; d\u2019application<\/strong><\/p>\n\n\n\n<p>Cet engagement sera obligatoire pour tous les d\u00e9partements,&nbsp; employ\u00e9s de notre soci\u00e9t\u00e9 et pour ceux qui agissent en notre nom.<\/p>\n\n\n\n<p><strong>Objet<\/strong><\/p>\n\n\n\n<p>Nous avons \u00e9tabli des protocoles d\u2019action pour le traitement des donn\u00e9es personnelles, conform\u00e9ment aux dispositions de la r\u00e9glementation espagnole et europ\u00e9enne sur la protection des donn\u00e9es, afin que la s\u00e9curit\u00e9 et la confidentialit\u00e9 de celles-ci soient garanties \u00e0 tout moment.<\/p>\n\n\n\n<p><strong>Principes<\/strong><\/p>\n\n\n\n<p>L\u00e9galit\u00e9, loyaut\u00e9, transparence, minimisation des donn\u00e9es, exactitude, limitation de la dur\u00e9e de conservation, int\u00e9grit\u00e9, confidentialit\u00e9 et responsabilit\u00e9 active.<\/p>\n\n\n\n<p><strong>Cat\u00e9gorie sp\u00e9ciale de donn\u00e9es<\/strong><\/p>\n\n\n\n<p>Le traitement des donn\u00e9es personnelles r\u00e9v\u00e9lant l\u2019origine ethnique ou raciale, les opinions politiques, les convictions religieuses ou philosophiques, l\u2019appartenance syndicale, le traitement des donn\u00e9es g\u00e9n\u00e9tiques ou biom\u00e9triques, des donn\u00e9es relatives \u00e0 la sant\u00e9 ou des donn\u00e9es li\u00e9es \u00e0 l\u2019orientation sexuelle, est interdit. Sauf dans les exceptions l\u00e9galement autoris\u00e9es et avec l\u2019accord pr\u00e9alable de l\u2019int\u00e9ress\u00e9.<\/p>\n\n\n\n<p><strong>Droits des int\u00e9ress\u00e9s<\/strong><\/p>\n\n\n\n<p>Les int\u00e9ress\u00e9s b\u00e9n\u00e9ficieront du droit d\u2019acc\u00e8s \u00e0 leurs donn\u00e9es personnelles, ainsi que de les rectifier lorsqu\u2019elles sont inexactes, de les supprimer lorsqu\u2019elles ne sont plus n\u00e9cessaires ou que leur traitement n\u2019est pas souhait\u00e9, de les limiter \u00e0 certains traitements, d\u2019avoir la possibilit\u00e9 de les recevoir&nbsp; facilement et dans des formats structur\u00e9s et d\u2019usage commun du responsable, ainsi que l\u2019utilisation de leurs donn\u00e9es pour l\u2019\u00e9laboration de profils et pour s\u2019y opposer \u00e0 tout moment.<\/p>\n\n\n\n<p><strong>Enregistrement des activit\u00e9s, \u00e9valuation des incidences et mesures de s\u00e9curit\u00e9<\/strong><\/p>\n\n\n\n<p>Notre soci\u00e9t\u00e9 effectuera un enregistrement des activit\u00e9s de traitement et analysera les finalit\u00e9s du traitement, cat\u00e9gories des int\u00e9ress\u00e9s et de donn\u00e9es, destinataires, virements internationaux d\u00e9lais de conservation, etc., pour \u00e9valuer les risques du traitement et mettre en place les mesures de s\u00e9curit\u00e9 n\u00e9cessaires pour sauvegarder les donn\u00e9es \u00e0 caract\u00e8re personnel conform\u00e9ment aux principes de confidentialit\u00e9 et de secret. Nous avons \u00e9galement examin\u00e9 la n\u00e9cessit\u00e9 de d\u00e9signer un d\u00e9l\u00e9gu\u00e9 \u00e0 la protection des donn\u00e9es, en pr\u00e9cisant, le cas \u00e9ch\u00e9ant, que la personne nomm\u00e9e \u00e0 ce poste devra faire preuve des connaissances et de l\u2019exp\u00e9rience suffisantes, conform\u00e9ment aux dispositions l\u00e9gales en vigueur<\/p>\n\n\n\n<p><strong>Contr\u00f4le<\/strong><\/p>\n\n\n\n<p>Nous avons fait appel aux services d\u2019un consultant externe pour effectuer un audit r\u00e9gulier afin d\u2019\u00e9valuer le respect de cet engagement et de toutes les obligations l\u00e9gales en la mati\u00e8re.<\/p>\n","protected":false},"excerpt":{"rendered":"<p>Cette politique de confidentialit\u00e9 vise \u00e0 faire conna\u00eetre la fa\u00e7on dont nous recueillons, traitons et prot\u00e9geons les donn\u00e9es personnelles fournies par notre site Web ou blog (ci-apr\u00e8s site Web) et \u00e0 d\u00e9cider librement si vous voulez que nous les traitions. Identit\u00e9 \u2013 soci\u00e9t\u00e9 EXCLUSIVAS Y DISTRIBUCIONES KUATRO, S.L.U CIF\/NIF B54439534 Adresse postale C\/ Maestro Lope, [&#8230;]\n","protected":false},"author":27357,"featured_media":0,"parent":0,"menu_order":0,"comment_status":"closed","ping_status":"open","template":"","meta":{"_joinchat":[],"footnotes":""},"class_list":["post-309892","page","type-page","status-publish","hentry"],"_links":{"self":[{"href":"https:\/\/www.pomoline.com\/fr\/wp-json\/wp\/v2\/pages\/309892","targetHints":{"allow":["GET"]}}],"collection":[{"href":"https:\/\/www.pomoline.com\/fr\/wp-json\/wp\/v2\/pages"}],"about":[{"href":"https:\/\/www.pomoline.com\/fr\/wp-json\/wp\/v2\/types\/page"}],"author":[{"embeddable":true,"href":"https:\/\/www.pomoline.com\/fr\/wp-json\/wp\/v2\/users\/27357"}],"replies":[{"embeddable":true,"href":"https:\/\/www.pomoline.com\/fr\/wp-json\/wp\/v2\/comments?post=309892"}],"version-history":[{"count":0,"href":"https:\/\/www.pomoline.com\/fr\/wp-json\/wp\/v2\/pages\/309892\/revisions"}],"wp:attachment":[{"href":"https:\/\/www.pomoline.com\/fr\/wp-json\/wp\/v2\/media?parent=309892"}],"curies":[{"name":"wp","href":"https:\/\/api.w.org\/{rel}","templated":true}]}}