{"id":310249,"date":"2024-02-07T14:39:45","date_gmt":"2024-02-07T13:39:45","guid":{"rendered":"https:\/\/www.pomoline.com\/web-pruebas\/politica-cookies\/"},"modified":"2024-06-24T19:40:20","modified_gmt":"2024-06-24T17:40:20","slug":"politica-cookies","status":"publish","type":"page","link":"https:\/\/www.pomoline.com\/fr\/politica-cookies\/","title":{"rendered":"Politique de Cookies"},"content":{"rendered":"\n<p>Conform\u00e9ment \u00e0 la Loi 34\/2002, du 11&nbsp;juillet, sur les Services de la Soci\u00e9t\u00e9 de l\u2019Information et du Commerce \u00c9lectronique (LSSICE), nous vous informons que notre site utilise nos propres cookies et ceux de tiers.<\/p>\n\n\n\n<p>En tant qu\u2019utilisateur de notre site Web, nous vous informons que nous utilisons des cookies et\/ou des technologies similaires (ci-apr\u00e8s les cookies) qui stockent et r\u00e9cup\u00e8rent des informations lorsque vous naviguez. En g\u00e9n\u00e9ral, ces technologies peuvent servir \u00e0 des fins tr\u00e8s diverses, comme, par exemple, vous reconna\u00eetre en tant qu\u2019utilisateur, obtenir des informations sur vos habitudes de navigation, vous envoyer de la publicit\u00e9 ou personnaliser la fa\u00e7on dont le contenu est affich\u00e9.<\/p>\n\n\n\n<p>Ci-dessous nous d\u00e9taillons les diff\u00e9rents types de cookies existants:<\/p>\n\n\n\n<ol class=\"wp-block-list\">\n<li><strong>Type de cookies en fonction de leur finalit\u00e9<\/strong><\/li>\n<\/ol>\n\n\n\n<p>Cookies Techniques:<\/p>\n\n\n\n<p>Ils permettent \u00e0 l\u2019utilisateur de contr\u00f4ler le trafic de donn\u00e9es, d\u2019identifier la session, de faire des achats, de faire des requ\u00eates, d\u2019utiliser des \u00e9l\u00e9ments de s\u00e9curit\u00e9 lors de la navigation, de stocker du contenu pour visionner des vid\u00e9os ou des sons, ou de partager des contenus via les r\u00e9seaux sociaux.<\/p>\n\n\n\n<p>Cookies d\u2019Analyse\/Mesure:<\/p>\n\n\n\n<p>Ils permettent \u00e0 leur responsable de r\u00e9aliser des analyses du comportement des utilisateurs du site Web et sont utilis\u00e9s pour mesurer l\u2019activit\u00e9 du site Web et pour \u00e9laborer des profils de navigation des utilisateurs, afin d\u2019offrir des am\u00e9liorations d\u2019utilisation pour les utilisateurs.<\/p>\n\n\n\n<p>Cookies Sociaux:<\/p>\n\n\n\n<p>Ils sont n\u00e9cessaires pour les r\u00e9seaux sociaux externes (Facebook, Twitter, Pinterest, Instagram, etc.). Leur &nbsp;fonction est de contr\u00f4ler l\u2019interaction avec les widgets sociaux sur le site Web.<\/p>\n\n\n\n<p>Cookies de G\u00e9olocalisation:<\/p>\n\n\n\n<p>Ils permettent de conna\u00eetre l\u2019endroit o\u00f9 se trouve l\u2019utilisateur et de lui offrir l\u2019information appropri\u00e9e selon la ville ou le pays qui l\u2019int\u00e9resse le plus. Ce cookie est anonyme.<\/p>\n\n\n\n<p>Cookies de Personnalisation:<\/p>\n\n\n\n<p>Ils permettent de reconna\u00eetre l\u2019utilisateur et de lui offrir une information personnalis\u00e9e, telle que la langue, le type de navigateur, etc.<\/p>\n\n\n\n<p>Cookies Publicitaires:<\/p>\n\n\n\n<p>Ils permettent de g\u00e9rer la publicit\u00e9 pr\u00e9sente sur le site web, en l\u2019adaptant au service ou aux produits demand\u00e9s.<\/p>\n\n\n\n<p>Cookies de publicit\u00e9 comportementale&nbsp;:<\/p>\n\n\n\n<p>Ils permettent de g\u00e9rer la publicit\u00e9 pr\u00e9sente sur le site, en stockant les comportements de l\u2019utilisateur \u00e0 la suite de l\u2019observation continue de ses habitudes de navigation, ce qui permet de d\u00e9velopper&nbsp; la publicit\u00e9 avec un profil sp\u00e9cifique.<\/p>\n\n\n\n<ol class=\"wp-block-list\" start=\"2\">\n<li><strong>Types de cookies selon leur dur\u00e9e<\/strong><\/li>\n<\/ol>\n\n\n\n<p>De session:<\/p>\n\n\n\n<p>Il s\u2019agit de cookies con\u00e7us pour recueillir et stocker des donn\u00e9es pendant que l\u2019utilisateur visite un site Web. \u00c0 la fin de la session, ils ne sont pas stock\u00e9s dans l\u2019appareil informatique de l\u2019utilisateur.<\/p>\n\n\n\n<p>Persistants:<\/p>\n\n\n\n<p>Ce sont des cookies qui restent install\u00e9s sur le terminal informatique de l\u2019utilisateur et les informations fournies peuvent \u00eatre trait\u00e9es lorsque l\u2019utilisateur quitte le site et lorsqu\u2019il se reconnecte. Ces cookies peuvent \u00eatre supprim\u00e9s \u00e0 tout moment par l\u2019utilisateur.<\/p>\n\n\n\n<ol class=\"wp-block-list\" start=\"3\">\n<li><strong>Types de cookies selon la soci\u00e9t\u00e9 qui les g\u00e8re<\/strong><\/li>\n<\/ol>\n\n\n\n<p>Propres cookies:<\/p>\n\n\n\n<p>Il s\u2019agit de cookies qui sont envoy\u00e9s \u00e0 l\u2019appareil informatique de l\u2019utilisateur depuis le syst\u00e8me informatique appartenant au titulaire du site, d\u2019o\u00f9 la demande a \u00e9t\u00e9 faite, le service fourni ou un achat effectu\u00e9.<\/p>\n\n\n\n<p>Cookies tiers:<\/p>\n\n\n\n<p>Il s\u2019agit de cookies qui sont envoy\u00e9s \u00e0 l\u2019appareil informatique de l\u2019utilisateur \u00e0 partir d\u2019un domaine ou d\u2019un syst\u00e8me informatique qui n\u2019est pas la propri\u00e9t\u00e9 du titulaire du site Web, mais par une autre entit\u00e9 tierce autoris\u00e9e ou contract\u00e9e par le titulaire du site Web, d\u2019o\u00f9 la demande a \u00e9t\u00e9 faite, le service fourni ou l\u2019achat&nbsp; effectu\u00e9.<\/p>\n\n\n\n<p>Vous devez savoir que si vous acceptez les cookies de tiers, vous devrez les supprimer \u00e0 partir des options du navigateur ou du syst\u00e8me offert par le tiers lui-m\u00eame. Ci-dessous nous d\u00e9taillons les sites que vous pourrez visiter pour mieux connaitre les cookies tiers (d\u00e9sactivation, \u00e9ventuels transferts de donn\u00e9es vers des pays tiers, etc.&nbsp;:<\/p>\n\n\n\n<p><a href=\"https:\/\/support.google.com\/chrome\/answer\/95647?hl=es\" target=\"_blank\" rel=\"noopener\">Google Chrome<\/a><\/p>\n\n\n\n<p><a href=\"https:\/\/support.mozilla.org\/es\/kb\/habilitar-y-deshabilitar-cookies-sitios-web-rastrear-preferencias?redirectlocale=es&amp;redirectslug=habilitar-y-deshabilitar-cookies-que-los-sitios-we\" target=\"_blank\" rel=\"noopener\">Mozilla Firefox<\/a><\/p>\n\n\n\n<p><a href=\"https:\/\/privacy.microsoft.com\/es-es\/windows-10-microsoft-edge-and-privacy\" target=\"_blank\" rel=\"noopener\">Microsoft Edge<\/a><\/p>\n\n\n\n<p><a href=\"https:\/\/support.google.com\/chrome\/answer\/95647?co=GENIE.Platform%3DAndroid&amp;hl=es-419\" target=\"_blank\" rel=\"noopener\">Chrome pour Android<\/a><\/p>\n\n\n\n<p><a href=\"https:\/\/support.apple.com\/es-es\/guide\/safari\/manage-cookies-and-website-data-sfri11471\/mac\" target=\"_blank\" rel=\"noopener\">Safari (Apple)<\/a><\/p>\n\n\n\n<p><a href=\"https:\/\/www.habilitarlascookies.com\/como-habilitar-las-cookies-en-opera.html\" target=\"_blank\" rel=\"noopener\">Opera<\/a><\/p>\n\n\n\n<p><a href=\"http:\/\/support.mozilla.org\/es\/kb\/habilitar-y-deshabilitar-cookies-que-los-sitios-we\" target=\"_blank\" rel=\"noopener\">Firefox<\/a><\/p>\n\n\n\n<p>Ainsi que&nbsp;<a href=\"http:\/\/www.google.es\/intl\/es\/policies\/technologies\/cookies\/\" target=\"_blank\" rel=\"noopener\">Google AdWords<\/a><\/p>\n\n\n\n<p>Si vous utilisez d\u2019autres navigateurs, nous vous recommandons de consulter leur politique d\u2019utilisation et de gestion des cookies. L\u2019outil&nbsp;<a href=\"http:\/\/www.youronlinechoices.com\/\" target=\"_blank\" rel=\"noopener\">http:\/\/www.youronlinechoices.com\/<\/a>&nbsp;peut \u00eatre tr\u00e8s utile pour g\u00e9rer chacun des cookies.<\/p>\n\n\n\n<p>Nous vous informons que si vous d\u00e9sactivez l\u2019un des cookies, l\u2019outil de contr\u00f4le cessera de fonctionner efficacement et cela peut avoir un effet n\u00e9gatif sur votre exp\u00e9rience de navigation globale.<\/p>\n\n\n\n<ol class=\"wp-block-list\" start=\"4\">\n<li><strong>Types de cookies exclus du consentement<\/strong><\/li>\n<\/ol>\n\n\n\n<ul class=\"wp-block-list\">\n<li>Cookies de \u00absaisie utilisateur\u00bb<\/li>\n\n\n\n<li>Cookies d\u2019authentification ou d\u2019identification d\u2019utilisateur (session uniquement).<\/li>\n\n\n\n<li>Cookies de s\u00e9curit\u00e9 de l\u2019utilisateur<\/li>\n\n\n\n<li>Cookies de session du lecteur multim\u00e9dia.<\/li>\n\n\n\n<li>Cookies de session pour \u00e9quilibrer la charge.<\/li>\n\n\n\n<li>Cookies de personnalisation de l\u2019interface utilisateur.<\/li>\n\n\n\n<li>Certains cookies compl\u00e9mentaires (plug-in) pour \u00e9changer du contenu social<\/li>\n<\/ul>\n\n\n\n<ol class=\"wp-block-list\" start=\"5\">\n<li><strong>Types de cookies utilis\u00e9s dans ce site web<\/strong><\/li>\n<\/ol>\n\n\n\n<figure class=\"wp-block-table\"><table><tbody><tr><td><strong>Cookie<\/strong><\/td><td><strong>Propri\u00e9taire<\/strong><\/td><td><strong>Dur\u00e9e<\/strong><\/td><td><strong>Finalit\u00e9<\/strong><\/td><\/tr><tr><td>_fbp<\/td><td>Facebook<\/td><td>3 mois<\/td><td>Stockez et surveillez les visites sur le Web.<\/td><\/tr><tr><td>_gat<\/td><td>Google Analytics<\/td><td>1 minute<\/td><td>Filtrer les demandes de bot.<\/td><\/tr><tr><td>_ga<\/td><td>Google Analytics<\/td><td>2 ann\u00e9es<\/td><td>Compter et suivre les pages vues.<\/td><\/tr><tr><td>_gcl_au<\/td><td>Google Tag Manager<\/td><td>Persistant<\/td><td>Enregistrer et suivre les conversions<\/td><\/tr><tr><td>_gid<\/td><td>Google Analytics<\/td><td>1 jour<\/td><td>Compter et suivre les pages vues.<\/td><\/tr><tr><td>_ym_d<\/td><td>Yandex Metrica<\/td><td>1 ann\u00e9e<\/td><td>Contient la date de la premi\u00e8re visite du visiteur sur le site Web.<\/td><\/tr><tr><td>_ym_isad<\/td><td>Yandex Metrica<\/td><td>1 jour<\/td><td>Ce cookie est utilis\u00e9 pour d\u00e9terminer si le visiteur dispose d\u2019un logiciel de blocage des publicit\u00e9s dans son navigateur; Ces informations peuvent \u00eatre utilis\u00e9es pour rendre le contenu du site Web inaccessible aux visiteurs si le site Web est financ\u00e9 par la publicit\u00e9 de tiers.<\/td><\/tr><tr><td>_ym_uid<\/td><td>Yandex Metrica<\/td><td>Persistant<\/td><td>Ce cookie permet aux utilisateurs de se diff\u00e9rencier.<\/td><\/tr><tr><td>_ym_visorc_*<\/td><td>Yandex Metrica<\/td><td>1 jour<\/td><td>Ce cookie permet \u00e0 la session de fonctionner correctement.<\/td><\/tr><\/tbody><\/table><\/figure>\n\n\n\n<p>Nous vous recommandons de revoir notre politique de cookies chaque fois que vous acc\u00e9dez \u00e0 notre site Web pour vous informer de toute modification concernant l\u2019utilisation de nos cookies.<\/p>\n\n\n\n<p>Nous vous informons que si vous d\u00e9sactivez l\u2019un des cookies, l\u2019outil de contr\u00f4le cessera de fonctionner efficacement et cela peut avoir un effet n\u00e9gatif sur votre exp\u00e9rience de navigation en g\u00e9n\u00e9ral.<\/p>\n\n\n\n<ol class=\"wp-block-list\" start=\"6\">\n<li><strong>\u00c9tablissement de profil<\/strong><\/li>\n<\/ol>\n\n\n\n<p>Dans le cadre du devoir d\u2019information de l\u2019article 13.2 f) du RGPD, nous vous informons que dans le cas d\u2019\u00c9tablissement de profil &nbsp;de votre personne, nous vous demanderons votre consentement pr\u00e9alable. Cependant, vous devez savoir que vous pouvez vous opposer \u00e0 \u00eatre l\u2019objet d\u2019une d\u00e9cision automatis\u00e9e de vos donn\u00e9es, o\u00f9 des aspects personnels sont \u00e9valu\u00e9s, comme peuvent \u00eatre analys\u00e9s ou pr\u00e9vus des&nbsp; aspects li\u00e9s \u00e0 votre performance au travail, situation \u00e9conomique, sant\u00e9, pr\u00e9f\u00e9rences ou int\u00e9r\u00eats personnels, fiabilit\u00e9 ou &nbsp;comportement, de telle sorte qu\u2019il en r\u00e9sulte des effets juridiques sur votre personne ou que vous en soyez affect\u00e9 d\u2019une mani\u00e8re similaire.<\/p>\n\n\n\n<p>Notre soci\u00e9t\u00e9 prendra les mesures de s\u00e9curit\u00e9 appropri\u00e9es pour prot\u00e9ger vos droits et libert\u00e9s ainsi que vos int\u00e9r\u00eats l\u00e9gitimes, tel que le droit d\u2019obtenir une intervention humaine de notre part pour exprimer votre point de vue et contester la d\u00e9cision.<\/p>\n\n\n\n<ol class=\"wp-block-list\" start=\"7\">\n<li><strong>Transfert de donn\u00e9es<\/strong><\/li>\n<\/ol>\n\n\n\n<p>Vos donn\u00e9es personnelles ne seront pas transf\u00e9r\u00e9es \u00e0 d\u2019autres pays ou \u00e0 des tiers. En cas de cessions \u00e0 d\u2019autres soci\u00e9t\u00e9s ou \u00e0 d\u2019autres pays, nous vous en informerons et demanderons votre accord pr\u00e9alable.<\/p>\n\n\n\n<ol class=\"wp-block-list\" start=\"8\">\n<li><strong>Vos Droits<\/strong><\/li>\n<\/ol>\n\n\n\n<p>Vous avez le droit de savoir si vos donn\u00e9es personnelles sont trait\u00e9es par notre soci\u00e9t\u00e9; vous avez donc le droit d\u2019acc\u00e9der \u00e0 vos donn\u00e9es, de les rectifier si elles sont inexactes ou de demander leur suppression lorsqu\u2019elles ne sont plus n\u00e9cessaires.<\/p>\n\n\n\n<p>Vous pouvez \u00e9galement exercer votre droit de limitation ou de portabilit\u00e9 si vous le jugez opportun et pour cela, vous pouvez le faire par \u00e9crit et par courriel \u00e0&nbsp;<a href=\"mailto:info@businessadapter.es\">info@businessadapter.es<\/a>&nbsp;en joignant une copie de votre carte d\u2019identit\u00e9 pour vous identifier<\/p>\n\n\n\n<p>Si vous souhaitez transmettre des suggestions ou des questions sur le traitement de vos donn\u00e9es, vous pouvez contacter notre d\u00e9l\u00e9gu\u00e9\/consultant en mati\u00e8re de protection des donn\u00e9es:<\/p>\n\n\n\n<p>BUSINESS ADAPTER, S.L.<\/p>\n\n\n\n<p>Ronda Guglielmo Marconi, 11, 26, (Parque Tecnol\u00f3gico) 46980 Paterna (Valencia).<\/p>\n\n\n\n<p>Tel. 96 131 88 04<\/p>\n\n\n\n<p>E-mail:&nbsp;<a href=\"mailto:info@businessadapter.es\">info@businessadapter.es<\/a><\/p>\n\n\n\n<p>Web:&nbsp;<a href=\"https:\/\/www.businessadapter.es\/\" target=\"_blank\" rel=\"noopener\">https:\/\/www.businessadapter.es\/<\/a><\/p>\n\n\n\n<p>Si vous souhaitez exercer vos droits et que vous avez moins de 14 ans, vous pourrez les exercer par l\u2019interm\u00e9diaire de vos parents, tuteurs ou repr\u00e9sentants l\u00e9gaux.<\/p>\n\n\n\n<p>Si vous souhaitez faire une r\u00e9clamation parce que vous pensez que vos droits ont \u00e9t\u00e9 viol\u00e9s, vous pouvez le faire aupr\u00e8s de: la Agencia Espa\u00f1ola de Protecci\u00f3n de Datos, C\/ Jorge Juan, 6, 28001 Madrid o en www.aepd.es.<\/p>\n\n\n\n<ol class=\"wp-block-list\" start=\"9\">\n<li><strong>P\u00e9riode de conservation<\/strong><\/li>\n<\/ol>\n\n\n\n<p>La p\u00e9riode de conservation des donn\u00e9es sera la plus courte possible, en fonction de la finalit\u00e9 pour laquelle les donn\u00e9es ont \u00e9t\u00e9 collect\u00e9es, en tenant compte du principe de minimisation des donn\u00e9es.<\/p>\n\n\n\n<p>Actualis\u00e9e&nbsp; le 26 de novembre de 2020.<\/p>\n","protected":false},"excerpt":{"rendered":"<p>Conform\u00e9ment \u00e0 la Loi 34\/2002, du 11&nbsp;juillet, sur les Services de la Soci\u00e9t\u00e9 de l\u2019Information et du Commerce \u00c9lectronique (LSSICE), nous vous informons que notre site utilise nos propres cookies et ceux de tiers. En tant qu\u2019utilisateur de notre site Web, nous vous informons que nous utilisons des cookies et\/ou des technologies similaires (ci-apr\u00e8s les [&#8230;]\n","protected":false},"author":27357,"featured_media":0,"parent":0,"menu_order":0,"comment_status":"closed","ping_status":"closed","template":"","meta":{"_joinchat":[],"footnotes":""},"class_list":["post-310249","page","type-page","status-publish","hentry"],"_links":{"self":[{"href":"https:\/\/www.pomoline.com\/fr\/wp-json\/wp\/v2\/pages\/310249","targetHints":{"allow":["GET"]}}],"collection":[{"href":"https:\/\/www.pomoline.com\/fr\/wp-json\/wp\/v2\/pages"}],"about":[{"href":"https:\/\/www.pomoline.com\/fr\/wp-json\/wp\/v2\/types\/page"}],"author":[{"embeddable":true,"href":"https:\/\/www.pomoline.com\/fr\/wp-json\/wp\/v2\/users\/27357"}],"replies":[{"embeddable":true,"href":"https:\/\/www.pomoline.com\/fr\/wp-json\/wp\/v2\/comments?post=310249"}],"version-history":[{"count":0,"href":"https:\/\/www.pomoline.com\/fr\/wp-json\/wp\/v2\/pages\/310249\/revisions"}],"wp:attachment":[{"href":"https:\/\/www.pomoline.com\/fr\/wp-json\/wp\/v2\/media?parent=310249"}],"curies":[{"name":"wp","href":"https:\/\/api.w.org\/{rel}","templated":true}]}}