{"id":310584,"date":"2024-02-07T14:34:16","date_gmt":"2024-02-07T13:34:16","guid":{"rendered":"https:\/\/www.pomoline.com\/web-pruebas\/politica-redes-sociales\/"},"modified":"2024-06-24T19:49:47","modified_gmt":"2024-06-24T17:49:47","slug":"politica-cookies-2","status":"publish","type":"page","link":"https:\/\/www.pomoline.com\/fr\/politica-cookies-2\/","title":{"rendered":"Politique sur les m\u00e9dias sociaux"},"content":{"rendered":"\n<h2 class=\"wp-block-heading\"><strong>1. <strong>Identification du contr\u00f4leur des donn\u00e9eso<\/strong><\/strong><\/h2>\n\n\n\n<figure class=\"wp-block-table\"><table><tbody><tr><td>Identit\u00e9 \u2013 Entit\u00e9<\/td><td>EXCLUSIVAS Y DISTRIBUCIONES KUATRO, S.L.U<\/td><\/tr><tr><td>CIF\/NIF<\/td><td>B54439534<\/td><\/tr><tr><td>Adresse postale<\/td><td>C\/ Maestro Lope, 44, CP 46100, Burjassot (Valencia)<\/td><\/tr><tr><td>T\u00e9l\u00e9phone<\/td><td>961917046<\/td><\/tr><tr><td>Adresse \u00e9lectronique<\/td><td>info@pomoline.com<\/td><\/tr><tr><td>Objet de la soci\u00e9t\u00e9<\/td><td>Vente en ligne d\u2019accessoires pour meubles<\/td><\/tr><tr><td>Site web<\/td><td><a href=\"https:\/\/www.pomoline.com\/\">https:\/\/www.pomoline.com\/<\/a><\/td><\/tr><tr><td>Donn\u00e9es d\u2019enregistrement<\/td><td>Registro Mercantil de ALICANTE Tomo 10030, Libro 7312, Folio 16, Secci\u00f3n 8, Hoja V167612<\/td><\/tr><\/tbody><\/table><\/figure>\n\n\n\n<p>Conform\u00e9ment aux articles 13 \u00e0 24.2 du r\u00e8glement europ\u00e9en sur la protection des donn\u00e9es 2016\/679 (RGPD) et \u00e0 la loi 34\/2002 sur les services de la soci\u00e9t\u00e9 de l\u2019information et le commerce \u00e9lectronique (LSSI-CE), le contr\u00f4leur de donn\u00e9es informe les utilisateurs qu\u2019il a proc\u00e9d\u00e9 \u00e0 la cr\u00e9ation d\u2019un profil sur les r\u00e9seaux sociaux (RRSS) suivants :<\/p>\n\n\n\n<ul class=\"wp-block-list\">\n<li><a href=\"https:\/\/www.facebook.com\/sharer\/sharer.php?u=https%3A%2F%2Fpomoline.com%2F\" target=\"_blank\" rel=\"noopener\">Facebook<\/a><\/li>\n\n\n\n<li><a href=\"https:\/\/twitter.com\/intent\/tweet?url=https%3A%2F%2Fpomoline.com%2F\" target=\"_blank\" rel=\"noopener\">Twitter<\/a><\/li>\n<\/ul>\n\n\n\n<p>dans le but principal de faire de la publicit\u00e9 pour nos services et de contacter des clients ou des clients potentiels.<\/p>\n\n\n\n<p>Si, en tant qu\u2019Utilisateur, vous avez un profil sur le m\u00eame R\u00e9seau Social que notre entit\u00e9, vous pouvez librement rejoindre la page cr\u00e9\u00e9e par nous, manifestant ainsi votre int\u00e9r\u00eat pour les informations que nous publions sur ledit R\u00e9seau.<\/p>\n\n\n\n<p>En vous inscrivant, vous nous offrez la visibilit\u00e9 de certaines donn\u00e9es personnelles fournies publiquement par vous dans votre profil.<\/p>\n\n\n\n<p>Dans le seul cas o\u00f9 vous rejoignez notre page sur les r\u00e9seaux sociaux \u00e9num\u00e9r\u00e9s ci-dessus, les donn\u00e9es de votre profil seront trait\u00e9es par nous uniquement au sein du r\u00e9seau social lui-m\u00eame et ne seront pas trait\u00e9es par nous en dehors du r\u00e9seau social sans votre consentement pr\u00e9alable.<\/p>\n\n\n\n<p>En tant qu\u2019utilisateur, vous pouvez acc\u00e9der \u00e0 tout moment aux politiques de confidentialit\u00e9 du r\u00e9seau social lui-m\u00eame, ainsi que configurer votre profil pour garantir la confidentialit\u00e9 des donn\u00e9es que vous ne souhaitez pas rendre publiques.<\/p>\n\n\n\n<h2 class=\"wp-block-heading\"><strong>2. Publications<\/strong><\/h2>\n\n\n\n<p>Une fois que vous avez rejoint notre page et si vous le jugez opportun, vous pouvez publier des commentaires, des liens, des images, des photographies ou tout autre type de contenu multim\u00e9dia pris en charge par le R\u00e9seau Social, en vous rappelant que dans tous les cas, vous devez \u00eatre le propri\u00e9taire de ceux-ci, jouir des droits d\u2019auteur et de propri\u00e9t\u00e9 intellectuelle ou avoir le consentement des tiers concern\u00e9s.<\/p>\n\n\n\n<p>Toute publication sur la page, qu\u2019il s\u2019agisse de textes, de graphiques, de photographies, de vid\u00e9os, etc. relatifs aux mineurs, ceux qui portent atteinte ou sont susceptibles de porter atteinte \u00e0 l\u2019honneur, \u00e0 la morale, \u00e0 l\u2019\u00e9thique, au bon go\u00fbt, \u00e0 la biens\u00e9ance et\/ou qui portent atteinte, violent ou transgressent les droits de propri\u00e9t\u00e9 intellectuelle ou industrielle, le droit \u00e0 l\u2019image ou tout autre qui va \u00e0 l\u2019encontre de la loi est express\u00e9ment interdite. Dans ces cas, notre entit\u00e9 se r\u00e9serve le droit de supprimer imm\u00e9diatement le contenu, et peut demander le blocage permanent de l\u2019utilisateur.<\/p>\n\n\n\n<p>Notre entit\u00e9 ne sera pas tenue responsable des contenus publi\u00e9s librement par un utilisateur. L\u2019utilisateur doit garder \u00e0 l\u2019esprit que ses publications seront connues des autres utilisateurs, il sera donc seul responsable de ses publications et de sa vie priv\u00e9e.<\/p>\n\n\n\n<h2 class=\"wp-block-heading\"><strong>3. Publicit\u00e9<\/strong><\/h2>\n\n\n\n<p>Notre entit\u00e9 peut utiliser le R\u00e9seau Social pour faire de la publicit\u00e9, en tout cas, en respectant les exigences de la<\/p>\n\n\n\n<p>Notre entit\u00e9 se r\u00e9serve le droit de r\u00e9aliser des concours et des promotions, auxquels pourront participer les utilisateurs qui le souhaitent et qui sont li\u00e9s \u00e0 notre page. Les termes et conditions de chacun d\u2019entre eux, lorsque la plateforme du r\u00e9seau social est utilis\u00e9e \u00e0 cette fin, seront publi\u00e9s sur celle-ci, en respectant toujours la loi ou la r\u00e9glementation applicable.<\/p>\n\n\n\n<h2 class=\"wp-block-heading\"><strong>4. Concours et promotions<\/strong><\/h2>\n\n\n\n<p>Notre entit\u00e9 se r\u00e9serve le droit de r\u00e9aliser des concours et des promotions, auxquels pourront participer les utilisateurs qui le souhaitent et qui sont li\u00e9s \u00e0 notre page. Les termes et conditions de chacun d\u2019entre eux, lorsque la plateforme du r\u00e9seau social est utilis\u00e9e \u00e0 cette fin, seront publi\u00e9s sur celle-ci, en respectant toujours la loi ou la r\u00e9glementation applicable.<\/p>\n\n\n\n<p>Le R\u00e9seau Social ne sponsorise, n\u2019approuve ni n\u2019administre nos promotions de quelque mani\u00e8re que ce soit, et n\u2019est associ\u00e9 \u00e0 aucune d\u2019entre elles.<\/p>\n\n\n\n<h2 class=\"wp-block-heading\"><strong>5. Donn\u00e9es personnelles<\/strong><\/h2>\n\n\n\n<p>Notre entit\u00e9, en tant que contr\u00f4leur de donn\u00e9es, effectuera les actions suivantes :<\/p>\n\n\n\n<ul class=\"wp-block-list\">\n<li>Acc\u00e8s aux informations publiques du profil de l\u2019utilisateur.<\/li>\n\n\n\n<li>Pour traiter les demandes des utilisateurs.<\/li>\n\n\n\n<li>Envoi de messages individuels \u00e0 l\u2019utilisateur via les canaux des r\u00e9seaux sociaux.<\/li>\n\n\n\n<li>Publication dans le profil de l\u2019utilisateur d\u2019informations relatives \u00e0 notre entit\u00e9.<\/li>\n\n\n\n<li>Mises \u00e0 jour du statut de la page \u00e0 afficher sur le profil de l\u2019utilisateur<\/li>\n<\/ul>\n\n\n\n<p>L\u2019utilisateur peut \u00e0 tout moment cesser de suivre notre entreprise sur les r\u00e9seaux sociaux, contr\u00f4ler ses connexions, supprimer les contenus qui ne l\u2019int\u00e9ressent plus et restreindre les personnes avec lesquelles il partage ses connexions, ce pour quoi il doit acc\u00e9der \u00e0 ses param\u00e8tres de confidentialit\u00e9.<\/p>\n\n\n\n<p>Vous trouverez ci-dessous les liens vers les politiques de confidentialit\u00e9 des diff\u00e9rents r\u00e9seaux sociaux :<\/p>\n\n\n\n<ul class=\"wp-block-list\">\n<li>Facebook:\u00a0\u00a0\u00a0\u00a0\u00a0\u00a0\u00a0\u00a0\u00a0\u00a0\u00a0\u00a0\u00a0\u00a0<a href=\"https:\/\/www.facebook.com\/help\/323540651073243\/\" target=\"_blank\" rel=\"noopener\">https:\/\/www.facebook.com\/help\/323540651073243\/<\/a><\/li>\n\n\n\n<li>Twitter: \u00a0\u00a0\u00a0\u00a0\u00a0\u00a0\u00a0\u00a0\u00a0\u00a0\u00a0\u00a0\u00a0\u00a0\u00a0\u00a0\u00a0\u00a0<a href=\"https:\/\/twitter.com\/privacy\" target=\"_blank\" rel=\"noopener\">https:\/\/twitter.com\/privacy<\/a><\/li>\n\n\n\n<li>Instagram: \u00a0\u00a0\u00a0\u00a0\u00a0\u00a0\u00a0\u00a0\u00a0\u00a0\u00a0\u00a0<a href=\"https:\/\/es-la.facebook.com\/help\/instagram\/155833707900388\/%20\" target=\"_blank\" rel=\"noopener\">https:\/\/es-la.facebook.com\/help\/instagram\/155833707900388\/<\/a><\/li>\n\n\n\n<li>YouTube: \u00a0\u00a0\u00a0\u00a0\u00a0\u00a0\u00a0\u00a0\u00a0\u00a0\u00a0\u00a0\u00a0\u00a0\u00a0<a href=\"https:\/\/www.youtube.com\/intl\/es\/about\/policies\/#community-guidelines\" target=\"_blank\" rel=\"noopener\">https:\/\/www.youtube.com\/intl\/es\/about\/policies\/#community-guidelines<\/a><\/li>\n\n\n\n<li>LinkedIn: \u00a0\u00a0\u00a0\u00a0\u00a0\u00a0\u00a0\u00a0\u00a0\u00a0\u00a0\u00a0\u00a0\u00a0\u00a0\u00a0<a href=\"https:\/\/www.linkedin.com\/legal\/privacy-policy?_l=es_ES\" target=\"_blank\" rel=\"noopener\">https:\/\/www.linkedin.com\/legal\/privacy-policy?_l=es_ES<\/a><\/li>\n\n\n\n<li>Vimeo:\u00a0\u00a0\u00a0\u00a0\u00a0\u00a0\u00a0\u00a0\u00a0\u00a0\u00a0\u00a0\u00a0\u00a0\u00a0\u00a0\u00a0\u00a0\u00a0\u00a0\u00a0<a href=\"https:\/\/vimeo.com\/privacy\" target=\"_blank\" rel=\"noopener\">https:\/\/vimeo.com\/privacy<\/a><\/li>\n\n\n\n<li>Pinterest:\u00a0\u00a0\u00a0\u00a0\u00a0\u00a0\u00a0\u00a0\u00a0\u00a0\u00a0\u00a0\u00a0\u00a0\u00a0\u00a0<a href=\"https:\/\/policy.pinterest.com\/es\/privacy-policy\" target=\"_blank\" rel=\"noopener\">https:\/\/policy.pinterest.com\/es\/privacy-policy<\/a><\/li>\n<\/ul>\n\n\n\n<p>Vous pouvez \u00e0 tout moment vous adresser \u00e0 notre soci\u00e9t\u00e9 pour conna\u00eetre les donn\u00e9es personnelles que nous traitons \u00e0 votre sujet, y acc\u00e9der, les rectifier si elles sont inexactes, limiter leur utilisation, les supprimer, voire demander leur portabilit\u00e9 et exercer votre droit d\u2019opposition \u00e0 leur traitement, en \u00e9crivant \u00e0 info@businessadapter.es et en joignant \u00e0 votre demande une copie de votre carte d\u2019identit\u00e9 ou d\u2019un document prouvant votre identit\u00e9.<\/p>\n\n\n\n<p>Pour plus d\u2019informations sur le traitement des donn\u00e9es \u00e0 caract\u00e8re personnel, vous pouvez consulter nos&nbsp;<a href=\"https:\/\/www.pomoline.com\/fr\/politique-de-donnees-personnelles\/\">Politique de confidentialit\u00e9<\/a>.<\/p>\n\n\n\n<p>Mise \u00e0 jour le 2 novembre 2020<\/p>\n","protected":false},"excerpt":{"rendered":"<p>1. Identification du contr\u00f4leur des donn\u00e9eso Identit\u00e9 \u2013 Entit\u00e9 EXCLUSIVAS Y DISTRIBUCIONES KUATRO, S.L.U CIF\/NIF B54439534 Adresse postale C\/ Maestro Lope, 44, CP 46100, Burjassot (Valencia) T\u00e9l\u00e9phone 961917046 Adresse \u00e9lectronique info@pomoline.com Objet de la soci\u00e9t\u00e9 Vente en ligne d\u2019accessoires pour meubles Site web https:\/\/www.pomoline.com\/ Donn\u00e9es d\u2019enregistrement Registro Mercantil de ALICANTE Tomo 10030, Libro 7312, Folio [&#8230;]\n","protected":false},"author":27357,"featured_media":0,"parent":0,"menu_order":0,"comment_status":"closed","ping_status":"closed","template":"","meta":{"_joinchat":[],"footnotes":""},"class_list":["post-310584","page","type-page","status-publish","hentry"],"_links":{"self":[{"href":"https:\/\/www.pomoline.com\/fr\/wp-json\/wp\/v2\/pages\/310584","targetHints":{"allow":["GET"]}}],"collection":[{"href":"https:\/\/www.pomoline.com\/fr\/wp-json\/wp\/v2\/pages"}],"about":[{"href":"https:\/\/www.pomoline.com\/fr\/wp-json\/wp\/v2\/types\/page"}],"author":[{"embeddable":true,"href":"https:\/\/www.pomoline.com\/fr\/wp-json\/wp\/v2\/users\/27357"}],"replies":[{"embeddable":true,"href":"https:\/\/www.pomoline.com\/fr\/wp-json\/wp\/v2\/comments?post=310584"}],"version-history":[{"count":0,"href":"https:\/\/www.pomoline.com\/fr\/wp-json\/wp\/v2\/pages\/310584\/revisions"}],"wp:attachment":[{"href":"https:\/\/www.pomoline.com\/fr\/wp-json\/wp\/v2\/media?parent=310584"}],"curies":[{"name":"wp","href":"https:\/\/api.w.org\/{rel}","templated":true}]}}