{"id":311404,"date":"2024-02-07T14:33:38","date_gmt":"2024-02-07T13:33:38","guid":{"rendered":"https:\/\/www.pomoline.com\/web-pruebas\/condiciones-venta\/"},"modified":"2024-06-24T19:27:34","modified_gmt":"2024-06-24T17:27:34","slug":"condiciones-venta","status":"publish","type":"page","link":"https:\/\/www.pomoline.com\/fr\/condiciones-venta\/","title":{"rendered":"Conditions de vente"},"content":{"rendered":"\n<h2 class=\"wp-block-heading\">CONDITIONS DE VENTE<\/h2>\n\n\n\n<p>Les pr\u00e9sentes conditions g\u00e9n\u00e9rales de vente s\u2019appliquent \u00e0 tous les achats effectu\u00e9s sur le site www.pomoline.com appartenant \u00e0 la soci\u00e9t\u00e9 EXCLUSIVAS Y DISTRIBUCIONES KUATRO,S.L. con C.I.F B54439534<\/p>\n\n\n\n<h2 class=\"wp-block-heading\"><strong>1.- CONTRAT D\u2019ACHAT<\/strong><\/h2>\n\n\n\n<p>En passant une commande par le biais de ce site web, vous nous garantissez que vous avez plus de 18 ans et que vous avez la capacit\u00e9 juridique de conclure des contrats contraignants.<br>Ce contrat vous lie en tant qu\u2019utilisateur et nous en tant que soci\u00e9t\u00e9 et est tr\u00e8s important \u00e0 la fois pour vous et pour nous car ses termes sont con\u00e7us pour cr\u00e9er un accord juridiquement contraignant entre nous, prot\u00e9geant vos droits en tant que client et nos droits en tant que soci\u00e9t\u00e9. Vous d\u00e9clarez qu\u2019en passant votre commande, vous avez lu et accept\u00e9 sans r\u00e9serve les pr\u00e9sentes conditions g\u00e9n\u00e9rales et que vous souhaitez conclure un tel contrat.<br>Chaque fois que vous passerez une nouvelle commande, vous devrez accepter ce contrat et ses termes et conditions, car chaque contrat accept\u00e9 n\u2019est contraignant que pour une seule commande.<br>En utilisant ce site web ou en passant une commande par l\u2019interm\u00e9diaire de ce site web, vous acceptez d\u2019\u00eatre li\u00e9 par les pr\u00e9sentes conditions g\u00e9n\u00e9rales et notre politique de confidentialit\u00e9 et, si vous n\u2019acceptez pas l\u2019ensemble des conditions g\u00e9n\u00e9rales et de la politique de confidentialit\u00e9, vous ne devez pas passer de commande.<br>Ces informations et les d\u00e9tails contenus dans ce site web ne constituent pas une offre de vente, mais une invitation \u00e0 faire des affaires. Aucun contrat n\u2019existera entre vous et nous en ce qui concerne un quelconque produit tant que votre commande n\u2019aura pas \u00e9t\u00e9 express\u00e9ment accept\u00e9e par nous (m\u00eame si votre compte a d\u00e9j\u00e0 \u00e9t\u00e9 d\u00e9bit\u00e9). Si votre offre n\u2019est pas accept\u00e9e et que votre compte a d\u00e9j\u00e0 \u00e9t\u00e9 d\u00e9bit\u00e9, le montant du d\u00e9bit vous sera int\u00e9gralement rembours\u00e9.<\/p>\n\n\n\n<h2 class=\"wp-block-heading\"><strong>2.- DISPONIBILIT\u00c9 DU PRODUIT<\/strong><\/h2>\n\n\n\n<p>Toutes les commandes de produits sont soumises \u00e0 leur disponibilit\u00e9 et, \u00e0 cet \u00e9gard, si des difficult\u00e9s d\u2019approvisionnement surviennent, ou si des articles sont en rupture de stock, nous nous r\u00e9servons le droit de vous fournir des informations sur des produits de substitution de qualit\u00e9 et de valeur \u00e9gales ou sup\u00e9rieures que vous pouvez commander. Si vous ne souhaitez pas commander ces produits de substitution, nous vous rembourserons tout montant que vous aurez pay\u00e9.<\/p>\n\n\n\n<h2 class=\"wp-block-heading\"><strong>3.- EXP\u00c9DITIONS<\/strong><\/h2>\n\n\n\n<p>Sauf circonstances extraordinaires, nous nous efforcerons d\u2019exp\u00e9dier votre commande pour le(s) produit(s) figurant sur la Confirmation d\u2019exp\u00e9dition avant la date de livraison indiqu\u00e9e sur la Confirmation d\u2019exp\u00e9dition ou, si aucune date de livraison n\u2019est sp\u00e9cifi\u00e9e, dans un d\u00e9lai de 30 jours \u00e0 compter de la date de la Confirmation de commande.<br>Si, pour quelque raison que ce soit, nous ne sommes pas en mesure de respecter la date de livraison, nous vous en informerons et vous donnerons la possibilit\u00e9 soit de poursuivre l\u2019achat en fixant une nouvelle date de livraison, soit d\u2019annuler la commande avec un remboursement int\u00e9gral du prix pay\u00e9.<\/p>\n\n\n\n<h2 class=\"wp-block-heading\"><strong>4.- LA PROPRI\u00c9T\u00c9 DES PRODUITS<\/strong><\/h2>\n\n\n\n<p>Les risques des Produits sont \u00e0 votre charge \u00e0 partir du moment de la livraison.<br>Vous deviendrez propri\u00e9taire des produits lorsque nous recevrons le paiement int\u00e9gral de tous les montants dus au titre des produits, y compris les frais de livraison, ou au moment de la livraison si celle-ci a lieu \u00e0 une date ult\u00e9rieure.<\/p>\n\n\n\n<h2 class=\"wp-block-heading\"><strong>5.- TAXE SUR LA VALEUR AJOUT\u00c9E<\/strong><\/h2>\n\n\n\n<p>Conform\u00e9ment \u00e0 la l\u00e9gislation en vigueur, tous les achats effectu\u00e9s \u00e0 travers le site Web et destin\u00e9s au territoire espagnol seront soumis \u00e0 la taxe sur la valeur ajout\u00e9e (TVA), \u00e0 l\u2019exception de ceux destin\u00e9s aux \u00eeles Canaries, \u00e0 Ceuta et \u00e0 Melilla. Les commandes destin\u00e9es aux \u00eeles Canaries, \u00e0 Ceuta et \u00e0 Melilla seront exempt\u00e9es de TVA conform\u00e9ment aux dispositions de l\u2019article 146 de la directive susmentionn\u00e9e, sans pr\u00e9judice de l\u2019application des imp\u00f4ts et taxes correspondants conform\u00e9ment \u00e0 la r\u00e9glementation en vigueur dans chacune d\u2019elles.<br>Conform\u00e9ment au titre V, chapitre I, de la directive 2006\/112 du Conseil du 28 novembre 2006 relative au syst\u00e8me commun de TVA, les livraisons sont r\u00e9put\u00e9es se situer dans l\u2019\u00c9tat ou le pays indiqu\u00e9 sur l\u2019adresse de livraison des biens.<br>Si le lieu de destination est un \u00c9tat membre de la Communaut\u00e9 europ\u00e9enne autre que l\u2019Espagne et que l\u2019acheteur est un particulier, la taxe de TVA en vigueur sur le territoire espagnol sera appliqu\u00e9e \u00e0 la commande, mais dans le m\u00eame cas avec la variante que l\u2019achat est effectu\u00e9 par une entreprise ou un professionnel, alors la commande sera exempt\u00e9e de la taxe de TVA. Conform\u00e9ment \u00e0 la r\u00e9glementation applicable dans chaque juridiction, dans les livraisons de biens effectu\u00e9es dans certains pays membres de l\u2019Union europ\u00e9enne \u00e0 un destinataire entreprise ou professionnel, la r\u00e8gle de \u201d l\u2019autoliquidation \u201d (article 194 de la Directive 2006\/112) pourrait \u00eatre applicable, ce qui impliquerait qu\u2019EXCLUSIVAS Y DISTRIBUCIONES KUATRO, S.L. ne facturerait pas la TVA, sans pr\u00e9judice de l\u2019obligation du destinataire de facturer la taxe accumul\u00e9e dans l\u2019op\u00e9ration.<br>Dans les commandes destin\u00e9es \u00e0 des pays qui ne sont pas membres de la Communaut\u00e9 europ\u00e9enne, les achats seraient exempt\u00e9s de la TVA.<\/p>\n\n\n\n<h2 class=\"wp-block-heading\"><strong>6.- TARIFS<\/strong><\/h2>\n\n\n\n<p>Le prix des produits sera celui indiqu\u00e9 sur notre site web \u00e0 tout moment, sauf en cas d\u2019erreur manifeste. Bien que nous nous efforcions de veiller \u00e0 ce que tous les prix indiqu\u00e9s sur le site soient corrects, des erreurs peuvent se produire. Si nous d\u00e9couvrons une erreur dans le prix des produits que vous avez command\u00e9s, nous vous en informerons d\u00e8s que possible et vous donnerons la possibilit\u00e9 de reconfirmer votre commande au prix correct ou de l\u2019annuler. Si nous ne parvenons pas \u00e0 vous contacter, la commande sera consid\u00e9r\u00e9e comme annul\u00e9e et les sommes vers\u00e9es vous seront int\u00e9gralement rembours\u00e9es.<br>Nous ne serons pas tenus de vous fournir le(s) produit(s) au prix inf\u00e9rieur incorrect (m\u00eame si nous vous avons envoy\u00e9 une confirmation d\u2019exp\u00e9dition) si l\u2019erreur de prix est \u00e9vidente et indubitable et que vous auriez pu raisonnablement reconna\u00eetre qu\u2019il s\u2019agit du prix incorrect.<br>Les prix indiqu\u00e9s sur le site Web incluent la TVA, mais excluent les frais de livraison, qui seront ajout\u00e9s au montant total de la commande comme indiqu\u00e9 dans la section EXP\u00c9DITION du guide d\u2019achat. Les prix peuvent \u00eatre modifi\u00e9s \u00e0 tout moment, mais (\u00e0 l\u2019exception de ce qui est indiqu\u00e9 ci-dessus) les modifications n\u2019affecteront pas les commandes pour lesquelles nous vous avons d\u00e9j\u00e0 envoy\u00e9 une confirmation d\u2019exp\u00e9dition.<\/p>\n\n\n\n<h2 class=\"wp-block-heading\"><strong>7.- LES RETOURS ET LE DROIT DE RENONCER \u00c0 L\u2019ACHAT.<\/strong><\/h2>\n\n\n\n<p>Si vous contractez en tant que consommateur, vous pouvez vous retirer du contrat \u00e0 tout moment dans les 30 jours suivant la date d\u2019achat. Dans ce cas, vous serez rembours\u00e9 du prix pay\u00e9 pour ces produits mais les frais d\u2019exp\u00e9dition, d\u2019enl\u00e8vement et les frais bancaires seront d\u00e9duits du remboursement. Votre droit de r\u00e9tractation ne s\u2019applique qu\u2019aux produits qui sont retourn\u00e9s dans le m\u00eame \u00e9tat que celui dans lequel vous les avez re\u00e7us. Vous devez \u00e9galement inclure toutes les instructions, les documents et l\u2019emballage du produit. Aucun remboursement ne sera effectu\u00e9 si le produit a \u00e9t\u00e9 utilis\u00e9 ou endommag\u00e9, vous devez donc faire attention au(x) produit(s) pendant qu\u2019ils sont en votre possession.<br>Dans le cas o\u00f9 vous consid\u00e9rez qu\u2019au moment de la livraison le produit n\u2019est pas conforme aux termes du Contrat, vous devez nous contacter imm\u00e9diatement via notre formulaire de contact ou en envoyant un email \u00e0 info@pomoline.com et en fournissant les d\u00e9tails du produit et des dommages subis, ou en appelant le +34 961917046.<br>Nous examinerons attentivement le produit retourn\u00e9 et vous informerons par e-mail dans un d\u00e9lai raisonnable si le produit doit \u00eatre retourn\u00e9 ou remplac\u00e9 (le cas \u00e9ch\u00e9ant). Le retour ou le remplacement de l\u2019article sera effectu\u00e9 dans les meilleurs d\u00e9lais et, dans tous les cas, dans les 30 jours \u00e0 compter de la date \u00e0 laquelle nous vous enverrons un e-mail confirmant le retour ou le remplacement de l\u2019article non conforme.<br>Les montants pay\u00e9s pour les produits qui nous sont retourn\u00e9s en raison d\u2019un d\u00e9faut ou d\u2019un vice, lorsque ce d\u00e9faut ou ce vice existe r\u00e9ellement, vous seront int\u00e9gralement rembours\u00e9s, y compris les frais de livraison engag\u00e9s pour vous livrer l\u2019article et les frais engag\u00e9s par vous pour nous retourner l\u2019article. Le remboursement sera effectu\u00e9 sur la m\u00eame carte de cr\u00e9dit que celle utilis\u00e9e pour payer l\u2019achat. Nous n\u2019accepterons en aucun cas le retour de produits qui ont \u00e9t\u00e9 mal utilis\u00e9s, maltrait\u00e9s ou nettoy\u00e9s de mani\u00e8re inappropri\u00e9e avec des produits chimiques ou abrasifs inadapt\u00e9s.<\/p>\n","protected":false},"excerpt":{"rendered":"<p>CONDITIONS DE VENTE Les pr\u00e9sentes conditions g\u00e9n\u00e9rales de vente s\u2019appliquent \u00e0 tous les achats effectu\u00e9s sur le site www.pomoline.com appartenant \u00e0 la soci\u00e9t\u00e9 EXCLUSIVAS Y DISTRIBUCIONES KUATRO,S.L. con C.I.F B54439534 1.- CONTRAT D\u2019ACHAT En passant une commande par le biais de ce site web, vous nous garantissez que vous avez plus de 18 ans et [&#8230;]\n","protected":false},"author":27357,"featured_media":0,"parent":0,"menu_order":0,"comment_status":"closed","ping_status":"closed","template":"","meta":{"_joinchat":[],"footnotes":""},"class_list":["post-311404","page","type-page","status-publish","hentry"],"_links":{"self":[{"href":"https:\/\/www.pomoline.com\/fr\/wp-json\/wp\/v2\/pages\/311404","targetHints":{"allow":["GET"]}}],"collection":[{"href":"https:\/\/www.pomoline.com\/fr\/wp-json\/wp\/v2\/pages"}],"about":[{"href":"https:\/\/www.pomoline.com\/fr\/wp-json\/wp\/v2\/types\/page"}],"author":[{"embeddable":true,"href":"https:\/\/www.pomoline.com\/fr\/wp-json\/wp\/v2\/users\/27357"}],"replies":[{"embeddable":true,"href":"https:\/\/www.pomoline.com\/fr\/wp-json\/wp\/v2\/comments?post=311404"}],"version-history":[{"count":0,"href":"https:\/\/www.pomoline.com\/fr\/wp-json\/wp\/v2\/pages\/311404\/revisions"}],"wp:attachment":[{"href":"https:\/\/www.pomoline.com\/fr\/wp-json\/wp\/v2\/media?parent=311404"}],"curies":[{"name":"wp","href":"https:\/\/api.w.org\/{rel}","templated":true}]}}