{"id":311412,"date":"2024-02-07T14:30:16","date_gmt":"2024-02-07T13:30:16","guid":{"rendered":"https:\/\/www.pomoline.com\/web-pruebas\/cuestiones-generales\/"},"modified":"2024-06-24T19:31:07","modified_gmt":"2024-06-24T17:31:07","slug":"question-et-reponses","status":"publish","type":"page","link":"https:\/\/www.pomoline.com\/fr\/question-et-reponses\/","title":{"rendered":"Question et r\u00e9ponses"},"content":{"rendered":"\n<h2 class=\"wp-block-heading\"><strong>Qu\u2019est-ce que POIGNEELINE?<\/strong><\/h2>\n\n\n\n<p>Poign\u00e9eline est un magasin en ligne de poign\u00e9es, boutons de meuble, poign\u00e9e de porte ainsi que des portemanteaux de mur, pat\u00e8res, et autres accessoires, comme pied de table et mueble, but\u00e9e etc\u2026. Tout cela gr\u00e2ce \u00e0 sa technologie de recherche, qui permet un tr\u00e8s large choix de produits de haute gamme afin de vous satisfaire, sans sortir de chez soi pour un particulier ou de son bureau.<br><strong>Nous produits:<\/strong><br>\u2022 Poign\u00e9es et bouton de meuble, armoire et tiroirs. Poign\u00e9es de meuble d\u00b4enfant, b\u00e9b\u00e9, de cuisine et salle de bain.<br>\u2022 Poign\u00e9es de porte, de porte coulissant, trou de cl\u00e9, butoir de porte et accessories pour meubles.<br>\u2022 Portemanteaux de mur, pat\u00e8res et crochets pour le cuisine, chambre d\u00b4enfant et salle de bain.<br>\u2022 Pieds de table et meuble.<br>\u2022 Tapis pour enfants et b\u00e9b\u00e9.<br>\u2022 Etag\u00e8res mural et portemanteaux verticaux<\/p>\n\n\n\n<h2 class=\"wp-block-heading\"><strong>Dans quels pays est-il possible d\u2019acheter on-line?<\/strong><\/h2>\n\n\n\n<p>Dans le monde entier.<\/p>\n\n\n\n<h2 class=\"wp-block-heading\"><strong>Dans combien de langues pouvez-vous surfer sur le Web?<\/strong><\/h2>\n\n\n\n<p>Sur le site Web de Poigneeline, vous pouvez surfer dans plusieurs langues. Ce sont: espagnol, anglais et fran\u00e7ais.<\/p>\n\n\n\n<h2 class=\"wp-block-heading\"><strong>Les prix du magasin en ligne comprennent-ils la TVA?<\/strong><\/h2>\n\n\n\n<p>Oui, les prix qui apparaissent sur les fiches de produit sont TTC.<\/p>\n\n\n\n<h2 class=\"wp-block-heading\"><strong>Comment puis-je trouver certains articles?<\/strong><\/h2>\n\n\n\n<p>Vous pouvez les trouver par collection ou par couleur ou aussi par mati\u00e8re exemple inox sur notre page principale.<\/p>\n\n\n\n<h2 class=\"wp-block-heading\"><strong>Recevrai-je le m\u00eame produit que celui que je vois sur la photographie?<\/strong><\/h2>\n\n\n\n<p>Les photos sont r\u00e9alis\u00e9es dans le but de refl\u00e9ter au mieux chacun des produits. Vous pourriez trouver des diff\u00e9rence comme les produits fabriqu\u00e9s artisanalement. Si vous voulez plus de renseignement vous avez \u00e0 votre disposition un PDF pour chaque fiche de produit.<\/p>\n\n\n\n<h2 class=\"wp-block-heading\"><strong>Est-il possible de recevoir des informations p\u00e9riodiques dans mon courrier \u00e9lectronique avec les derni\u00e8res nouvelles et offres de Poigneeline?<\/strong><\/h2>\n\n\n\n<p>Pour \u00eatre toujours \u00e0 jour, les utilisateurs de Poigneeline peuvent s\u2019abonner \u00e0 une lettre d\u2019information p\u00e9riodique contenant des informations sur les offres et les actualit\u00e9s.<\/p>\n\n\n\n<h2 class=\"wp-block-heading\"><strong>Puis-je me d\u00e9sabonner du NEWSLETTER Poigneeline?<\/strong><\/h2>\n\n\n\n<p>Dans tous les courriels que vous recevez de Pomoline, il y a un lien pour annuler l\u2019abonnement imm\u00e9diatement.<\/p>\n\n\n\n<h2 class=\"wp-block-heading\"><strong>Quelle est la politique de confidentialit\u00e9 de la boutique en ligne Poigneeline?<\/strong><\/h2>\n\n\n\n<p>Vous avez toutes les informations dans la section.<\/p>\n\n\n\n<h2 class=\"wp-block-heading\"><strong>Dois-je \u00eatre inscrit pour pouvoir acheter?<\/strong><\/h2>\n\n\n\n<p>Oui, il faut \u00eatre inscrit \u00e0 la section Entrer ou bien pendant la gestion de la commande.<\/p>\n\n\n\n<h2 class=\"wp-block-heading\"><strong>Comment puis-je modifier mes coordon\u00e9s, e-mail ou cl\u00e9 d\u2019acc\u00e8s \/ mot de passe?<\/strong><\/h2>\n\n\n\n<p>\u00c2 la section \u00ab entrer \u00bb de la page principale du site Web vous trouverez l\u2019option&nbsp;<a href=\"https:\/\/www.poigneeline.com\/misdatos.php?n=1\" target=\"_blank\" rel=\"noopener\"><strong>Voir\/Modifier vos cordonn\u00e9es<\/strong><\/a>.<\/p>\n\n\n\n<h2 class=\"wp-block-heading\"><strong>J\u2019ai oubli\u00e9 ma cl\u00e9 d\u2019acc\u00e8s \/ mot de passe, comment puis-je le r\u00e9cup\u00e9rer?<\/strong><\/h2>\n\n\n\n<p>Si vous avez oubli\u00e9 le mot de passe vous pouvez le r\u00e9cup\u00e9rer tr\u00e8s facilement. Pour cela, il faut cliquer sur la section&nbsp;<a href=\"https:\/\/www.poigneeline.com\/login.php\" target=\"_blank\" rel=\"noopener\"><strong>Entrer<\/strong><\/a>&nbsp;et cliquer sur le lien&nbsp;<a href=\"https:\/\/www.poigneeline.com\/login.php?r=1\" target=\"_blank\" rel=\"noopener\"><strong>Vous avez oubli\u00e9 votre mot de passe&nbsp;<\/strong><\/a><strong>?<\/strong>. Saisissez votre e-mail et cliquez sur le bouton \u00ab Rappeler mot de passe \u00bb. Automatiquement nous vous enverrons un e-mail avec votre mot de passe et l\u2019adresse \u00e9lectronique avec laquelle vous \u00eates inscrit sur notre site web.<\/p>\n","protected":false},"excerpt":{"rendered":"<p>Qu\u2019est-ce que POIGNEELINE? Poign\u00e9eline est un magasin en ligne de poign\u00e9es, boutons de meuble, poign\u00e9e de porte ainsi que des portemanteaux de mur, pat\u00e8res, et autres accessoires, comme pied de table et mueble, but\u00e9e etc\u2026. Tout cela gr\u00e2ce \u00e0 sa technologie de recherche, qui permet un tr\u00e8s large choix de produits de haute gamme afin [&#8230;]\n","protected":false},"author":27357,"featured_media":0,"parent":0,"menu_order":0,"comment_status":"closed","ping_status":"closed","template":"wp-custom-template-plantilla-imagen","meta":{"_joinchat":[],"footnotes":""},"class_list":["post-311412","page","type-page","status-publish","hentry"],"_links":{"self":[{"href":"https:\/\/www.pomoline.com\/fr\/wp-json\/wp\/v2\/pages\/311412","targetHints":{"allow":["GET"]}}],"collection":[{"href":"https:\/\/www.pomoline.com\/fr\/wp-json\/wp\/v2\/pages"}],"about":[{"href":"https:\/\/www.pomoline.com\/fr\/wp-json\/wp\/v2\/types\/page"}],"author":[{"embeddable":true,"href":"https:\/\/www.pomoline.com\/fr\/wp-json\/wp\/v2\/users\/27357"}],"replies":[{"embeddable":true,"href":"https:\/\/www.pomoline.com\/fr\/wp-json\/wp\/v2\/comments?post=311412"}],"version-history":[{"count":0,"href":"https:\/\/www.pomoline.com\/fr\/wp-json\/wp\/v2\/pages\/311412\/revisions"}],"wp:attachment":[{"href":"https:\/\/www.pomoline.com\/fr\/wp-json\/wp\/v2\/media?parent=311412"}],"curies":[{"name":"wp","href":"https:\/\/api.w.org\/{rel}","templated":true}]}}