{"id":311421,"date":"2024-02-07T14:30:41","date_gmt":"2024-02-07T13:30:41","guid":{"rendered":"https:\/\/www.pomoline.com\/web-pruebas\/como-comprar\/"},"modified":"2024-06-24T19:23:52","modified_gmt":"2024-06-24T17:23:52","slug":"comment-acheter","status":"publish","type":"page","link":"https:\/\/www.pomoline.com\/fr\/comment-acheter\/","title":{"rendered":"Comment acheter"},"content":{"rendered":"\n<h2 class=\"wp-block-heading\">Recherche de produit<\/h2>\n\n\n\n<p>Sur l\u2019\u00e9cran d\u2019accueil, nous vous pr\u00e9sentons certains de nos produits, actualit\u00e9s et offres pr\u00e9sent\u00e9s. Les produits sont class\u00e9s en diff\u00e9rentes familles selon les mat\u00e9riaux (boutons acryliques, c\u00e9ramiques, m\u00e9taux, verre \u2026) et chaque cat\u00e9gorie dans plusieurs sous-familles.<\/p>\n\n\n\n<p id=\"tw-target-text\">Acc\u00e9dez \u00e0 la famille qui vous int\u00e9resse (ex.: Pomos Acrylics) en utilisant le menu de gauche et vous pouvez voir les sous-familles qui le composent. Chaque sous-famille (Ex.: Boutons Methacrylate) est form\u00e9e par un groupe de mod\u00e8les (Ex.: Mod.600). En cliquant dessus, nous verrons tous les produits qui les composent avec leurs couleurs et finitions diff\u00e9rentes (Ex.: Ref.600AZ). , \u00e0 partir de cet \u00e9cran, vous pouvez appuyer sur le bouton \u201cAcheter\u201d pour lancer le processus d\u2019achat. Si nous cliquons sur la photo ou sur \u201c+ info\u201d, la fiche produit contenant les sp\u00e9cifications, la photo haute r\u00e9solution et le dessin d\u00e9limit\u00e9es s\u2019ouvre. Ici, nous avons \u00e9galement un bouton \u201cAcheter\u201d.<\/p>\n\n\n\n<h2 class=\"wp-block-heading\">Comment acheter<\/h2>\n\n\n\n<p id=\"tw-target-text\">En haut \u00e0 droite, nous verrons l\u2019ic\u00f4ne Mon panier avec les indicateurs du nombre de r\u00e9f\u00e9rences s\u00e9lectionn\u00e9es et du montant total de votre commande. Ces deux indicateurs seront toujours visibles et si vous cliquez sur Mon panier, un \u00e9cran s\u2019ouvrira avec votre commande d\u00e9taill\u00e9e. \u00c0 partir de votre commande, en appuyant sur la touche \u00abContinuer les achats\u00bb, vous retournerez au dernier \u00e9cran ouvert.<\/p>\n\n\n\n<p>Comment ajoutez-vous un article au panier? Une fois que la r\u00e9f\u00e9rence du produit a \u00e9t\u00e9 choisie, vous devez appuyer sur le bouton \u201cAcheter\u201d pour que l\u2019article soit envoy\u00e9 \u00e0 notre commande. Nous y indiquerons la quantit\u00e9 souhait\u00e9e.<\/p>\n","protected":false},"excerpt":{"rendered":"<p>Recherche de produit Sur l\u2019\u00e9cran d\u2019accueil, nous vous pr\u00e9sentons certains de nos produits, actualit\u00e9s et offres pr\u00e9sent\u00e9s. Les produits sont class\u00e9s en diff\u00e9rentes familles selon les mat\u00e9riaux (boutons acryliques, c\u00e9ramiques, m\u00e9taux, verre \u2026) et chaque cat\u00e9gorie dans plusieurs sous-familles. Acc\u00e9dez \u00e0 la famille qui vous int\u00e9resse (ex.: Pomos Acrylics) en utilisant le menu de gauche [&#8230;]\n","protected":false},"author":27357,"featured_media":0,"parent":0,"menu_order":0,"comment_status":"closed","ping_status":"closed","template":"wp-custom-template-plantilla-imagen","meta":{"_joinchat":[],"footnotes":""},"class_list":["post-311421","page","type-page","status-publish","hentry"],"_links":{"self":[{"href":"https:\/\/www.pomoline.com\/fr\/wp-json\/wp\/v2\/pages\/311421","targetHints":{"allow":["GET"]}}],"collection":[{"href":"https:\/\/www.pomoline.com\/fr\/wp-json\/wp\/v2\/pages"}],"about":[{"href":"https:\/\/www.pomoline.com\/fr\/wp-json\/wp\/v2\/types\/page"}],"author":[{"embeddable":true,"href":"https:\/\/www.pomoline.com\/fr\/wp-json\/wp\/v2\/users\/27357"}],"replies":[{"embeddable":true,"href":"https:\/\/www.pomoline.com\/fr\/wp-json\/wp\/v2\/comments?post=311421"}],"version-history":[{"count":0,"href":"https:\/\/www.pomoline.com\/fr\/wp-json\/wp\/v2\/pages\/311421\/revisions"}],"wp:attachment":[{"href":"https:\/\/www.pomoline.com\/fr\/wp-json\/wp\/v2\/media?parent=311421"}],"curies":[{"name":"wp","href":"https:\/\/api.w.org\/{rel}","templated":true}]}}