{"id":311453,"date":"2024-02-07T14:31:22","date_gmt":"2024-02-07T13:31:22","guid":{"rendered":"https:\/\/www.pomoline.com\/web-pruebas\/envio\/"},"modified":"2024-06-24T19:34:34","modified_gmt":"2024-06-24T17:34:34","slug":"envio","status":"publish","type":"page","link":"https:\/\/www.pomoline.com\/fr\/envio\/","title":{"rendered":"Livraison"},"content":{"rendered":"\n<h2 class=\"wp-block-heading\">Livraison gratuite<\/h2>\n\n\n\n<p>Livraison gratuite en France m\u00e9tropolitaine, en Belgique et au Luxembourg, frais de ports offert \u00e0 partir de 100\u20ac<\/p>\n\n\n\n<div class=\"wp-block-group is-layout-flow wp-block-group-is-layout-flow\">\n<h2 class=\"wp-block-heading\">Quand est-ce que ma commande arrivera?<\/h2>\n\n\n\n<p>Votre commande sera trait\u00e9e et remise au transporteur sous 24h.<\/p>\n\n\n\n<p>France m\u00e9tropolitaine, Belgique et Luxembourg:<\/p>\n\n\n\n<p>GLS (72h) \u00e0 domicile<\/p>\n\n\n\n<p>Nous livrons \u00e9gelement dans toute l\u00b4Europe et le reste du monde.<\/p>\n<\/div>\n\n\n\n<h2 class=\"wp-block-heading\">Puis-je suivre le statut de ma commande?<\/h2>\n\n\n\n<p id=\"tw-target-text\">Oui, en envoyant un courrier \u00e9lectronique \u00e0 notre service client\u00e8le \u00e0 l\u2019adresse info@pomoline.com, nous vous tiendrons au courant du statut de votre commande et de la date exacte de son exp\u00e9dition.<\/p>\n","protected":false},"excerpt":{"rendered":"<p>Livraison gratuite Livraison gratuite en France m\u00e9tropolitaine, en Belgique et au Luxembourg, frais de ports offert \u00e0 partir de 100\u20ac Quand est-ce que ma commande arrivera? Votre commande sera trait\u00e9e et remise au transporteur sous 24h. France m\u00e9tropolitaine, Belgique et Luxembourg: GLS (72h) \u00e0 domicile Nous livrons \u00e9gelement dans toute l\u00b4Europe et le reste du [&#8230;]\n","protected":false},"author":27357,"featured_media":0,"parent":0,"menu_order":0,"comment_status":"closed","ping_status":"closed","template":"","meta":{"_joinchat":[],"footnotes":""},"class_list":["post-311453","page","type-page","status-publish","hentry"],"_links":{"self":[{"href":"https:\/\/www.pomoline.com\/fr\/wp-json\/wp\/v2\/pages\/311453","targetHints":{"allow":["GET"]}}],"collection":[{"href":"https:\/\/www.pomoline.com\/fr\/wp-json\/wp\/v2\/pages"}],"about":[{"href":"https:\/\/www.pomoline.com\/fr\/wp-json\/wp\/v2\/types\/page"}],"author":[{"embeddable":true,"href":"https:\/\/www.pomoline.com\/fr\/wp-json\/wp\/v2\/users\/27357"}],"replies":[{"embeddable":true,"href":"https:\/\/www.pomoline.com\/fr\/wp-json\/wp\/v2\/comments?post=311453"}],"version-history":[{"count":0,"href":"https:\/\/www.pomoline.com\/fr\/wp-json\/wp\/v2\/pages\/311453\/revisions"}],"wp:attachment":[{"href":"https:\/\/www.pomoline.com\/fr\/wp-json\/wp\/v2\/media?parent=311453"}],"curies":[{"name":"wp","href":"https:\/\/api.w.org\/{rel}","templated":true}]}}