{"id":320857,"date":"2024-04-27T12:01:41","date_gmt":"2024-04-27T10:01:41","guid":{"rendered":"https:\/\/www.pomoline.com\/web-pruebas\/producto\/tirador-asa-160-pintura-negra-mate-armario-cocina-cajon\/"},"modified":"2025-03-14T01:25:27","modified_gmt":"2025-03-14T00:25:27","slug":"poignee-160-peint-mat-noir-armoire-cuisine","status":"publish","type":"product","link":"https:\/\/www.pomoline.com\/fr\/produit\/poignee-160-peint-mat-noir-armoire-cuisine\/","title":{"rendered":"POIGN\u00c9E 160 PEINT MAT NOIR ARMOIRE CUISINE"},"content":{"rendered":"<p>Poign\u00e9e de meuble moderne en m\u00e9tal peint noir mat ou blanc, disponible en 160 mm, parfaite pour les meubles de cuisine et de salon, de haute qualit\u00e9 et fabriqu\u00e9e en Europe, offre un look moderne et se combine avec les autres \u00e9l\u00e9ments de la pi\u00e8ce, Comprend<\/p>\n","protected":false},"excerpt":{"rendered":"<p>Poign\u00e9e de meuble moderne en m\u00e9tal peint noir mat ou blanc, disponible en 160 mm, parfaite pour les meubles de cuisine et de salon, de haute qualit\u00e9 et fabriqu\u00e9e en Europe, offre un look moderne et se combine avec les autres \u00e9l\u00e9ments de la pi\u00e8ce, Comprend<\/p>\n","protected":false},"featured_media":411316,"template":"","meta":{"_joinchat":[]},"product_brand":[],"product_cat":[5189,959,3484],"product_tag":[],"class_list":{"0":"post-320857","1":"product","2":"type-product","3":"status-publish","4":"has-post-thumbnail","6":"product_cat-boutons-et-poignees-tiroir-meuble","7":"product_cat-poignees-de-cuisine-modernes","8":"product_cat-poignees-boutons-noir-meuble-industriel","9":"pa_color-noir-poignees-boutons-pieds-meuble-portamanteaux-mur-porte","10":"pa_distancia-agujeros-tornillos-poignees-160-mm-entre-trous-de-vis-tiroir-porte-meuble","11":"pa_tendencia-poignees-meuble-cuisine","13":"first","14":"instock","15":"taxable","16":"shipping-taxable","17":"purchasable","18":"product-type-variable","19":"has-default-attributes","20":"wvs-archive-product-wrapper"},"_links":{"self":[{"href":"https:\/\/www.pomoline.com\/fr\/wp-json\/wp\/v2\/product\/320857","targetHints":{"allow":["GET"]}}],"collection":[{"href":"https:\/\/www.pomoline.com\/fr\/wp-json\/wp\/v2\/product"}],"about":[{"href":"https:\/\/www.pomoline.com\/fr\/wp-json\/wp\/v2\/types\/product"}],"wp:featuredmedia":[{"embeddable":true,"href":"https:\/\/www.pomoline.com\/fr\/wp-json\/wp\/v2\/media\/411316"}],"wp:attachment":[{"href":"https:\/\/www.pomoline.com\/fr\/wp-json\/wp\/v2\/media?parent=320857"}],"wp:term":[{"taxonomy":"product_brand","embeddable":true,"href":"https:\/\/www.pomoline.com\/fr\/wp-json\/wp\/v2\/product_brand?post=320857"},{"taxonomy":"product_cat","embeddable":true,"href":"https:\/\/www.pomoline.com\/fr\/wp-json\/wp\/v2\/product_cat?post=320857"},{"taxonomy":"product_tag","embeddable":true,"href":"https:\/\/www.pomoline.com\/fr\/wp-json\/wp\/v2\/product_tag?post=320857"}],"curies":[{"name":"wp","href":"https:\/\/api.w.org\/{rel}","templated":true}]}}