{"id":320889,"date":"2024-04-27T12:02:16","date_gmt":"2024-04-27T10:02:16","guid":{"rendered":"https:\/\/www.pomoline.com\/web-pruebas\/producto\/pomo-mueble-metal-37mm-plata-vieja-con-tela-antimanchas-blanca-mod-550-ptt\/"},"modified":"2025-03-14T01:23:14","modified_gmt":"2025-03-14T00:23:14","slug":"bouton-metal-pour-meuble-37mm-argent-vieilli-avec-tissu-blanc-mod-550-ptt","status":"publish","type":"product","link":"https:\/\/www.pomoline.com\/fr\/produit\/bouton-metal-pour-meuble-37mm-argent-vieilli-avec-tissu-blanc-mod-550-ptt\/","title":{"rendered":"BOUTON METAL POUR MEUBLE 37MM ARGENT VIEILLI AVEC TISSU BLANC"},"content":{"rendered":"<p>Ce bouton a \u00e9t\u00e9 con\u00e7u pour les tiroirs et les portes du meuble vintage classique mod 550 ptt<\/p>\n","protected":false},"excerpt":{"rendered":"<p>Ce bouton a \u00e9t\u00e9 con\u00e7u pour les tiroirs et les portes du meuble vintage classique mod 550 ptt<\/p>\n","protected":false},"featured_media":411284,"template":"","meta":{"_joinchat":[]},"product_brand":[],"product_cat":[999,5189],"product_tag":[],"class_list":{"0":"post-320889","1":"product","2":"type-product","3":"status-publish","4":"has-post-thumbnail","6":"product_cat-boutons-de-meuble-en-cuir-et-tissu-poignees-de-tiroir","7":"product_cat-boutons-et-poignees-tiroir-meuble","8":"pa_color-vert-poignees-boutons-pieds-meuble-portamanteaux-mur-porte","9":"pa_color-noir-poignees-boutons-pieds-meuble-portamanteaux-mur-porte","10":"pa_color-blanc-poignees-boutons-pieds-meuble-portamanteaux-mur-porte","11":"pa_color-marron-poignees-boutons-pieds-meuble-portamanteaux-mur-porte","12":"pa_color-gris-poignees-boutons-pieds-meuble-portamanteaux-mur-porte","13":"pa_color-os-poignees-boutons-pieds-meuble-portamanteaux-mur-porte","14":"pa_color-le-sable-poignees-boutons-pieds-meuble-portamanteaux-mur-porte","15":"pa_color-violet-poignees-boutons-pieds-meuble-portamanteaux-mur-porte","16":"pa_tendencia-boutons-cuir-tissu-pour-meuble","18":"first","19":"instock","20":"featured","21":"taxable","22":"shipping-taxable","23":"purchasable","24":"product-type-variable","25":"has-default-attributes","26":"wvs-archive-product-wrapper"},"_links":{"self":[{"href":"https:\/\/www.pomoline.com\/fr\/wp-json\/wp\/v2\/product\/320889","targetHints":{"allow":["GET"]}}],"collection":[{"href":"https:\/\/www.pomoline.com\/fr\/wp-json\/wp\/v2\/product"}],"about":[{"href":"https:\/\/www.pomoline.com\/fr\/wp-json\/wp\/v2\/types\/product"}],"wp:featuredmedia":[{"embeddable":true,"href":"https:\/\/www.pomoline.com\/fr\/wp-json\/wp\/v2\/media\/411284"}],"wp:attachment":[{"href":"https:\/\/www.pomoline.com\/fr\/wp-json\/wp\/v2\/media?parent=320889"}],"wp:term":[{"taxonomy":"product_brand","embeddable":true,"href":"https:\/\/www.pomoline.com\/fr\/wp-json\/wp\/v2\/product_brand?post=320889"},{"taxonomy":"product_cat","embeddable":true,"href":"https:\/\/www.pomoline.com\/fr\/wp-json\/wp\/v2\/product_cat?post=320889"},{"taxonomy":"product_tag","embeddable":true,"href":"https:\/\/www.pomoline.com\/fr\/wp-json\/wp\/v2\/product_tag?post=320889"}],"curies":[{"name":"wp","href":"https:\/\/api.w.org\/{rel}","templated":true}]}}