{"id":320893,"date":"2024-04-27T12:02:23","date_gmt":"2024-04-27T10:02:23","guid":{"rendered":"https:\/\/www.pomoline.com\/web-pruebas\/producto\/pomo-mueble-metal-37mm-plata-vieja-con-piel-sintetica-blanca-mod-550-ptp\/"},"modified":"2025-03-14T01:22:56","modified_gmt":"2025-03-14T00:22:56","slug":"bouton-metal-pour-meuble-37mm-argent-vieilli-avec-peau-synthetique-blanc-mod-550-ptp","status":"publish","type":"product","link":"https:\/\/www.pomoline.com\/fr\/produit\/bouton-metal-pour-meuble-37mm-argent-vieilli-avec-peau-synthetique-blanc-mod-550-ptp\/","title":{"rendered":"BOUTON METAL POUR MEUBLE 37MM ARGENT VIEILLI AVEC PEAU SYNTHETIQUE BLANC"},"content":{"rendered":"<p>Ce bouton a \u00e9t\u00e9 con\u00e7u pour les tiroirs et les portes du meuble vintage classique mod 550 ptp<\/p>\n","protected":false},"excerpt":{"rendered":"<p>Ce bouton a \u00e9t\u00e9 con\u00e7u pour les tiroirs et les portes du meuble vintage classique mod 550 ptp<\/p>\n","protected":false},"featured_media":411280,"template":"","meta":{"_joinchat":[]},"product_brand":[],"product_cat":[999,5189],"product_tag":[],"class_list":{"0":"post-320893","1":"product","2":"type-product","3":"status-publish","4":"has-post-thumbnail","6":"product_cat-boutons-de-meuble-en-cuir-et-tissu-poignees-de-tiroir","7":"product_cat-boutons-et-poignees-tiroir-meuble","8":"pa_color-noir-poignees-boutons-pieds-meuble-portamanteaux-mur-porte","9":"pa_color-blanc-poignees-boutons-pieds-meuble-portamanteaux-mur-porte","10":"pa_color-beige-poignees-boutons-pieds-meuble-portamanteaux-mur-porte","11":"pa_color-marron-poignees-boutons-pieds-meuble-portamanteaux-mur-porte","12":"pa_color-gris-poignees-boutons-pieds-meuble-portamanteaux-mur-porte","13":"pa_tendencia-boutons-cuir-tissu-pour-meuble","15":"first","16":"instock","17":"featured","18":"taxable","19":"shipping-taxable","20":"purchasable","21":"product-type-variable","22":"has-default-attributes","23":"wvs-archive-product-wrapper"},"_links":{"self":[{"href":"https:\/\/www.pomoline.com\/fr\/wp-json\/wp\/v2\/product\/320893","targetHints":{"allow":["GET"]}}],"collection":[{"href":"https:\/\/www.pomoline.com\/fr\/wp-json\/wp\/v2\/product"}],"about":[{"href":"https:\/\/www.pomoline.com\/fr\/wp-json\/wp\/v2\/types\/product"}],"wp:featuredmedia":[{"embeddable":true,"href":"https:\/\/www.pomoline.com\/fr\/wp-json\/wp\/v2\/media\/411280"}],"wp:attachment":[{"href":"https:\/\/www.pomoline.com\/fr\/wp-json\/wp\/v2\/media?parent=320893"}],"wp:term":[{"taxonomy":"product_brand","embeddable":true,"href":"https:\/\/www.pomoline.com\/fr\/wp-json\/wp\/v2\/product_brand?post=320893"},{"taxonomy":"product_cat","embeddable":true,"href":"https:\/\/www.pomoline.com\/fr\/wp-json\/wp\/v2\/product_cat?post=320893"},{"taxonomy":"product_tag","embeddable":true,"href":"https:\/\/www.pomoline.com\/fr\/wp-json\/wp\/v2\/product_tag?post=320893"}],"curies":[{"name":"wp","href":"https:\/\/api.w.org\/{rel}","templated":true}]}}