{"id":320913,"date":"2024-04-27T12:02:44","date_gmt":"2024-04-27T10:02:44","guid":{"rendered":"https:\/\/www.pomoline.com\/web-pruebas\/producto\/pomo-mueble-metal-37mm-cuero-vibro-con-tela-antimanchas-arena-mod-550-brt\/"},"modified":"2025-03-14T01:21:36","modified_gmt":"2025-03-14T00:21:36","slug":"bouton-metal-pour-meuble-37mm-vieux-laiton-avec-tissu-sable-mod-550-brt","status":"publish","type":"product","link":"https:\/\/www.pomoline.com\/fr\/produit\/bouton-metal-pour-meuble-37mm-vieux-laiton-avec-tissu-sable-mod-550-brt\/","title":{"rendered":"BOUTON METAL POUR MEUBLE 37MM VIEUX LAITON AVEC TISSU SABLE"},"content":{"rendered":"<p>Ce bouton a \u00e9t\u00e9 con\u00e7u pour les tiroirs et les portes du meuble vintage classique mod 550 brt<\/p>\n","protected":false},"excerpt":{"rendered":"<p>Ce bouton a \u00e9t\u00e9 con\u00e7u pour les tiroirs et les portes du meuble vintage classique mod 550 brt<\/p>\n","protected":false},"featured_media":411260,"template":"","meta":{"_joinchat":[]},"product_brand":[],"product_cat":[999,5189],"product_tag":[],"class_list":{"0":"post-320913","1":"product","2":"type-product","3":"status-publish","4":"has-post-thumbnail","6":"product_cat-boutons-de-meuble-en-cuir-et-tissu-poignees-de-tiroir","7":"product_cat-boutons-et-poignees-tiroir-meuble","8":"pa_color-noir-poignees-boutons-pieds-meuble-portamanteaux-mur-porte","9":"pa_color-marron-poignees-boutons-pieds-meuble-portamanteaux-mur-porte","10":"pa_color-le-sable-poignees-boutons-pieds-meuble-portamanteaux-mur-porte","11":"pa_color-violet-poignees-boutons-pieds-meuble-portamanteaux-mur-porte","12":"pa_tendencia-boutons-cuir-tissu-pour-meuble","14":"first","15":"instock","16":"featured","17":"taxable","18":"shipping-taxable","19":"purchasable","20":"product-type-variable","21":"has-default-attributes","22":"wvs-archive-product-wrapper"},"_links":{"self":[{"href":"https:\/\/www.pomoline.com\/fr\/wp-json\/wp\/v2\/product\/320913","targetHints":{"allow":["GET"]}}],"collection":[{"href":"https:\/\/www.pomoline.com\/fr\/wp-json\/wp\/v2\/product"}],"about":[{"href":"https:\/\/www.pomoline.com\/fr\/wp-json\/wp\/v2\/types\/product"}],"wp:featuredmedia":[{"embeddable":true,"href":"https:\/\/www.pomoline.com\/fr\/wp-json\/wp\/v2\/media\/411260"}],"wp:attachment":[{"href":"https:\/\/www.pomoline.com\/fr\/wp-json\/wp\/v2\/media?parent=320913"}],"wp:term":[{"taxonomy":"product_brand","embeddable":true,"href":"https:\/\/www.pomoline.com\/fr\/wp-json\/wp\/v2\/product_brand?post=320913"},{"taxonomy":"product_cat","embeddable":true,"href":"https:\/\/www.pomoline.com\/fr\/wp-json\/wp\/v2\/product_cat?post=320913"},{"taxonomy":"product_tag","embeddable":true,"href":"https:\/\/www.pomoline.com\/fr\/wp-json\/wp\/v2\/product_tag?post=320913"}],"curies":[{"name":"wp","href":"https:\/\/api.w.org\/{rel}","templated":true}]}}