{"id":320917,"date":"2024-04-27T12:02:48","date_gmt":"2024-04-27T10:02:48","guid":{"rendered":"https:\/\/www.pomoline.com\/web-pruebas\/producto\/pomo-mueble-metal-37mm-cuero-vibro-con-piel-sintetica-blanca-mod-550-brp\/"},"modified":"2025-03-14T01:21:18","modified_gmt":"2025-03-14T00:21:18","slug":"bouton-metal-pour-meuble-37mm-vieux-laiton-avec-peau-synthetique-blanc-mod-550-brp","status":"publish","type":"product","link":"https:\/\/www.pomoline.com\/fr\/produit\/bouton-metal-pour-meuble-37mm-vieux-laiton-avec-peau-synthetique-blanc-mod-550-brp\/","title":{"rendered":"BOUTON METAL POUR MEUBLE 37MM VIEUX LAITON AVEC PEAU SYNTHETIQUE BLANC"},"content":{"rendered":"<p>Ce bouton a \u00e9t\u00e9 con\u00e7u pour les tiroirs et les portes du meuble vintage classique mod 550 brp<\/p>\n","protected":false},"excerpt":{"rendered":"<p>Ce bouton a \u00e9t\u00e9 con\u00e7u pour les tiroirs et les portes du meuble vintage classique mod 550 brp<\/p>\n","protected":false},"featured_media":411256,"template":"","meta":{"_joinchat":[]},"product_brand":[],"product_cat":[999,5189],"product_tag":[],"class_list":{"0":"post-320917","1":"product","2":"type-product","3":"status-publish","4":"has-post-thumbnail","6":"product_cat-boutons-de-meuble-en-cuir-et-tissu-poignees-de-tiroir","7":"product_cat-boutons-et-poignees-tiroir-meuble","8":"pa_color-noir-poignees-boutons-pieds-meuble-portamanteaux-mur-porte","9":"pa_color-blanc-poignees-boutons-pieds-meuble-portamanteaux-mur-porte","10":"pa_color-vieux-bronze-poignees-boutons-pieds-meuble-portamanteaux-mur-porte","11":"pa_color-marron-poignees-boutons-pieds-meuble-portamanteaux-mur-porte","12":"pa_color-gris-poignees-boutons-pieds-meuble-portamanteaux-mur-porte","13":"pa_tendencia-boutons-cuir-tissu-pour-meuble","15":"first","16":"instock","17":"featured","18":"taxable","19":"shipping-taxable","20":"purchasable","21":"product-type-variable","22":"has-default-attributes","23":"wvs-archive-product-wrapper"},"_links":{"self":[{"href":"https:\/\/www.pomoline.com\/fr\/wp-json\/wp\/v2\/product\/320917","targetHints":{"allow":["GET"]}}],"collection":[{"href":"https:\/\/www.pomoline.com\/fr\/wp-json\/wp\/v2\/product"}],"about":[{"href":"https:\/\/www.pomoline.com\/fr\/wp-json\/wp\/v2\/types\/product"}],"wp:featuredmedia":[{"embeddable":true,"href":"https:\/\/www.pomoline.com\/fr\/wp-json\/wp\/v2\/media\/411256"}],"wp:attachment":[{"href":"https:\/\/www.pomoline.com\/fr\/wp-json\/wp\/v2\/media?parent=320917"}],"wp:term":[{"taxonomy":"product_brand","embeddable":true,"href":"https:\/\/www.pomoline.com\/fr\/wp-json\/wp\/v2\/product_brand?post=320917"},{"taxonomy":"product_cat","embeddable":true,"href":"https:\/\/www.pomoline.com\/fr\/wp-json\/wp\/v2\/product_cat?post=320917"},{"taxonomy":"product_tag","embeddable":true,"href":"https:\/\/www.pomoline.com\/fr\/wp-json\/wp\/v2\/product_tag?post=320917"}],"curies":[{"name":"wp","href":"https:\/\/api.w.org\/{rel}","templated":true}]}}