{"id":321097,"date":"2024-04-27T12:06:58","date_gmt":"2024-04-27T10:06:58","guid":{"rendered":"https:\/\/www.pomoline.com\/web-pruebas\/producto\/percha-pared-metal-diseno-infantil-nordico-decoracion-hojas-verdes-con-4-ganchos-porcelana-mod-9063-baby\/"},"modified":"2025-03-14T01:08:55","modified_gmt":"2025-03-14T00:08:55","slug":"patere-mur-en-metal-blanc-4-boutons-porcelaine-pour-enfants-mod-9063-baby","status":"publish","type":"product","link":"https:\/\/www.pomoline.com\/fr\/produit\/patere-mur-en-metal-blanc-4-boutons-porcelaine-pour-enfants-mod-9063-baby\/","title":{"rendered":"PATERE MUR EN METAL BLANC 4 BOUTONS PORCELAINE POUR ENFANTS"},"content":{"rendered":"<p>Cintres et supports muraux pour suspendre v\u00eatements, manteaux et accessoires de mode mod 9063 b\u00e9b\u00e9<\/p>\n","protected":false},"excerpt":{"rendered":"<p>Cintres et supports muraux pour suspendre v\u00eatements, manteaux et accessoires de mode mod 9063 b\u00e9b\u00e9<\/p>\n","protected":false},"featured_media":411076,"template":"","meta":{"_joinchat":[]},"product_brand":[],"product_cat":[5355,5357,1007],"product_tag":[],"class_list":{"0":"post-321097","1":"product","2":"type-product","3":"status-publish","4":"has-post-thumbnail","6":"product_cat-ofertas","7":"product_cat-ofertas-fr","8":"product_cat-portemanteaux-muraux-patere-mural","9":"pa_color-blanc-poignees-boutons-pieds-meuble-portamanteaux-mur-porte","10":"pa_tendencia-portemanteau-patere-mur-enfants","11":"pa_tendencia-portemanteaux-vintage-mural-maison-decoration","13":"first","14":"instock","15":"sale","16":"featured","17":"taxable","18":"shipping-taxable","19":"purchasable","20":"product-type-variable","21":"has-default-attributes","22":"wvs-archive-product-wrapper"},"_links":{"self":[{"href":"https:\/\/www.pomoline.com\/fr\/wp-json\/wp\/v2\/product\/321097","targetHints":{"allow":["GET"]}}],"collection":[{"href":"https:\/\/www.pomoline.com\/fr\/wp-json\/wp\/v2\/product"}],"about":[{"href":"https:\/\/www.pomoline.com\/fr\/wp-json\/wp\/v2\/types\/product"}],"wp:featuredmedia":[{"embeddable":true,"href":"https:\/\/www.pomoline.com\/fr\/wp-json\/wp\/v2\/media\/411076"}],"wp:attachment":[{"href":"https:\/\/www.pomoline.com\/fr\/wp-json\/wp\/v2\/media?parent=321097"}],"wp:term":[{"taxonomy":"product_brand","embeddable":true,"href":"https:\/\/www.pomoline.com\/fr\/wp-json\/wp\/v2\/product_brand?post=321097"},{"taxonomy":"product_cat","embeddable":true,"href":"https:\/\/www.pomoline.com\/fr\/wp-json\/wp\/v2\/product_cat?post=321097"},{"taxonomy":"product_tag","embeddable":true,"href":"https:\/\/www.pomoline.com\/fr\/wp-json\/wp\/v2\/product_tag?post=321097"}],"curies":[{"name":"wp","href":"https:\/\/api.w.org\/{rel}","templated":true}]}}