{"id":321101,"date":"2024-04-27T12:07:06","date_gmt":"2024-04-27T10:07:06","guid":{"rendered":"https:\/\/www.pomoline.com\/web-pruebas\/producto\/tirador-asa-mueble-96mm-pintura-negra-cantos-laton-mod-897\/"},"modified":"2025-03-14T01:08:37","modified_gmt":"2025-03-14T00:08:37","slug":"poignee-meuble-96mm-peint-noir-bords-laiton-mod-897","status":"publish","type":"product","link":"https:\/\/www.pomoline.com\/fr\/produit\/poignee-meuble-96mm-peint-noir-bords-laiton-mod-897\/","title":{"rendered":"POIGNEE MEUBLE 96MM PEINT NOIR BORDS LAITON"},"content":{"rendered":"<p>Poign\u00e9e de meuble classique en m\u00e9tal peint en noir naturel avec une touche polie, disponible en diff\u00e9rentes tailles entre axes 96mm, 128mm, parfaite pour les meubles de cuisine et de salon, de haute qualit\u00e9 et fabriqu\u00e9e en Europe, offre un look moderne et<\/p>\n","protected":false},"excerpt":{"rendered":"<p>Poign\u00e9e de meuble classique en m\u00e9tal peint en noir naturel avec une touche polie, disponible en diff\u00e9rentes tailles entre axes 96mm, 128mm, parfaite pour les meubles de cuisine et de salon, de haute qualit\u00e9 et fabriqu\u00e9e en Europe, offre un look moderne et<\/p>\n","protected":false},"featured_media":411072,"template":"","meta":{"_joinchat":[]},"product_brand":[],"product_cat":[5189,959,3484],"product_tag":[],"class_list":{"0":"post-321101","1":"product","2":"type-product","3":"status-publish","4":"has-post-thumbnail","6":"product_cat-boutons-et-poignees-tiroir-meuble","7":"product_cat-poignees-de-cuisine-modernes","8":"product_cat-poignees-boutons-noir-meuble-industriel","9":"pa_color-noir-poignees-boutons-pieds-meuble-portamanteaux-mur-porte","10":"pa_distancia-agujeros-tornillos-poignees-96-mm-entre-trous-de-vis-tiroir-porte-meuble","11":"pa_distancia-agujeros-tornillos-poignees-128-mm-entre-trous-de-vis-tiroir-porte-meuble","12":"pa_tendencia-poignees-boutons-meuble-rustique","14":"first","15":"instock","16":"featured","17":"taxable","18":"shipping-taxable","19":"purchasable","20":"product-type-variable","21":"has-default-attributes","22":"wvs-archive-product-wrapper"},"_links":{"self":[{"href":"https:\/\/www.pomoline.com\/fr\/wp-json\/wp\/v2\/product\/321101","targetHints":{"allow":["GET"]}}],"collection":[{"href":"https:\/\/www.pomoline.com\/fr\/wp-json\/wp\/v2\/product"}],"about":[{"href":"https:\/\/www.pomoline.com\/fr\/wp-json\/wp\/v2\/types\/product"}],"wp:featuredmedia":[{"embeddable":true,"href":"https:\/\/www.pomoline.com\/fr\/wp-json\/wp\/v2\/media\/411072"}],"wp:attachment":[{"href":"https:\/\/www.pomoline.com\/fr\/wp-json\/wp\/v2\/media?parent=321101"}],"wp:term":[{"taxonomy":"product_brand","embeddable":true,"href":"https:\/\/www.pomoline.com\/fr\/wp-json\/wp\/v2\/product_brand?post=321101"},{"taxonomy":"product_cat","embeddable":true,"href":"https:\/\/www.pomoline.com\/fr\/wp-json\/wp\/v2\/product_cat?post=321101"},{"taxonomy":"product_tag","embeddable":true,"href":"https:\/\/www.pomoline.com\/fr\/wp-json\/wp\/v2\/product_tag?post=321101"}],"curies":[{"name":"wp","href":"https:\/\/api.w.org\/{rel}","templated":true}]}}