{"id":321105,"date":"2024-04-27T12:07:12","date_gmt":"2024-04-27T10:07:12","guid":{"rendered":"https:\/\/www.pomoline.com\/web-pruebas\/producto\/tirador-asa-mueble-32mm-metal-mod-880\/"},"modified":"2025-03-14T01:08:22","modified_gmt":"2025-03-14T00:08:22","slug":"poignee-meuble-32mm-metal-mod-880","status":"publish","type":"product","link":"https:\/\/www.pomoline.com\/fr\/produit\/poignee-meuble-32mm-metal-mod-880\/","title":{"rendered":"POIGNEE MEUBLE 32MM METAL"},"content":{"rendered":"<p>Ce bouton a \u00e9t\u00e9 con\u00e7u pour les tiroirs et les portes de meubles industriels modernes mod 880<\/p>\n","protected":false},"excerpt":{"rendered":"<p>Ce bouton a \u00e9t\u00e9 con\u00e7u pour les tiroirs et les portes de meubles industriels modernes mod 880<\/p>\n","protected":false},"featured_media":411068,"template":"","meta":{"_joinchat":[]},"product_brand":[],"product_cat":[5189,959],"product_tag":[],"class_list":{"0":"post-321105","1":"product","2":"type-product","3":"status-publish","4":"has-post-thumbnail","6":"product_cat-boutons-et-poignees-tiroir-meuble","7":"product_cat-poignees-de-cuisine-modernes","8":"pa_color-chrome-poignees-boutons-pieds-meuble-portamanteaux-mur-porte","9":"pa_color-chrome-mat-poignees-boutons-pieds-meuble-portamanteaux-mur-porte","10":"pa_color-nickel-brosse-poignees-boutons-pieds-meuble-portamanteaux-mur-porte","11":"pa_distancia-agujeros-tornillos-poignees-32-mm-entre-trous-de-vis-tiroir-porte-meuble","12":"pa_tendencia-poignees-meuble-moderne","14":"first","15":"instock","16":"featured","17":"taxable","18":"shipping-taxable","19":"purchasable","20":"product-type-variable","21":"has-default-attributes","22":"wvs-archive-product-wrapper"},"_links":{"self":[{"href":"https:\/\/www.pomoline.com\/fr\/wp-json\/wp\/v2\/product\/321105","targetHints":{"allow":["GET"]}}],"collection":[{"href":"https:\/\/www.pomoline.com\/fr\/wp-json\/wp\/v2\/product"}],"about":[{"href":"https:\/\/www.pomoline.com\/fr\/wp-json\/wp\/v2\/types\/product"}],"wp:featuredmedia":[{"embeddable":true,"href":"https:\/\/www.pomoline.com\/fr\/wp-json\/wp\/v2\/media\/411068"}],"wp:attachment":[{"href":"https:\/\/www.pomoline.com\/fr\/wp-json\/wp\/v2\/media?parent=321105"}],"wp:term":[{"taxonomy":"product_brand","embeddable":true,"href":"https:\/\/www.pomoline.com\/fr\/wp-json\/wp\/v2\/product_brand?post=321105"},{"taxonomy":"product_cat","embeddable":true,"href":"https:\/\/www.pomoline.com\/fr\/wp-json\/wp\/v2\/product_cat?post=321105"},{"taxonomy":"product_tag","embeddable":true,"href":"https:\/\/www.pomoline.com\/fr\/wp-json\/wp\/v2\/product_tag?post=321105"}],"curies":[{"name":"wp","href":"https:\/\/api.w.org\/{rel}","templated":true}]}}