{"id":321117,"date":"2024-04-27T12:07:37","date_gmt":"2024-04-27T10:07:37","guid":{"rendered":"https:\/\/www.pomoline.com\/web-pruebas\/producto\/tirador-concha-cajon-mueble-64mm-plastico-abs-mod-733\/"},"modified":"2025-03-14T01:07:47","modified_gmt":"2025-03-14T00:07:47","slug":"poignee-coquille-64mm-pour-meuble-en-plastique-abs-mod-733","status":"publish","type":"product","link":"https:\/\/www.pomoline.com\/fr\/produit\/poignee-coquille-64mm-pour-meuble-en-plastique-abs-mod-733\/","title":{"rendered":"POIGNEE COQUILLE 64MM POUR MEUBLE EN PLASTIQUE ABS"},"content":{"rendered":"<p>Ce bouton a \u00e9t\u00e9 con\u00e7u pour les tiroirs et les portes de meubles industriels modernes mod 733<\/p>\n","protected":false},"excerpt":{"rendered":"<p>Ce bouton a \u00e9t\u00e9 con\u00e7u pour les tiroirs et les portes de meubles industriels modernes mod 733<\/p>\n","protected":false},"featured_media":411059,"template":"","meta":{"_joinchat":[]},"product_brand":[],"product_cat":[5189,1023],"product_tag":[],"class_list":{"0":"post-321117","1":"product","2":"type-product","3":"status-publish","4":"has-post-thumbnail","6":"product_cat-boutons-et-poignees-tiroir-meuble","7":"product_cat-poignees-plastique-abs-meuble-cuisine","8":"pa_color-noir-poignees-boutons-pieds-meuble-portamanteaux-mur-porte","9":"pa_color-blanc-poignees-boutons-pieds-meuble-portamanteaux-mur-porte","10":"pa_color-cuivre-poignees-boutons-pieds-meuble-portamanteaux-mur-porte","11":"pa_color-vieux-bronze-poignees-boutons-pieds-meuble-portamanteaux-mur-porte","12":"pa_color-chrome-mat-poignees-boutons-pieds-meuble-portamanteaux-mur-porte","13":"pa_color-or-inca-mat-poignees-boutons-pieds-meuble-portamanteaux-mur-porte","14":"pa_color-vieil-argent-poignees-boutons-pieds-meuble-portamanteaux-mur-porte","15":"pa_distancia-agujeros-tornillos-poignees-64-mm-entre-trous-de-vis-tiroir-porte-meuble","16":"pa_tendencia-poignee-coquille-tiroir-meuble-classique","18":"first","19":"instock","20":"featured","21":"taxable","22":"shipping-taxable","23":"purchasable","24":"product-type-variable","25":"has-default-attributes","26":"wvs-archive-product-wrapper"},"_links":{"self":[{"href":"https:\/\/www.pomoline.com\/fr\/wp-json\/wp\/v2\/product\/321117","targetHints":{"allow":["GET"]}}],"collection":[{"href":"https:\/\/www.pomoline.com\/fr\/wp-json\/wp\/v2\/product"}],"about":[{"href":"https:\/\/www.pomoline.com\/fr\/wp-json\/wp\/v2\/types\/product"}],"wp:featuredmedia":[{"embeddable":true,"href":"https:\/\/www.pomoline.com\/fr\/wp-json\/wp\/v2\/media\/411059"}],"wp:attachment":[{"href":"https:\/\/www.pomoline.com\/fr\/wp-json\/wp\/v2\/media?parent=321117"}],"wp:term":[{"taxonomy":"product_brand","embeddable":true,"href":"https:\/\/www.pomoline.com\/fr\/wp-json\/wp\/v2\/product_brand?post=321117"},{"taxonomy":"product_cat","embeddable":true,"href":"https:\/\/www.pomoline.com\/fr\/wp-json\/wp\/v2\/product_cat?post=321117"},{"taxonomy":"product_tag","embeddable":true,"href":"https:\/\/www.pomoline.com\/fr\/wp-json\/wp\/v2\/product_tag?post=321117"}],"curies":[{"name":"wp","href":"https:\/\/api.w.org\/{rel}","templated":true}]}}