{"id":321141,"date":"2024-04-27T12:08:22","date_gmt":"2024-04-27T10:08:22","guid":{"rendered":"https:\/\/www.pomoline.com\/web-pruebas\/producto\/pomo-mueble-bebe-oso-67mm-madera-abedul-natural-mod-446m\/"},"modified":"2025-03-14T01:06:08","modified_gmt":"2025-03-14T00:06:08","slug":"bouton-ours-67mm-bois-de-bouleau-laque-natural-pour-meuble-de-bebe-mod-446m","status":"publish","type":"product","link":"https:\/\/www.pomoline.com\/fr\/produit\/bouton-ours-67mm-bois-de-bouleau-laque-natural-pour-meuble-de-bebe-mod-446m\/","title":{"rendered":"BOUTON OURS 67MM BOIS DE BOULEAU LAQUE NATURAL POUR MEUBLE DE BEBE"},"content":{"rendered":"<p>Ce bouton a \u00e9t\u00e9 con\u00e7u pour les tiroirs et les portes du meuble b\u00e9b\u00e9 enfant mod 446m<\/p>\n","protected":false},"excerpt":{"rendered":"<p>Ce bouton a \u00e9t\u00e9 con\u00e7u pour les tiroirs et les portes du meuble b\u00e9b\u00e9 enfant mod 446m<\/p>\n","protected":false},"featured_media":411035,"template":"","meta":{"_joinchat":[]},"product_brand":[],"product_cat":[995],"product_tag":[],"class_list":{"0":"post-321141","1":"product","2":"type-product","3":"status-publish","4":"has-post-thumbnail","6":"product_cat-boutons-meuble-pour-enfants-bebe","7":"pa_color-hetre-naturel-poignees-boutons-pieds-meuble-portamanteaux-mur-porte","8":"pa_color-blanc-poignees-boutons-pieds-meuble-portamanteaux-mur-porte","9":"pa_color-bleu-clair-poignees-boutons-pieds-meuble-portamanteaux-mur-porte","10":"pa_color-gris-poignees-boutons-pieds-meuble-portamanteaux-mur-porte","11":"pa_color-rose-poignees-boutons-pieds-meuble-portamanteaux-mur-porte","12":"pa_color-le-sable-poignees-boutons-pieds-meuble-portamanteaux-mur-porte","13":"pa_tendencia-boutons-meuble-bebe-poignees-tiroir-chambre-enfants","15":"first","16":"instock","17":"featured","18":"taxable","19":"shipping-taxable","20":"purchasable","21":"product-type-variable","22":"has-default-attributes","23":"wvs-archive-product-wrapper"},"_links":{"self":[{"href":"https:\/\/www.pomoline.com\/fr\/wp-json\/wp\/v2\/product\/321141","targetHints":{"allow":["GET"]}}],"collection":[{"href":"https:\/\/www.pomoline.com\/fr\/wp-json\/wp\/v2\/product"}],"about":[{"href":"https:\/\/www.pomoline.com\/fr\/wp-json\/wp\/v2\/types\/product"}],"wp:featuredmedia":[{"embeddable":true,"href":"https:\/\/www.pomoline.com\/fr\/wp-json\/wp\/v2\/media\/411035"}],"wp:attachment":[{"href":"https:\/\/www.pomoline.com\/fr\/wp-json\/wp\/v2\/media?parent=321141"}],"wp:term":[{"taxonomy":"product_brand","embeddable":true,"href":"https:\/\/www.pomoline.com\/fr\/wp-json\/wp\/v2\/product_brand?post=321141"},{"taxonomy":"product_cat","embeddable":true,"href":"https:\/\/www.pomoline.com\/fr\/wp-json\/wp\/v2\/product_cat?post=321141"},{"taxonomy":"product_tag","embeddable":true,"href":"https:\/\/www.pomoline.com\/fr\/wp-json\/wp\/v2\/product_tag?post=321141"}],"curies":[{"name":"wp","href":"https:\/\/api.w.org\/{rel}","templated":true}]}}