{"id":321145,"date":"2024-04-27T12:08:29","date_gmt":"2024-04-27T10:08:29","guid":{"rendered":"https:\/\/www.pomoline.com\/web-pruebas\/producto\/pomo-mueble-bebe-circulo-50mm-madera-abedul-pintura-arena-mod-443m\/"},"modified":"2025-03-14T01:05:50","modified_gmt":"2025-03-14T00:05:50","slug":"bouton-rond-50mm-bois-de-bouleau-abedul-natural-pour-meuble-de-bebe-mod-443m","status":"publish","type":"product","link":"https:\/\/www.pomoline.com\/fr\/produit\/bouton-rond-50mm-bois-de-bouleau-abedul-natural-pour-meuble-de-bebe-mod-443m\/","title":{"rendered":"BOUTON ROND 50MM BOIS DE BOULEAU ABEDUL NATURAL POUR MEUBLE DE BEBE"},"content":{"rendered":"<p>Belle poign\u00e9e de meuble pour enfants. Id\u00e9al pour tous les types de meubles et d&rsquo;armoires, une nouvelle collection dont les bords sont en bois de bouleau, tr\u00e8s \u00e0 la mode, avec un air romantique, que les enfants vont adorer. les bords sont arrondis, pour \u00e9v<\/p>\n","protected":false},"excerpt":{"rendered":"<p>Belle poign\u00e9e de meuble pour enfants. Id\u00e9al pour tous les types de meubles et d&rsquo;armoires, une nouvelle collection dont les bords sont en bois de bouleau, tr\u00e8s \u00e0 la mode, avec un air romantique, que les enfants vont adorer. les bords sont arrondis, pour \u00e9v<\/p>\n","protected":false},"featured_media":411031,"template":"","meta":{"_joinchat":[]},"product_brand":[],"product_cat":[995],"product_tag":[],"class_list":{"0":"post-321145","1":"product","2":"type-product","3":"status-publish","4":"has-post-thumbnail","6":"product_cat-boutons-meuble-pour-enfants-bebe","7":"pa_color-hetre-naturel-poignees-boutons-pieds-meuble-portamanteaux-mur-porte","8":"pa_color-blanc-poignees-boutons-pieds-meuble-portamanteaux-mur-porte","9":"pa_color-bleu-clair-poignees-boutons-pieds-meuble-portamanteaux-mur-porte","10":"pa_color-gris-poignees-boutons-pieds-meuble-portamanteaux-mur-porte","11":"pa_color-rose-poignees-boutons-pieds-meuble-portamanteaux-mur-porte","12":"pa_color-le-sable-poignees-boutons-pieds-meuble-portamanteaux-mur-porte","13":"pa_tendencia-boutons-meuble-bebe-poignees-tiroir-chambre-enfants","15":"first","16":"instock","17":"featured","18":"taxable","19":"shipping-taxable","20":"purchasable","21":"product-type-variable","22":"has-default-attributes","23":"wvs-archive-product-wrapper"},"_links":{"self":[{"href":"https:\/\/www.pomoline.com\/fr\/wp-json\/wp\/v2\/product\/321145","targetHints":{"allow":["GET"]}}],"collection":[{"href":"https:\/\/www.pomoline.com\/fr\/wp-json\/wp\/v2\/product"}],"about":[{"href":"https:\/\/www.pomoline.com\/fr\/wp-json\/wp\/v2\/types\/product"}],"wp:featuredmedia":[{"embeddable":true,"href":"https:\/\/www.pomoline.com\/fr\/wp-json\/wp\/v2\/media\/411031"}],"wp:attachment":[{"href":"https:\/\/www.pomoline.com\/fr\/wp-json\/wp\/v2\/media?parent=321145"}],"wp:term":[{"taxonomy":"product_brand","embeddable":true,"href":"https:\/\/www.pomoline.com\/fr\/wp-json\/wp\/v2\/product_brand?post=321145"},{"taxonomy":"product_cat","embeddable":true,"href":"https:\/\/www.pomoline.com\/fr\/wp-json\/wp\/v2\/product_cat?post=321145"},{"taxonomy":"product_tag","embeddable":true,"href":"https:\/\/www.pomoline.com\/fr\/wp-json\/wp\/v2\/product_tag?post=321145"}],"curies":[{"name":"wp","href":"https:\/\/api.w.org\/{rel}","templated":true}]}}