{"id":321149,"date":"2024-04-27T12:08:33","date_gmt":"2024-04-27T10:08:33","guid":{"rendered":"https:\/\/www.pomoline.com\/web-pruebas\/producto\/pomo-mueble-bebe-nube-95mm-madera-abedul-natural-mod-442m\/"},"modified":"2025-03-14T01:05:36","modified_gmt":"2025-03-14T00:05:36","slug":"bouton-nuage-100mm-bois-de-bouleau-laque-naturel-pour-meuble-de-bebe-mod-442m","status":"publish","type":"product","link":"https:\/\/www.pomoline.com\/fr\/produit\/bouton-nuage-100mm-bois-de-bouleau-laque-naturel-pour-meuble-de-bebe-mod-442m\/","title":{"rendered":"BOUTON NUAGE 100MM BOIS DE BOULEAU LAQUE NATUREL POUR MEUBLE DE BEBE"},"content":{"rendered":"<p>Ce bouton a \u00e9t\u00e9 con\u00e7u pour les tiroirs et les portes du meuble b\u00e9b\u00e9 b\u00e9b\u00e9 mod 442m<\/p>\n","protected":false},"excerpt":{"rendered":"<p>Ce bouton a \u00e9t\u00e9 con\u00e7u pour les tiroirs et les portes du meuble b\u00e9b\u00e9 b\u00e9b\u00e9 mod 442m<\/p>\n","protected":false},"featured_media":411027,"template":"","meta":{"_joinchat":[]},"product_brand":[],"product_cat":[995],"product_tag":[],"class_list":{"0":"post-321149","1":"product","2":"type-product","3":"status-publish","4":"has-post-thumbnail","6":"product_cat-boutons-meuble-pour-enfants-bebe","7":"pa_color-hetre-naturel-poignees-boutons-pieds-meuble-portamanteaux-mur-porte","8":"pa_color-blanc-poignees-boutons-pieds-meuble-portamanteaux-mur-porte","9":"pa_color-gris-poignees-boutons-pieds-meuble-portamanteaux-mur-porte","10":"pa_color-rose-poignees-boutons-pieds-meuble-portamanteaux-mur-porte","11":"pa_color-le-sable-poignees-boutons-pieds-meuble-portamanteaux-mur-porte","12":"pa_tendencia-boutons-meuble-bebe-poignees-tiroir-chambre-enfants","14":"first","15":"instock","16":"featured","17":"taxable","18":"shipping-taxable","19":"purchasable","20":"product-type-variable","21":"has-default-attributes","22":"wvs-archive-product-wrapper"},"_links":{"self":[{"href":"https:\/\/www.pomoline.com\/fr\/wp-json\/wp\/v2\/product\/321149","targetHints":{"allow":["GET"]}}],"collection":[{"href":"https:\/\/www.pomoline.com\/fr\/wp-json\/wp\/v2\/product"}],"about":[{"href":"https:\/\/www.pomoline.com\/fr\/wp-json\/wp\/v2\/types\/product"}],"wp:featuredmedia":[{"embeddable":true,"href":"https:\/\/www.pomoline.com\/fr\/wp-json\/wp\/v2\/media\/411027"}],"wp:attachment":[{"href":"https:\/\/www.pomoline.com\/fr\/wp-json\/wp\/v2\/media?parent=321149"}],"wp:term":[{"taxonomy":"product_brand","embeddable":true,"href":"https:\/\/www.pomoline.com\/fr\/wp-json\/wp\/v2\/product_brand?post=321149"},{"taxonomy":"product_cat","embeddable":true,"href":"https:\/\/www.pomoline.com\/fr\/wp-json\/wp\/v2\/product_cat?post=321149"},{"taxonomy":"product_tag","embeddable":true,"href":"https:\/\/www.pomoline.com\/fr\/wp-json\/wp\/v2\/product_tag?post=321149"}],"curies":[{"name":"wp","href":"https:\/\/api.w.org\/{rel}","templated":true}]}}