{"id":321161,"date":"2024-04-27T12:08:50","date_gmt":"2024-04-27T10:08:50","guid":{"rendered":"https:\/\/www.pomoline.com\/web-pruebas\/producto\/pomo-cajon-mueble-conico-40mm-haya-lacado-mod-406\/"},"modified":"2025-03-14T01:04:43","modified_gmt":"2025-03-14T00:04:43","slug":"bouton-meuble-bois-conique-40mm-laque-mod-406","status":"publish","type":"product","link":"https:\/\/www.pomoline.com\/fr\/produit\/bouton-meuble-bois-conique-40mm-laque-mod-406\/","title":{"rendered":"BOUTON MEUBLE BOIS CONIQUE 40MM LAQUE"},"content":{"rendered":"<p>Bouton de meuble de forme conique aux multiples finitions, blanc, d\u00e9cap\u00e9, h\u00eatre miel, h\u00eatre brut et noyer. De haute qualit\u00e9 et bon prix, qui peut \u00eatre plac\u00e9 sur n&rsquo;importe quel meuble, lui donnant beaucoup de style. Avec son aspect naturel et sa finition l<\/p>\n","protected":false},"excerpt":{"rendered":"<p>Bouton de meuble de forme conique aux multiples finitions, blanc, d\u00e9cap\u00e9, h\u00eatre miel, h\u00eatre brut et noyer. De haute qualit\u00e9 et bon prix, qui peut \u00eatre plac\u00e9 sur n&rsquo;importe quel meuble, lui donnant beaucoup de style. Avec son aspect naturel et sa finition l<\/p>\n","protected":false},"featured_media":411015,"template":"","meta":{"_joinchat":[]},"product_brand":[],"product_cat":[5189,991],"product_tag":[],"class_list":{"0":"post-321161","1":"product","2":"type-product","3":"status-publish","4":"has-post-thumbnail","6":"product_cat-boutons-et-poignees-tiroir-meuble","7":"product_cat-poignees-et-bouton-en-bois-pou-meuble","8":"pa_color-hetre-naturel-poignees-boutons-pieds-meuble-portamanteaux-mur-porte","9":"pa_color-blanc-poignees-boutons-pieds-meuble-portamanteaux-mur-porte","10":"pa_color-decape-blanc-poignees-boutons-pieds-meuble-portamanteaux-mur-porte","11":"pa_color-bois-brut-poignees-boutons-pieds-meuble-portamanteaux-mur-porte","12":"pa_color-miel-de-hetre-poignees-boutons-pieds-meuble-portamanteaux-mur-porte","13":"pa_color-noyer-poignees-boutons-pieds-meuble-portamanteaux-mur-porte","14":"pa_tendencia-poignees-boutons-en-bois-pour-meuble","16":"first","17":"instock","18":"featured","19":"taxable","20":"shipping-taxable","21":"purchasable","22":"product-type-variable","23":"has-default-attributes","24":"wvs-archive-product-wrapper"},"_links":{"self":[{"href":"https:\/\/www.pomoline.com\/fr\/wp-json\/wp\/v2\/product\/321161","targetHints":{"allow":["GET"]}}],"collection":[{"href":"https:\/\/www.pomoline.com\/fr\/wp-json\/wp\/v2\/product"}],"about":[{"href":"https:\/\/www.pomoline.com\/fr\/wp-json\/wp\/v2\/types\/product"}],"wp:featuredmedia":[{"embeddable":true,"href":"https:\/\/www.pomoline.com\/fr\/wp-json\/wp\/v2\/media\/411015"}],"wp:attachment":[{"href":"https:\/\/www.pomoline.com\/fr\/wp-json\/wp\/v2\/media?parent=321161"}],"wp:term":[{"taxonomy":"product_brand","embeddable":true,"href":"https:\/\/www.pomoline.com\/fr\/wp-json\/wp\/v2\/product_brand?post=321161"},{"taxonomy":"product_cat","embeddable":true,"href":"https:\/\/www.pomoline.com\/fr\/wp-json\/wp\/v2\/product_cat?post=321161"},{"taxonomy":"product_tag","embeddable":true,"href":"https:\/\/www.pomoline.com\/fr\/wp-json\/wp\/v2\/product_tag?post=321161"}],"curies":[{"name":"wp","href":"https:\/\/api.w.org\/{rel}","templated":true}]}}