{"id":321169,"date":"2024-04-27T12:09:00","date_gmt":"2024-04-27T10:09:00","guid":{"rendered":"https:\/\/www.pomoline.com\/web-pruebas\/producto\/pomo-cajon-mueble-40mm-madera-tintada-mod-403t\/"},"modified":"2025-03-14T01:04:10","modified_gmt":"2025-03-14T00:04:10","slug":"bouton-meuble-40mm-bois-peint-mod-403t","status":"publish","type":"product","link":"https:\/\/www.pomoline.com\/fr\/produit\/bouton-meuble-40mm-bois-peint-mod-403t\/","title":{"rendered":"BOUTON MEUBLE 40MM BOIS PEINT"},"content":{"rendered":"<p>Ce bouton a \u00e9t\u00e9 con\u00e7u pour les tiroirs et les portes du meuble naturel classique mod 403t<\/p>\n","protected":false},"excerpt":{"rendered":"<p>Ce bouton a \u00e9t\u00e9 con\u00e7u pour les tiroirs et les portes du meuble naturel classique mod 403t<\/p>\n","protected":false},"featured_media":432169,"template":"","meta":{"_joinchat":[]},"product_brand":[],"product_cat":[995],"product_tag":[],"class_list":{"0":"post-321169","1":"product","2":"type-product","3":"status-publish","4":"has-post-thumbnail","6":"product_cat-boutons-meuble-pour-enfants-bebe","7":"pa_color-vert-poignees-boutons-pieds-meuble-portamanteaux-mur-porte","8":"pa_color-blanc-poignees-boutons-pieds-meuble-portamanteaux-mur-porte","9":"pa_color-bleu-poignees-boutons-pieds-meuble-portamanteaux-mur-porte","10":"pa_color-bleu-clair-poignees-boutons-pieds-meuble-portamanteaux-mur-porte","11":"pa_color-gris-poignees-boutons-pieds-meuble-portamanteaux-mur-porte","12":"pa_color-orange-poignees-boutons-pieds-meuble-portamanteaux-mur-porte","13":"pa_color-rose-poignees-boutons-pieds-meuble-portamanteaux-mur-porte","14":"pa_color-rouge-poignees-boutons-pieds-meuble-portamanteaux-mur-porte","15":"pa_color-le-sable-poignees-boutons-pieds-meuble-portamanteaux-mur-porte","16":"pa_tendencia-poignees-boutons-en-bois-pour-meuble","18":"first","19":"instock","20":"featured","21":"taxable","22":"shipping-taxable","23":"purchasable","24":"product-type-variable","25":"has-default-attributes","26":"wvs-archive-product-wrapper"},"_links":{"self":[{"href":"https:\/\/www.pomoline.com\/fr\/wp-json\/wp\/v2\/product\/321169","targetHints":{"allow":["GET"]}}],"collection":[{"href":"https:\/\/www.pomoline.com\/fr\/wp-json\/wp\/v2\/product"}],"about":[{"href":"https:\/\/www.pomoline.com\/fr\/wp-json\/wp\/v2\/types\/product"}],"wp:featuredmedia":[{"embeddable":true,"href":"https:\/\/www.pomoline.com\/fr\/wp-json\/wp\/v2\/media\/432169"}],"wp:attachment":[{"href":"https:\/\/www.pomoline.com\/fr\/wp-json\/wp\/v2\/media?parent=321169"}],"wp:term":[{"taxonomy":"product_brand","embeddable":true,"href":"https:\/\/www.pomoline.com\/fr\/wp-json\/wp\/v2\/product_brand?post=321169"},{"taxonomy":"product_cat","embeddable":true,"href":"https:\/\/www.pomoline.com\/fr\/wp-json\/wp\/v2\/product_cat?post=321169"},{"taxonomy":"product_tag","embeddable":true,"href":"https:\/\/www.pomoline.com\/fr\/wp-json\/wp\/v2\/product_tag?post=321169"}],"curies":[{"name":"wp","href":"https:\/\/api.w.org\/{rel}","templated":true}]}}