{"id":321173,"date":"2024-04-27T12:09:11","date_gmt":"2024-04-27T10:09:11","guid":{"rendered":"https:\/\/www.pomoline.com\/web-pruebas\/producto\/pomo-mueble-metal-envejecido-46x35mm-mod-388-bronce\/"},"modified":"2025-03-14T01:03:53","modified_gmt":"2025-03-14T00:03:53","slug":"bouton-meuble-46x35mm-vieux-metal-mod-388-bronce","status":"publish","type":"product","link":"https:\/\/www.pomoline.com\/fr\/produit\/bouton-meuble-46x35mm-vieux-metal-mod-388-bronce\/","title":{"rendered":"BOUTON MEUBLE 46X35MM VIEUX METAL"},"content":{"rendered":"<p>Grande poign\u00e9e de meuble rectangulaire classique, avec une finition bronze vieilli pour tout type de meuble ou armoire, id\u00e9ale pour donner une touche traditionnelle \u00e0 vos meubles<\/p>\n","protected":false},"excerpt":{"rendered":"<p>Grande poign\u00e9e de meuble rectangulaire classique, avec une finition bronze vieilli pour tout type de meuble ou armoire, id\u00e9ale pour donner une touche traditionnelle \u00e0 vos meubles<\/p>\n","protected":false},"featured_media":411003,"template":"","meta":{"_joinchat":[]},"product_brand":[],"product_cat":[971,5189],"product_tag":[],"class_list":{"0":"post-321173","1":"product","2":"type-product","3":"status-publish","4":"has-post-thumbnail","6":"product_cat-boutons-tiroir-meuble-metal-classique","7":"product_cat-boutons-et-poignees-tiroir-meuble","8":"pa_color-vieux-bronze-poignees-boutons-pieds-meuble-portamanteaux-mur-porte","9":"pa_tendencia-poignee-anneau-tiroir-meuble-classique","11":"first","12":"instock","13":"featured","14":"taxable","15":"shipping-taxable","16":"purchasable","17":"product-type-variable","18":"has-default-attributes","19":"wvs-archive-product-wrapper"},"_links":{"self":[{"href":"https:\/\/www.pomoline.com\/fr\/wp-json\/wp\/v2\/product\/321173","targetHints":{"allow":["GET"]}}],"collection":[{"href":"https:\/\/www.pomoline.com\/fr\/wp-json\/wp\/v2\/product"}],"about":[{"href":"https:\/\/www.pomoline.com\/fr\/wp-json\/wp\/v2\/types\/product"}],"wp:featuredmedia":[{"embeddable":true,"href":"https:\/\/www.pomoline.com\/fr\/wp-json\/wp\/v2\/media\/411003"}],"wp:attachment":[{"href":"https:\/\/www.pomoline.com\/fr\/wp-json\/wp\/v2\/media?parent=321173"}],"wp:term":[{"taxonomy":"product_brand","embeddable":true,"href":"https:\/\/www.pomoline.com\/fr\/wp-json\/wp\/v2\/product_brand?post=321173"},{"taxonomy":"product_cat","embeddable":true,"href":"https:\/\/www.pomoline.com\/fr\/wp-json\/wp\/v2\/product_cat?post=321173"},{"taxonomy":"product_tag","embeddable":true,"href":"https:\/\/www.pomoline.com\/fr\/wp-json\/wp\/v2\/product_tag?post=321173"}],"curies":[{"name":"wp","href":"https:\/\/api.w.org\/{rel}","templated":true}]}}