{"id":321181,"date":"2024-04-27T12:09:24","date_gmt":"2024-04-27T10:09:24","guid":{"rendered":"https:\/\/www.pomoline.com\/web-pruebas\/producto\/pomo-mueble-rustico-38mm-ceramica-plata-mod-1080\/"},"modified":"2025-03-14T01:03:20","modified_gmt":"2025-03-14T00:03:20","slug":"bouton-38mm-ceramique-argent-meuble-classique-mod-1080","status":"publish","type":"product","link":"https:\/\/www.pomoline.com\/fr\/produit\/bouton-38mm-ceramique-argent-meuble-classique-mod-1080\/","title":{"rendered":"BOUTON 38MM CERAMIQUE ARGENT MEUBLE CLASSIQUE"},"content":{"rendered":"<p>Bouton de meuble original en c\u00e9ramique craquel\u00e9e et m\u00e9tal brillant de forme arrondie, id\u00e9al pour tous les meubles de haute qualit\u00e9 et fabriqu\u00e9 en Europe, il donnera une touche sp\u00e9ciale \u00e0 votre meuble Comprend la vis de 2,5 cm de long pour son placement.<\/p>\n","protected":false},"excerpt":{"rendered":"<p>Bouton de meuble original en c\u00e9ramique craquel\u00e9e et m\u00e9tal brillant de forme arrondie, id\u00e9al pour tous les meubles de haute qualit\u00e9 et fabriqu\u00e9 en Europe, il donnera une touche sp\u00e9ciale \u00e0 votre meuble Comprend la vis de 2,5 cm de long pour son placement.<\/p>\n","protected":false},"featured_media":410995,"template":"","meta":{"_joinchat":[]},"product_brand":[],"product_cat":[5189,987],"product_tag":[],"class_list":{"0":"post-321181","1":"product","2":"type-product","3":"status-publish","4":"has-post-thumbnail","6":"product_cat-boutons-et-poignees-tiroir-meuble","7":"product_cat-boutons-en-porcelaine-pour-tiroir-porte-meuble","8":"pa_color-blanc-poignees-boutons-pieds-meuble-portamanteaux-mur-porte","9":"pa_tendencia-boutons-en-porcelaine-classique-pour-meuble","11":"first","12":"instock","13":"featured","14":"taxable","15":"shipping-taxable","16":"purchasable","17":"product-type-variable","18":"has-default-attributes","19":"wvs-archive-product-wrapper"},"_links":{"self":[{"href":"https:\/\/www.pomoline.com\/fr\/wp-json\/wp\/v2\/product\/321181","targetHints":{"allow":["GET"]}}],"collection":[{"href":"https:\/\/www.pomoline.com\/fr\/wp-json\/wp\/v2\/product"}],"about":[{"href":"https:\/\/www.pomoline.com\/fr\/wp-json\/wp\/v2\/types\/product"}],"wp:featuredmedia":[{"embeddable":true,"href":"https:\/\/www.pomoline.com\/fr\/wp-json\/wp\/v2\/media\/410995"}],"wp:attachment":[{"href":"https:\/\/www.pomoline.com\/fr\/wp-json\/wp\/v2\/media?parent=321181"}],"wp:term":[{"taxonomy":"product_brand","embeddable":true,"href":"https:\/\/www.pomoline.com\/fr\/wp-json\/wp\/v2\/product_brand?post=321181"},{"taxonomy":"product_cat","embeddable":true,"href":"https:\/\/www.pomoline.com\/fr\/wp-json\/wp\/v2\/product_cat?post=321181"},{"taxonomy":"product_tag","embeddable":true,"href":"https:\/\/www.pomoline.com\/fr\/wp-json\/wp\/v2\/product_tag?post=321181"}],"curies":[{"name":"wp","href":"https:\/\/api.w.org\/{rel}","templated":true}]}}