{"id":321201,"date":"2024-04-27T12:09:52","date_gmt":"2024-04-27T10:09:52","guid":{"rendered":"https:\/\/www.pomoline.com\/web-pruebas\/producto\/pomo-mueble-chic-redondo-38mm-madera-laton-resina-mod-1075\/"},"modified":"2025-03-14T01:01:57","modified_gmt":"2025-03-14T00:01:57","slug":"bouton-meuble-chic-rond-38mm-bois-laiton-resine-mod-1075","status":"publish","type":"product","link":"https:\/\/www.pomoline.com\/fr\/produit\/bouton-meuble-chic-rond-38mm-bois-laiton-resine-mod-1075\/","title":{"rendered":"BOUTON MEUBLE CHIC ROND 38MM BOIS LAITON RESINE"},"content":{"rendered":"<p>Ce bouton a \u00e9t\u00e9 con\u00e7u pour les tiroirs et les portes du meuble vintage classique mod 1075<\/p>\n","protected":false},"excerpt":{"rendered":"<p>Ce bouton a \u00e9t\u00e9 con\u00e7u pour les tiroirs et les portes du meuble vintage classique mod 1075<\/p>\n","protected":false},"featured_media":410975,"template":"","meta":{"_joinchat":[]},"product_brand":[],"product_cat":[5189,975],"product_tag":[],"class_list":{"0":"post-321201","1":"product","2":"type-product","3":"status-publish","4":"has-post-thumbnail","6":"product_cat-boutons-et-poignees-tiroir-meuble","7":"product_cat-poignees-boutons-meuble-style-ethnique-rustique","8":"pa_color-hetre-naturel-poignees-boutons-pieds-meuble-portamanteaux-mur-porte","9":"pa_tendencia-boutonts-et-poignees-meuble-ethnique","11":"first","12":"instock","13":"featured","14":"taxable","15":"shipping-taxable","16":"purchasable","17":"product-type-variable","18":"has-default-attributes","19":"wvs-archive-product-wrapper"},"_links":{"self":[{"href":"https:\/\/www.pomoline.com\/fr\/wp-json\/wp\/v2\/product\/321201","targetHints":{"allow":["GET"]}}],"collection":[{"href":"https:\/\/www.pomoline.com\/fr\/wp-json\/wp\/v2\/product"}],"about":[{"href":"https:\/\/www.pomoline.com\/fr\/wp-json\/wp\/v2\/types\/product"}],"wp:featuredmedia":[{"embeddable":true,"href":"https:\/\/www.pomoline.com\/fr\/wp-json\/wp\/v2\/media\/410975"}],"wp:attachment":[{"href":"https:\/\/www.pomoline.com\/fr\/wp-json\/wp\/v2\/media?parent=321201"}],"wp:term":[{"taxonomy":"product_brand","embeddable":true,"href":"https:\/\/www.pomoline.com\/fr\/wp-json\/wp\/v2\/product_brand?post=321201"},{"taxonomy":"product_cat","embeddable":true,"href":"https:\/\/www.pomoline.com\/fr\/wp-json\/wp\/v2\/product_cat?post=321201"},{"taxonomy":"product_tag","embeddable":true,"href":"https:\/\/www.pomoline.com\/fr\/wp-json\/wp\/v2\/product_tag?post=321201"}],"curies":[{"name":"wp","href":"https:\/\/api.w.org\/{rel}","templated":true}]}}