{"id":321233,"date":"2024-04-27T12:10:36","date_gmt":"2024-04-27T10:10:36","guid":{"rendered":"https:\/\/www.pomoline.com\/web-pruebas\/producto\/pomo-mueble-38x38mm-metal-con-corcho-natural-mod-1052\/"},"modified":"2025-03-14T00:59:45","modified_gmt":"2025-03-13T23:59:45","slug":"bouton-meuble-38x38mm-metal-liege-naturel-mod-1052","status":"publish","type":"product","link":"https:\/\/www.pomoline.com\/fr\/produit\/bouton-meuble-38x38mm-metal-liege-naturel-mod-1052\/","title":{"rendered":"BOUTON MEUBLE 38X38MM METAL LIEGE NATUREL"},"content":{"rendered":"<p>Cette collection de poign\u00e9es en m\u00e9tal marque la tendance par son originalit\u00e9 et sa cr\u00e9ativit\u00e9. la base du bouton est en m\u00e9tal, qui peut \u00eatre blanc, inox, noir ou nickel. que vous souhaitez combiner avec vos meubles. Vous donnerez la grande touche avec le<\/p>\n","protected":false},"excerpt":{"rendered":"<p>Cette collection de poign\u00e9es en m\u00e9tal marque la tendance par son originalit\u00e9 et sa cr\u00e9ativit\u00e9. la base du bouton est en m\u00e9tal, qui peut \u00eatre blanc, inox, noir ou nickel. que vous souhaitez combiner avec vos meubles. Vous donnerez la grande touche avec le<\/p>\n","protected":false},"featured_media":410943,"template":"","meta":{"_joinchat":[]},"product_brand":[],"product_cat":[999,5189],"product_tag":[],"class_list":{"0":"post-321233","1":"product","2":"type-product","3":"status-publish","4":"has-post-thumbnail","6":"product_cat-boutons-de-meuble-en-cuir-et-tissu-poignees-de-tiroir","7":"product_cat-boutons-et-poignees-tiroir-meuble","8":"pa_color-noir-poignees-boutons-pieds-meuble-portamanteaux-mur-porte","9":"pa_color-blanc-poignees-boutons-pieds-meuble-portamanteaux-mur-porte","10":"pa_color-acier-inoxydable-poignees-boutons-pieds-meuble-portamanteaux-mur-porte","11":"pa_color-nickel-brosse-poignees-boutons-pieds-meuble-portamanteaux-mur-porte","12":"pa_tendencia-boutons-cuir-tissu-pour-meuble","14":"first","15":"instock","16":"featured","17":"taxable","18":"shipping-taxable","19":"purchasable","20":"product-type-variable","21":"has-default-attributes","22":"wvs-archive-product-wrapper"},"_links":{"self":[{"href":"https:\/\/www.pomoline.com\/fr\/wp-json\/wp\/v2\/product\/321233","targetHints":{"allow":["GET"]}}],"collection":[{"href":"https:\/\/www.pomoline.com\/fr\/wp-json\/wp\/v2\/product"}],"about":[{"href":"https:\/\/www.pomoline.com\/fr\/wp-json\/wp\/v2\/types\/product"}],"wp:featuredmedia":[{"embeddable":true,"href":"https:\/\/www.pomoline.com\/fr\/wp-json\/wp\/v2\/media\/410943"}],"wp:attachment":[{"href":"https:\/\/www.pomoline.com\/fr\/wp-json\/wp\/v2\/media?parent=321233"}],"wp:term":[{"taxonomy":"product_brand","embeddable":true,"href":"https:\/\/www.pomoline.com\/fr\/wp-json\/wp\/v2\/product_brand?post=321233"},{"taxonomy":"product_cat","embeddable":true,"href":"https:\/\/www.pomoline.com\/fr\/wp-json\/wp\/v2\/product_cat?post=321233"},{"taxonomy":"product_tag","embeddable":true,"href":"https:\/\/www.pomoline.com\/fr\/wp-json\/wp\/v2\/product_tag?post=321233"}],"curies":[{"name":"wp","href":"https:\/\/api.w.org\/{rel}","templated":true}]}}