{"id":321237,"date":"2024-04-27T12:10:42","date_gmt":"2024-04-27T10:10:42","guid":{"rendered":"https:\/\/www.pomoline.com\/web-pruebas\/producto\/tirador-asa-de-mueble-acero-inoxidable-grafilado-puerta-cocina-96mm-total-156mm-mod-065g\/"},"modified":"2025-03-14T00:59:30","modified_gmt":"2025-03-13T23:59:30","slug":"poignee-de-meuble-acier-grave-inox-96mm-total-156mm-mod-065g","status":"publish","type":"product","link":"https:\/\/www.pomoline.com\/fr\/produit\/poignee-de-meuble-acier-grave-inox-96mm-total-156mm-mod-065g\/","title":{"rendered":"POIGNEE DE MEUBLE ACIER GRAVE INOX 96MM TOTAL 156MM"},"content":{"rendered":"<p>Cette poign\u00e9e de meuble innovante, pour cr\u00e9er un environnement moderne ou industriel, en acier inoxydable, avec trois tailles disponibles entre les axes, a un moletage pour lui donner une touche d&rsquo;originalit\u00e9. Il offre une grande r\u00e9sistance et durabilit\u00e9,<\/p>\n","protected":false},"excerpt":{"rendered":"<p>Cette poign\u00e9e de meuble innovante, pour cr\u00e9er un environnement moderne ou industriel, en acier inoxydable, avec trois tailles disponibles entre les axes, a un moletage pour lui donner une touche d&rsquo;originalit\u00e9. Il offre une grande r\u00e9sistance et durabilit\u00e9,<\/p>\n","protected":false},"featured_media":410939,"template":"","meta":{"_joinchat":[]},"product_brand":[],"product_cat":[5189,959],"product_tag":[],"class_list":{"0":"post-321237","1":"product","2":"type-product","3":"status-publish","4":"has-post-thumbnail","6":"product_cat-boutons-et-poignees-tiroir-meuble","7":"product_cat-poignees-de-cuisine-modernes","8":"pa_color-acier-inoxydable-poignees-boutons-pieds-meuble-portamanteaux-mur-porte","9":"pa_distancia-agujeros-tornillos-poignees-96-mm-entre-trous-de-vis-tiroir-porte-meuble","10":"pa_distancia-agujeros-tornillos-poignees-128-mm-entre-trous-de-vis-tiroir-porte-meuble","11":"pa_distancia-agujeros-tornillos-poignees-160-mm-entre-trous-de-vis-tiroir-porte-meuble","12":"pa_tendencia-boutons-en-acier-inoxydable-pour-meuble","14":"first","15":"instock","16":"featured","17":"taxable","18":"shipping-taxable","19":"purchasable","20":"product-type-variable","21":"has-default-attributes","22":"wvs-archive-product-wrapper"},"_links":{"self":[{"href":"https:\/\/www.pomoline.com\/fr\/wp-json\/wp\/v2\/product\/321237","targetHints":{"allow":["GET"]}}],"collection":[{"href":"https:\/\/www.pomoline.com\/fr\/wp-json\/wp\/v2\/product"}],"about":[{"href":"https:\/\/www.pomoline.com\/fr\/wp-json\/wp\/v2\/types\/product"}],"wp:featuredmedia":[{"embeddable":true,"href":"https:\/\/www.pomoline.com\/fr\/wp-json\/wp\/v2\/media\/410939"}],"wp:attachment":[{"href":"https:\/\/www.pomoline.com\/fr\/wp-json\/wp\/v2\/media?parent=321237"}],"wp:term":[{"taxonomy":"product_brand","embeddable":true,"href":"https:\/\/www.pomoline.com\/fr\/wp-json\/wp\/v2\/product_brand?post=321237"},{"taxonomy":"product_cat","embeddable":true,"href":"https:\/\/www.pomoline.com\/fr\/wp-json\/wp\/v2\/product_cat?post=321237"},{"taxonomy":"product_tag","embeddable":true,"href":"https:\/\/www.pomoline.com\/fr\/wp-json\/wp\/v2\/product_tag?post=321237"}],"curies":[{"name":"wp","href":"https:\/\/api.w.org\/{rel}","templated":true}]}}