{"id":321245,"date":"2024-04-27T12:10:54","date_gmt":"2024-04-27T10:10:54","guid":{"rendered":"https:\/\/www.pomoline.com\/web-pruebas\/producto\/tirador-pomo-de-mueble-metal-acabado-pintura-negro-mate-para-armario-bano-mod-021-negro\/"},"modified":"2025-03-14T00:58:58","modified_gmt":"2025-03-13T23:58:58","slug":"bouton-de-meuble-peint-noir-mat-15x18mm-mod-021-negro","status":"publish","type":"product","link":"https:\/\/www.pomoline.com\/fr\/produit\/bouton-de-meuble-peint-noir-mat-15x18mm-mod-021-negro\/","title":{"rendered":"BOUTON DE MEUBLE PEINT NOIR MAT 15X18MM"},"content":{"rendered":"<p>Bouton de meuble moderne en m\u00e9tal peint noir mat ou blanc, arrondi, id\u00e9al pour tout meuble, de haute qualit\u00e9 et fabriqu\u00e9 en Europe, offre un look moderne et se combine avec les autres \u00e9l\u00e9ments de la pi\u00e8ce, Comprend la vis 2,5 pour son placement cm de long<\/p>\n","protected":false},"excerpt":{"rendered":"<p>Bouton de meuble moderne en m\u00e9tal peint noir mat ou blanc, arrondi, id\u00e9al pour tout meuble, de haute qualit\u00e9 et fabriqu\u00e9 en Europe, offre un look moderne et se combine avec les autres \u00e9l\u00e9ments de la pi\u00e8ce, Comprend la vis 2,5 pour son placement cm de long<\/p>\n","protected":false},"featured_media":410931,"template":"","meta":{"_joinchat":[]},"product_brand":[],"product_cat":[963,5189,3484],"product_tag":[],"class_list":{"0":"post-321245","1":"product","2":"type-product","3":"status-publish","4":"has-post-thumbnail","6":"product_cat-poignees-de-meubles","7":"product_cat-boutons-et-poignees-tiroir-meuble","8":"product_cat-poignees-boutons-noir-meuble-industriel","9":"pa_color-noir-poignees-boutons-pieds-meuble-portamanteaux-mur-porte","10":"pa_tendencia-boutons-meuble-tiroir-moderne","12":"first","13":"instock","14":"featured","15":"taxable","16":"shipping-taxable","17":"purchasable","18":"product-type-variable","19":"has-default-attributes","20":"wvs-archive-product-wrapper"},"_links":{"self":[{"href":"https:\/\/www.pomoline.com\/fr\/wp-json\/wp\/v2\/product\/321245","targetHints":{"allow":["GET"]}}],"collection":[{"href":"https:\/\/www.pomoline.com\/fr\/wp-json\/wp\/v2\/product"}],"about":[{"href":"https:\/\/www.pomoline.com\/fr\/wp-json\/wp\/v2\/types\/product"}],"wp:featuredmedia":[{"embeddable":true,"href":"https:\/\/www.pomoline.com\/fr\/wp-json\/wp\/v2\/media\/410931"}],"wp:attachment":[{"href":"https:\/\/www.pomoline.com\/fr\/wp-json\/wp\/v2\/media?parent=321245"}],"wp:term":[{"taxonomy":"product_brand","embeddable":true,"href":"https:\/\/www.pomoline.com\/fr\/wp-json\/wp\/v2\/product_brand?post=321245"},{"taxonomy":"product_cat","embeddable":true,"href":"https:\/\/www.pomoline.com\/fr\/wp-json\/wp\/v2\/product_cat?post=321245"},{"taxonomy":"product_tag","embeddable":true,"href":"https:\/\/www.pomoline.com\/fr\/wp-json\/wp\/v2\/product_tag?post=321245"}],"curies":[{"name":"wp","href":"https:\/\/api.w.org\/{rel}","templated":true}]}}