{"id":321249,"date":"2024-04-27T12:10:59","date_gmt":"2024-04-27T10:10:59","guid":{"rendered":"https:\/\/www.pomoline.com\/web-pruebas\/producto\/percha-base-madera-lacada-blanca-4-osos-azules-habitacion-bebe\/"},"modified":"2025-03-14T00:58:41","modified_gmt":"2025-03-13T23:58:41","slug":"portemanteu-4-bleu-porte-bois-laque-blanc-chambre-de-bebe","status":"publish","type":"product","link":"https:\/\/www.pomoline.com\/fr\/produit\/portemanteu-4-bleu-porte-bois-laque-blanc-chambre-de-bebe\/","title":{"rendered":"PORTEMANTEU 4 BLEU PORTE BOIS LAQU\u00c9 BLANC CHAMBRE DE B\u00c9B\u00c9"},"content":{"rendered":"<p>Portemanteuax de mur en bois peint qui donneront \u00e0 votre maison un aspect tr\u00e8s naturel et frais. Il existe des mod\u00e8les pour enfants et jeunes. Ce mod\u00e8le sp\u00e9cifique est le MOD 999 cintre \u00e0 base en bois laqu\u00e9 blanc avec 4 oursons bleus pour chambre de b\u00e9b\u00e9<\/p>\n","protected":false},"excerpt":{"rendered":"<p>Portemanteuax de mur en bois peint qui donneront \u00e0 votre maison un aspect tr\u00e8s naturel et frais. Il existe des mod\u00e8les pour enfants et jeunes. Ce mod\u00e8le sp\u00e9cifique est le MOD 999 cintre \u00e0 base en bois laqu\u00e9 blanc avec 4 oursons bleus pour chambre de b\u00e9b\u00e9<\/p>\n","protected":false},"featured_media":410927,"template":"","meta":{"_joinchat":[]},"product_brand":[],"product_cat":[5355,5357,1007],"product_tag":[],"class_list":{"0":"post-321249","1":"product","2":"type-product","3":"status-publish","4":"has-post-thumbnail","6":"product_cat-ofertas","7":"product_cat-ofertas-fr","8":"product_cat-portemanteaux-muraux-patere-mural","9":"pa_color-blanc-poignees-boutons-pieds-meuble-portamanteaux-mur-porte","10":"pa_color-bleu-clair-poignees-boutons-pieds-meuble-portamanteaux-mur-porte","11":"pa_color-rose-poignees-boutons-pieds-meuble-portamanteaux-mur-porte","12":"pa_tendencia-portemanteaux-chambre-bebe-murale","14":"first","15":"instock","16":"sale","17":"taxable","18":"shipping-taxable","19":"purchasable","20":"product-type-variable","21":"has-default-attributes","22":"wvs-archive-product-wrapper"},"_links":{"self":[{"href":"https:\/\/www.pomoline.com\/fr\/wp-json\/wp\/v2\/product\/321249","targetHints":{"allow":["GET"]}}],"collection":[{"href":"https:\/\/www.pomoline.com\/fr\/wp-json\/wp\/v2\/product"}],"about":[{"href":"https:\/\/www.pomoline.com\/fr\/wp-json\/wp\/v2\/types\/product"}],"wp:featuredmedia":[{"embeddable":true,"href":"https:\/\/www.pomoline.com\/fr\/wp-json\/wp\/v2\/media\/410927"}],"wp:attachment":[{"href":"https:\/\/www.pomoline.com\/fr\/wp-json\/wp\/v2\/media?parent=321249"}],"wp:term":[{"taxonomy":"product_brand","embeddable":true,"href":"https:\/\/www.pomoline.com\/fr\/wp-json\/wp\/v2\/product_brand?post=321249"},{"taxonomy":"product_cat","embeddable":true,"href":"https:\/\/www.pomoline.com\/fr\/wp-json\/wp\/v2\/product_cat?post=321249"},{"taxonomy":"product_tag","embeddable":true,"href":"https:\/\/www.pomoline.com\/fr\/wp-json\/wp\/v2\/product_tag?post=321249"}],"curies":[{"name":"wp","href":"https:\/\/api.w.org\/{rel}","templated":true}]}}