{"id":321253,"date":"2024-04-27T12:11:08","date_gmt":"2024-04-27T10:11:08","guid":{"rendered":"https:\/\/www.pomoline.com\/web-pruebas\/producto\/tirador-asa-de-cobre-viejo-cajon-mueble-clasico-ap147\/"},"modified":"2025-03-14T00:58:25","modified_gmt":"2025-03-13T23:58:25","slug":"poignee-vieux-cuivre-tiroir-meuble-classique-ap147","status":"publish","type":"product","link":"https:\/\/www.pomoline.com\/fr\/produit\/poignee-vieux-cuivre-tiroir-meuble-classique-ap147\/","title":{"rendered":"POIGN\u00c9E VIEUX CUIVRE TIROIR MEUBLE CLASSIQUE AP147"},"content":{"rendered":"<p>Poign\u00e9es et boutons de style classique pour meubles rustiques, vintage et vieillis. Nous les exp\u00e9dions avec les vis de montage fournies et pouvons \u00eatre mont\u00e9s sur les portes et les tiroirs des armoires. Ce mod\u00e8le particulier est le MOD 230 poign\u00e9e vieux c<\/p>\n","protected":false},"excerpt":{"rendered":"<p>Poign\u00e9es et boutons de style classique pour meubles rustiques, vintage et vieillis. Nous les exp\u00e9dions avec les vis de montage fournies et pouvons \u00eatre mont\u00e9s sur les portes et les tiroirs des armoires. Ce mod\u00e8le particulier est le MOD 230 poign\u00e9e vieux c<\/p>\n","protected":false},"featured_media":410923,"template":"","meta":{"_joinchat":[]},"product_brand":[],"product_cat":[5189,967],"product_tag":[],"class_list":{"0":"post-321253","1":"product","2":"type-product","3":"status-publish","4":"has-post-thumbnail","6":"product_cat-boutons-et-poignees-tiroir-meuble","7":"product_cat-poignees-laiton-meuble-classique","8":"pa_color-laiton-brosse-poignees-boutons-pieds-meuble-portamanteaux-mur-porte","9":"pa_color-cuivre-poignees-boutons-pieds-meuble-portamanteaux-mur-porte","10":"pa_color-vieil-argent-poignees-boutons-pieds-meuble-portamanteaux-mur-porte","11":"pa_distancia-agujeros-tornillos-poignees-64-mm-entre-trous-de-vis-tiroir-porte-meuble","12":"pa_distancia-agujeros-tornillos-poignees-96-mm-entre-trous-de-vis-tiroir-porte-meuble","13":"pa_tendencia-pognees-meuble-art-deco","15":"first","16":"instock","17":"taxable","18":"shipping-taxable","19":"purchasable","20":"product-type-variable","21":"has-default-attributes","22":"wvs-archive-product-wrapper"},"_links":{"self":[{"href":"https:\/\/www.pomoline.com\/fr\/wp-json\/wp\/v2\/product\/321253","targetHints":{"allow":["GET"]}}],"collection":[{"href":"https:\/\/www.pomoline.com\/fr\/wp-json\/wp\/v2\/product"}],"about":[{"href":"https:\/\/www.pomoline.com\/fr\/wp-json\/wp\/v2\/types\/product"}],"wp:featuredmedia":[{"embeddable":true,"href":"https:\/\/www.pomoline.com\/fr\/wp-json\/wp\/v2\/media\/410923"}],"wp:attachment":[{"href":"https:\/\/www.pomoline.com\/fr\/wp-json\/wp\/v2\/media?parent=321253"}],"wp:term":[{"taxonomy":"product_brand","embeddable":true,"href":"https:\/\/www.pomoline.com\/fr\/wp-json\/wp\/v2\/product_brand?post=321253"},{"taxonomy":"product_cat","embeddable":true,"href":"https:\/\/www.pomoline.com\/fr\/wp-json\/wp\/v2\/product_cat?post=321253"},{"taxonomy":"product_tag","embeddable":true,"href":"https:\/\/www.pomoline.com\/fr\/wp-json\/wp\/v2\/product_tag?post=321253"}],"curies":[{"name":"wp","href":"https:\/\/api.w.org\/{rel}","templated":true}]}}