{"id":321301,"date":"2024-04-27T12:12:13","date_gmt":"2024-04-27T10:12:13","guid":{"rendered":"https:\/\/www.pomoline.com\/web-pruebas\/producto\/tirador-pomo-puerta-cuadrado-con-base-de-62mm-acero-inox-satinado\/"},"modified":"2025-03-14T00:57:02","modified_gmt":"2025-03-13T23:57:02","slug":"poignee-de-porte-carree-base-de-62mm-cier-inoxydable-satine","status":"publish","type":"product","link":"https:\/\/www.pomoline.com\/fr\/produit\/poignee-de-porte-carree-base-de-62mm-cier-inoxydable-satine\/","title":{"rendered":"POIGN\u00c9E DE PORTE CARR\u00c9E BASE DE 62MM. CIER INOXYDABLE SATIN\u00c9"},"content":{"rendered":"<p>Boutons pivotants avec plaque pour portes int\u00e9rieures en bois. Nous avons des designs assortis dans notre section de poign\u00e9es de porte. Ce mod\u00e8le particulier est le MOD POM700 poign\u00e9e de porte carr\u00e9e base de 62mm. cier inoxydable satin\u00e9<\/p>\n","protected":false},"excerpt":{"rendered":"<p>Boutons pivotants avec plaque pour portes int\u00e9rieures en bois. Nous avons des designs assortis dans notre section de poign\u00e9es de porte. Ce mod\u00e8le particulier est le MOD POM700 poign\u00e9e de porte carr\u00e9e base de 62mm. cier inoxydable satin\u00e9<\/p>\n","protected":false},"featured_media":410903,"template":"","meta":{"_joinchat":[]},"product_brand":[],"product_cat":[5355,5357,1015],"product_tag":[],"class_list":{"0":"post-321301","1":"product","2":"type-product","3":"status-publish","4":"has-post-thumbnail","6":"product_cat-ofertas","7":"product_cat-ofertas-fr","8":"product_cat-poignees-de-porte","9":"pa_color-acier-inoxydable-poignees-boutons-pieds-meuble-portamanteaux-mur-porte","10":"pa_tendencia-boutons-porte-entree","12":"first","13":"instock","14":"sale","15":"taxable","16":"shipping-taxable","17":"purchasable","18":"product-type-variable","19":"has-default-attributes","20":"wvs-archive-product-wrapper"},"_links":{"self":[{"href":"https:\/\/www.pomoline.com\/fr\/wp-json\/wp\/v2\/product\/321301","targetHints":{"allow":["GET"]}}],"collection":[{"href":"https:\/\/www.pomoline.com\/fr\/wp-json\/wp\/v2\/product"}],"about":[{"href":"https:\/\/www.pomoline.com\/fr\/wp-json\/wp\/v2\/types\/product"}],"wp:featuredmedia":[{"embeddable":true,"href":"https:\/\/www.pomoline.com\/fr\/wp-json\/wp\/v2\/media\/410903"}],"wp:attachment":[{"href":"https:\/\/www.pomoline.com\/fr\/wp-json\/wp\/v2\/media?parent=321301"}],"wp:term":[{"taxonomy":"product_brand","embeddable":true,"href":"https:\/\/www.pomoline.com\/fr\/wp-json\/wp\/v2\/product_brand?post=321301"},{"taxonomy":"product_cat","embeddable":true,"href":"https:\/\/www.pomoline.com\/fr\/wp-json\/wp\/v2\/product_cat?post=321301"},{"taxonomy":"product_tag","embeddable":true,"href":"https:\/\/www.pomoline.com\/fr\/wp-json\/wp\/v2\/product_tag?post=321301"}],"curies":[{"name":"wp","href":"https:\/\/api.w.org\/{rel}","templated":true}]}}