{"id":321373,"date":"2024-04-27T12:14:31","date_gmt":"2024-04-27T10:14:31","guid":{"rendered":"https:\/\/www.pomoline.com\/web-pruebas\/producto\/muletilla-con-desbloqueo-roseta-cuadrada-de-55mm-acabado-niquel-sat\/"},"modified":"2025-03-14T00:53:47","modified_gmt":"2025-03-13T23:53:47","slug":"paire-de-rosaces-a-condamnation-carrees-finition-en-nickel-satine","status":"publish","type":"product","link":"https:\/\/www.pomoline.com\/fr\/produit\/paire-de-rosaces-a-condamnation-carrees-finition-en-nickel-satine\/","title":{"rendered":"PAIRE DE ROSACES \u00c0 CONDAMNATION CARR\u00c9ES FINITION EN NICKEL SATIN\u00c9"},"content":{"rendered":"<p>Accessoires de porte tels que rosaces avec trou de serrure, boulons et tourillons pour le montage sur les portes \u00e0 c\u00f4t\u00e9 de nos poign\u00e9es. Ce mod\u00e8le particulier est le MOD MU926 CUADRADA paire de rosaces \u00e0 condamnation carr\u00e9es finition en nickel satin\u00e9<\/p>\n","protected":false},"excerpt":{"rendered":"<p>Accessoires de porte tels que rosaces avec trou de serrure, boulons et tourillons pour le montage sur les portes \u00e0 c\u00f4t\u00e9 de nos poign\u00e9es. Ce mod\u00e8le particulier est le MOD MU926 CUADRADA paire de rosaces \u00e0 condamnation carr\u00e9es finition en nickel satin\u00e9<\/p>\n","protected":false},"featured_media":410855,"template":"","meta":{"_joinchat":[]},"product_brand":[],"product_cat":[5355,5357,1015],"product_tag":[],"class_list":{"0":"post-321373","1":"product","2":"type-product","3":"status-publish","4":"has-post-thumbnail","6":"product_cat-ofertas","7":"product_cat-ofertas-fr","8":"product_cat-poignees-de-porte","9":"pa_color-acier-inoxydable-poignees-boutons-pieds-meuble-portamanteaux-mur-porte","10":"pa_tendencia-rainures-porte-clavettes-verrous-charnieres","12":"first","13":"instock","14":"sale","15":"taxable","16":"shipping-taxable","17":"purchasable","18":"product-type-variable","19":"has-default-attributes","20":"wvs-archive-product-wrapper"},"_links":{"self":[{"href":"https:\/\/www.pomoline.com\/fr\/wp-json\/wp\/v2\/product\/321373","targetHints":{"allow":["GET"]}}],"collection":[{"href":"https:\/\/www.pomoline.com\/fr\/wp-json\/wp\/v2\/product"}],"about":[{"href":"https:\/\/www.pomoline.com\/fr\/wp-json\/wp\/v2\/types\/product"}],"wp:featuredmedia":[{"embeddable":true,"href":"https:\/\/www.pomoline.com\/fr\/wp-json\/wp\/v2\/media\/410855"}],"wp:attachment":[{"href":"https:\/\/www.pomoline.com\/fr\/wp-json\/wp\/v2\/media?parent=321373"}],"wp:term":[{"taxonomy":"product_brand","embeddable":true,"href":"https:\/\/www.pomoline.com\/fr\/wp-json\/wp\/v2\/product_brand?post=321373"},{"taxonomy":"product_cat","embeddable":true,"href":"https:\/\/www.pomoline.com\/fr\/wp-json\/wp\/v2\/product_cat?post=321373"},{"taxonomy":"product_tag","embeddable":true,"href":"https:\/\/www.pomoline.com\/fr\/wp-json\/wp\/v2\/product_tag?post=321373"}],"curies":[{"name":"wp","href":"https:\/\/api.w.org\/{rel}","templated":true}]}}