{"id":321389,"date":"2024-04-27T12:14:54","date_gmt":"2024-04-27T10:14:54","guid":{"rendered":"https:\/\/www.pomoline.com\/web-pruebas\/producto\/muletilla-con-desbloqueo-roseta-redonda-de-35mm-laton-satinado\/"},"modified":"2025-03-14T00:52:43","modified_gmt":"2025-03-13T23:52:43","slug":"paire-de-rosaces-a-condamnation-finition-en-chrome-satine-en-laiton","status":"publish","type":"product","link":"https:\/\/www.pomoline.com\/fr\/produit\/paire-de-rosaces-a-condamnation-finition-en-chrome-satine-en-laiton\/","title":{"rendered":"PAIRE DE ROSACES \u00c0 CONDAMNATION. FINITION EN CHROME SATIN\u00c9 EN LAITON"},"content":{"rendered":"<p>Accessoires de porte tels que rosaces avec trou de serrure, boulons et tourillons pour le montage sur les portes \u00e0 c\u00f4t\u00e9 de nos poign\u00e9es. Ce mod\u00e8le particulier est le MOD MU823 REDONDA paire de rosaces \u00e0 condamnation. finition en chrome satin\u00e9 en laiton<\/p>\n","protected":false},"excerpt":{"rendered":"<p>Accessoires de porte tels que rosaces avec trou de serrure, boulons et tourillons pour le montage sur les portes \u00e0 c\u00f4t\u00e9 de nos poign\u00e9es. Ce mod\u00e8le particulier est le MOD MU823 REDONDA paire de rosaces \u00e0 condamnation. finition en chrome satin\u00e9 en laiton<\/p>\n","protected":false},"featured_media":410839,"template":"","meta":{"_joinchat":[]},"product_brand":[],"product_cat":[5355,5357,1015],"product_tag":[],"class_list":{"0":"post-321389","1":"product","2":"type-product","3":"status-publish","4":"has-post-thumbnail","6":"product_cat-ofertas","7":"product_cat-ofertas-fr","8":"product_cat-poignees-de-porte","9":"pa_color-chrome-poignees-boutons-pieds-meuble-portamanteaux-mur-porte","10":"pa_color-or-poignees-boutons-pieds-meuble-portamanteaux-mur-porte","11":"pa_tendencia-rainures-porte-clavettes-verrous-charnieres","13":"first","14":"instock","15":"sale","16":"taxable","17":"shipping-taxable","18":"purchasable","19":"product-type-variable","20":"has-default-attributes","21":"wvs-archive-product-wrapper"},"_links":{"self":[{"href":"https:\/\/www.pomoline.com\/fr\/wp-json\/wp\/v2\/product\/321389","targetHints":{"allow":["GET"]}}],"collection":[{"href":"https:\/\/www.pomoline.com\/fr\/wp-json\/wp\/v2\/product"}],"about":[{"href":"https:\/\/www.pomoline.com\/fr\/wp-json\/wp\/v2\/types\/product"}],"wp:featuredmedia":[{"embeddable":true,"href":"https:\/\/www.pomoline.com\/fr\/wp-json\/wp\/v2\/media\/410839"}],"wp:attachment":[{"href":"https:\/\/www.pomoline.com\/fr\/wp-json\/wp\/v2\/media?parent=321389"}],"wp:term":[{"taxonomy":"product_brand","embeddable":true,"href":"https:\/\/www.pomoline.com\/fr\/wp-json\/wp\/v2\/product_brand?post=321389"},{"taxonomy":"product_cat","embeddable":true,"href":"https:\/\/www.pomoline.com\/fr\/wp-json\/wp\/v2\/product_cat?post=321389"},{"taxonomy":"product_tag","embeddable":true,"href":"https:\/\/www.pomoline.com\/fr\/wp-json\/wp\/v2\/product_tag?post=321389"}],"curies":[{"name":"wp","href":"https:\/\/api.w.org\/{rel}","templated":true}]}}