{"id":321425,"date":"2024-04-27T12:15:51","date_gmt":"2024-04-27T10:15:51","guid":{"rendered":"https:\/\/www.pomoline.com\/web-pruebas\/producto\/manilla-puerta-acabado-niquel-satinado-corredera-interior\/"},"modified":"2025-03-14T00:50:31","modified_gmt":"2025-03-13T23:50:31","slug":"poignee-de-porte-coulissante-nickel-satine-finition-atlas","status":"publish","type":"product","link":"https:\/\/www.pomoline.com\/fr\/produit\/poignee-de-porte-coulissante-nickel-satine-finition-atlas\/","title":{"rendered":"POIGN\u00c9E DE PORTE COULISSANTE NICKEL SATIN\u00c9 FINITION ATLAS"},"content":{"rendered":"<p>Poign\u00e9es pour porte coulissante int\u00e9rieure. Ils sont fabriqu\u00e9s et con\u00e7us avec des m\u00e9taux d&rsquo;\u00e9tain de qualit\u00e9 et mont\u00e9s sur les portes sont tr\u00e8s bien. Ce mod\u00e8le particulier est le MOD MATLAS poign\u00e9e de porte coulissante nickel satin\u00e9 finition atlas<\/p>\n","protected":false},"excerpt":{"rendered":"<p>Poign\u00e9es pour porte coulissante int\u00e9rieure. Ils sont fabriqu\u00e9s et con\u00e7us avec des m\u00e9taux d&rsquo;\u00e9tain de qualit\u00e9 et mont\u00e9s sur les portes sont tr\u00e8s bien. Ce mod\u00e8le particulier est le MOD MATLAS poign\u00e9e de porte coulissante nickel satin\u00e9 finition atlas<\/p>\n","protected":false},"featured_media":410803,"template":"","meta":{"_joinchat":[]},"product_brand":[],"product_cat":[5355,5357,1015],"product_tag":[],"class_list":{"0":"post-321425","1":"product","2":"type-product","3":"status-publish","4":"has-post-thumbnail","6":"product_cat-ofertas","7":"product_cat-ofertas-fr","8":"product_cat-poignees-de-porte","9":"pa_color-nickel-matte-poignees-boutons-pieds-meuble-portamanteaux-mur-porte","10":"pa_tendencia-poignees-porte-coulissante","12":"first","13":"instock","14":"sale","15":"taxable","16":"shipping-taxable","17":"purchasable","18":"product-type-variable","19":"has-default-attributes","20":"wvs-archive-product-wrapper"},"_links":{"self":[{"href":"https:\/\/www.pomoline.com\/fr\/wp-json\/wp\/v2\/product\/321425","targetHints":{"allow":["GET"]}}],"collection":[{"href":"https:\/\/www.pomoline.com\/fr\/wp-json\/wp\/v2\/product"}],"about":[{"href":"https:\/\/www.pomoline.com\/fr\/wp-json\/wp\/v2\/types\/product"}],"wp:featuredmedia":[{"embeddable":true,"href":"https:\/\/www.pomoline.com\/fr\/wp-json\/wp\/v2\/media\/410803"}],"wp:attachment":[{"href":"https:\/\/www.pomoline.com\/fr\/wp-json\/wp\/v2\/media?parent=321425"}],"wp:term":[{"taxonomy":"product_brand","embeddable":true,"href":"https:\/\/www.pomoline.com\/fr\/wp-json\/wp\/v2\/product_brand?post=321425"},{"taxonomy":"product_cat","embeddable":true,"href":"https:\/\/www.pomoline.com\/fr\/wp-json\/wp\/v2\/product_cat?post=321425"},{"taxonomy":"product_tag","embeddable":true,"href":"https:\/\/www.pomoline.com\/fr\/wp-json\/wp\/v2\/product_tag?post=321425"}],"curies":[{"name":"wp","href":"https:\/\/api.w.org\/{rel}","templated":true}]}}