{"id":321433,"date":"2024-04-27T12:16:01","date_gmt":"2024-04-27T10:16:01","guid":{"rendered":"https:\/\/www.pomoline.com\/web-pruebas\/producto\/manilla-puerta-acero-inoxidable-corredera-interior-arco\/"},"modified":"2025-03-14T00:50:16","modified_gmt":"2025-03-13T23:50:16","slug":"poignee-de-porte-coulissant-acier-inox-arco","status":"publish","type":"product","link":"https:\/\/www.pomoline.com\/fr\/produit\/poignee-de-porte-coulissant-acier-inox-arco\/","title":{"rendered":"POIGN\u00c9E DE PORTE COULISSANT ACIER INOX ARCO"},"content":{"rendered":"<p>Poign\u00e9es pour porte coulissante int\u00e9rieure. Ils sont fabriqu\u00e9s et con\u00e7us avec des m\u00e9taux d&rsquo;\u00e9tain de qualit\u00e9 et mont\u00e9s sur les portes sont tr\u00e8s bien. Ce mod\u00e8le particulier est le MOD MARCO poign\u00e9e de porte coulissant acier inox arco<\/p>\n","protected":false},"excerpt":{"rendered":"<p>Poign\u00e9es pour porte coulissante int\u00e9rieure. Ils sont fabriqu\u00e9s et con\u00e7us avec des m\u00e9taux d&rsquo;\u00e9tain de qualit\u00e9 et mont\u00e9s sur les portes sont tr\u00e8s bien. Ce mod\u00e8le particulier est le MOD MARCO poign\u00e9e de porte coulissant acier inox arco<\/p>\n","protected":false},"featured_media":410799,"template":"","meta":{"_joinchat":[]},"product_brand":[],"product_cat":[5355,5357,1015],"product_tag":[],"class_list":{"0":"post-321433","1":"product","2":"type-product","3":"status-publish","4":"has-post-thumbnail","6":"product_cat-ofertas","7":"product_cat-ofertas-fr","8":"product_cat-poignees-de-porte","9":"pa_color-acier-inoxydable-poignees-boutons-pieds-meuble-portamanteaux-mur-porte","10":"pa_tendencia-poignees-porte-coulissante","12":"first","13":"instock","14":"sale","15":"taxable","16":"shipping-taxable","17":"purchasable","18":"product-type-variable","19":"has-default-attributes","20":"wvs-archive-product-wrapper"},"_links":{"self":[{"href":"https:\/\/www.pomoline.com\/fr\/wp-json\/wp\/v2\/product\/321433","targetHints":{"allow":["GET"]}}],"collection":[{"href":"https:\/\/www.pomoline.com\/fr\/wp-json\/wp\/v2\/product"}],"about":[{"href":"https:\/\/www.pomoline.com\/fr\/wp-json\/wp\/v2\/types\/product"}],"wp:featuredmedia":[{"embeddable":true,"href":"https:\/\/www.pomoline.com\/fr\/wp-json\/wp\/v2\/media\/410799"}],"wp:attachment":[{"href":"https:\/\/www.pomoline.com\/fr\/wp-json\/wp\/v2\/media?parent=321433"}],"wp:term":[{"taxonomy":"product_brand","embeddable":true,"href":"https:\/\/www.pomoline.com\/fr\/wp-json\/wp\/v2\/product_brand?post=321433"},{"taxonomy":"product_cat","embeddable":true,"href":"https:\/\/www.pomoline.com\/fr\/wp-json\/wp\/v2\/product_cat?post=321433"},{"taxonomy":"product_tag","embeddable":true,"href":"https:\/\/www.pomoline.com\/fr\/wp-json\/wp\/v2\/product_tag?post=321433"}],"curies":[{"name":"wp","href":"https:\/\/api.w.org\/{rel}","templated":true}]}}