{"id":321449,"date":"2024-04-27T12:16:24","date_gmt":"2024-04-27T10:16:24","guid":{"rendered":"https:\/\/www.pomoline.com\/web-pruebas\/producto\/juego-2-manillas-laton-roseta-cuadrada-acabado-laton-sat\/"},"modified":"2025-03-14T00:49:11","modified_gmt":"2025-03-13T23:49:11","slug":"2-poignees-de-porte-rosace-ronde-50mm-laiton-satine","status":"publish","type":"product","link":"https:\/\/www.pomoline.com\/fr\/produit\/2-poignees-de-porte-rosace-ronde-50mm-laiton-satine\/","title":{"rendered":"2 POIGN\u00c9ES DE PORTE ROSACE RONDE 50MM NICKEL SATINE"},"content":{"rendered":"<p>Poign\u00e9es int\u00e9rieures de porte en bois avec rosace ronde en m\u00e9tal. Le prix correspond \u00e0 l&rsquo;ensemble des deux poign\u00e9es et est fourni dans une bo\u00eete de 2 unit\u00e9s. Ce mod\u00e8le particulier est le MOD MA885 2 poign\u00e9es de porte rosace ronde 50mm laiton satine<\/p>\n","protected":false},"excerpt":{"rendered":"<p>Poign\u00e9es int\u00e9rieures de porte en bois avec rosace ronde en m\u00e9tal. Le prix correspond \u00e0 l&rsquo;ensemble des deux poign\u00e9es et est fourni dans une bo\u00eete de 2 unit\u00e9s. Ce mod\u00e8le particulier est le MOD MA885 2 poign\u00e9es de porte rosace ronde 50mm laiton satine<\/p>\n","protected":false},"featured_media":410783,"template":"","meta":{"_joinchat":[]},"product_brand":[],"product_cat":[5355,5357,1015],"product_tag":[],"class_list":{"0":"post-321449","1":"product","2":"type-product","3":"status-publish","4":"has-post-thumbnail","6":"product_cat-ofertas","7":"product_cat-ofertas-fr","8":"product_cat-poignees-de-porte","9":"pa_color-nickel-brosse-poignees-boutons-pieds-meuble-portamanteaux-mur-porte","10":"pa_color-or-poignees-boutons-pieds-meuble-portamanteaux-mur-porte","11":"pa_tendencia-poignees-porte-interieur","13":"first","14":"instock","15":"sale","16":"taxable","17":"shipping-taxable","18":"purchasable","19":"product-type-variable","20":"has-default-attributes","21":"wvs-archive-product-wrapper"},"_links":{"self":[{"href":"https:\/\/www.pomoline.com\/fr\/wp-json\/wp\/v2\/product\/321449","targetHints":{"allow":["GET"]}}],"collection":[{"href":"https:\/\/www.pomoline.com\/fr\/wp-json\/wp\/v2\/product"}],"about":[{"href":"https:\/\/www.pomoline.com\/fr\/wp-json\/wp\/v2\/types\/product"}],"wp:featuredmedia":[{"embeddable":true,"href":"https:\/\/www.pomoline.com\/fr\/wp-json\/wp\/v2\/media\/410783"}],"wp:attachment":[{"href":"https:\/\/www.pomoline.com\/fr\/wp-json\/wp\/v2\/media?parent=321449"}],"wp:term":[{"taxonomy":"product_brand","embeddable":true,"href":"https:\/\/www.pomoline.com\/fr\/wp-json\/wp\/v2\/product_brand?post=321449"},{"taxonomy":"product_cat","embeddable":true,"href":"https:\/\/www.pomoline.com\/fr\/wp-json\/wp\/v2\/product_cat?post=321449"},{"taxonomy":"product_tag","embeddable":true,"href":"https:\/\/www.pomoline.com\/fr\/wp-json\/wp\/v2\/product_tag?post=321449"}],"curies":[{"name":"wp","href":"https:\/\/api.w.org\/{rel}","templated":true}]}}