{"id":321561,"date":"2024-04-27T12:31:32","date_gmt":"2024-04-27T10:31:32","guid":{"rendered":"https:\/\/www.pomoline.com\/web-pruebas\/producto\/manilla-puerta-laton-satinado-puerta-corredera-interior\/"},"modified":"2025-03-14T00:42:54","modified_gmt":"2025-03-13T23:42:54","slug":"poignee-de-porte-coulissante-laiton-satine-finition-824","status":"publish","type":"product","link":"https:\/\/www.pomoline.com\/fr\/produit\/poignee-de-porte-coulissante-laiton-satine-finition-824\/","title":{"rendered":"POIGN\u00c9E DE PORTE COULISSANTE LAITON SATIN\u00c9 FINITION 824"},"content":{"rendered":"<p>Poign\u00e9es pour porte coulissante int\u00e9rieure. Ils sont fabriqu\u00e9s et con\u00e7us avec des m\u00e9taux d&rsquo;\u00e9tain de qualit\u00e9 et mont\u00e9s sur les portes sont tr\u00e8s bien. Ce mod\u00e8le particulier est le MOD M824 poign\u00e9e de porte coulissante laiton satin\u00e9 finition 824<\/p>\n","protected":false},"excerpt":{"rendered":"<p>Poign\u00e9es pour porte coulissante int\u00e9rieure. Ils sont fabriqu\u00e9s et con\u00e7us avec des m\u00e9taux d&rsquo;\u00e9tain de qualit\u00e9 et mont\u00e9s sur les portes sont tr\u00e8s bien. Ce mod\u00e8le particulier est le MOD M824 poign\u00e9e de porte coulissante laiton satin\u00e9 finition 824<\/p>\n","protected":false},"featured_media":410675,"template":"","meta":{"_joinchat":[]},"product_brand":[],"product_cat":[5355,5357,1015],"product_tag":[],"class_list":{"0":"post-321561","1":"product","2":"type-product","3":"status-publish","4":"has-post-thumbnail","6":"product_cat-ofertas","7":"product_cat-ofertas-fr","8":"product_cat-poignees-de-porte","9":"pa_color-chrome-poignees-boutons-pieds-meuble-portamanteaux-mur-porte","10":"pa_color-or-poignees-boutons-pieds-meuble-portamanteaux-mur-porte","11":"pa_tendencia-poignees-porte-coulissante","13":"first","14":"instock","15":"sale","16":"taxable","17":"shipping-taxable","18":"purchasable","19":"product-type-variable","20":"has-default-attributes","21":"wvs-archive-product-wrapper"},"_links":{"self":[{"href":"https:\/\/www.pomoline.com\/fr\/wp-json\/wp\/v2\/product\/321561","targetHints":{"allow":["GET"]}}],"collection":[{"href":"https:\/\/www.pomoline.com\/fr\/wp-json\/wp\/v2\/product"}],"about":[{"href":"https:\/\/www.pomoline.com\/fr\/wp-json\/wp\/v2\/types\/product"}],"wp:featuredmedia":[{"embeddable":true,"href":"https:\/\/www.pomoline.com\/fr\/wp-json\/wp\/v2\/media\/410675"}],"wp:attachment":[{"href":"https:\/\/www.pomoline.com\/fr\/wp-json\/wp\/v2\/media?parent=321561"}],"wp:term":[{"taxonomy":"product_brand","embeddable":true,"href":"https:\/\/www.pomoline.com\/fr\/wp-json\/wp\/v2\/product_brand?post=321561"},{"taxonomy":"product_cat","embeddable":true,"href":"https:\/\/www.pomoline.com\/fr\/wp-json\/wp\/v2\/product_cat?post=321561"},{"taxonomy":"product_tag","embeddable":true,"href":"https:\/\/www.pomoline.com\/fr\/wp-json\/wp\/v2\/product_tag?post=321561"}],"curies":[{"name":"wp","href":"https:\/\/api.w.org\/{rel}","templated":true}]}}