{"id":321605,"date":"2024-04-27T12:32:57","date_gmt":"2024-04-27T10:32:57","guid":{"rendered":"https:\/\/www.pomoline.com\/web-pruebas\/producto\/juego-dos-manillas-zamac-roseta-redonda-50mm-acabado-niquel-satinado\/"},"modified":"2025-03-14T00:39:55","modified_gmt":"2025-03-13T23:39:55","slug":"2-poignees-de-porte-en-zamac-rosette-ronde-finition-nickel-satine","status":"publish","type":"product","link":"https:\/\/www.pomoline.com\/fr\/produit\/2-poignees-de-porte-en-zamac-rosette-ronde-finition-nickel-satine\/","title":{"rendered":"2 POIGN\u00c9ES DE PORTE EN ZAMAC ROSETTE RONDE FINITION NICKEL SATIN\u00c9"},"content":{"rendered":"<p>Poign\u00e9es int\u00e9rieures de porte en bois avec rosace ronde en m\u00e9tal. Le prix correspond \u00e0 l&rsquo;ensemble des deux poign\u00e9es et est fourni dans une bo\u00eete de 2 unit\u00e9s. Ce mod\u00e8le particulier est le MOD LLUNA MANIV 2 poign\u00e9es de porte en zamac rosette ronde finition<\/p>\n","protected":false},"excerpt":{"rendered":"<p>Poign\u00e9es int\u00e9rieures de porte en bois avec rosace ronde en m\u00e9tal. Le prix correspond \u00e0 l&rsquo;ensemble des deux poign\u00e9es et est fourni dans une bo\u00eete de 2 unit\u00e9s. Ce mod\u00e8le particulier est le MOD LLUNA MANIV 2 poign\u00e9es de porte en zamac rosette ronde finition<\/p>\n","protected":false},"featured_media":410631,"template":"","meta":{"_joinchat":[]},"product_brand":[],"product_cat":[1015],"product_tag":[],"class_list":{"0":"post-321605","1":"product","2":"type-product","3":"status-publish","4":"has-post-thumbnail","6":"product_cat-poignees-de-porte","7":"pa_color-acier-inoxydable-poignees-boutons-pieds-meuble-portamanteaux-mur-porte","8":"pa_tendencia-poignees-porte-interieur","10":"first","11":"instock","12":"taxable","13":"shipping-taxable","14":"purchasable","15":"product-type-variable","16":"has-default-attributes","17":"wvs-archive-product-wrapper"},"_links":{"self":[{"href":"https:\/\/www.pomoline.com\/fr\/wp-json\/wp\/v2\/product\/321605","targetHints":{"allow":["GET"]}}],"collection":[{"href":"https:\/\/www.pomoline.com\/fr\/wp-json\/wp\/v2\/product"}],"about":[{"href":"https:\/\/www.pomoline.com\/fr\/wp-json\/wp\/v2\/types\/product"}],"wp:featuredmedia":[{"embeddable":true,"href":"https:\/\/www.pomoline.com\/fr\/wp-json\/wp\/v2\/media\/410631"}],"wp:attachment":[{"href":"https:\/\/www.pomoline.com\/fr\/wp-json\/wp\/v2\/media?parent=321605"}],"wp:term":[{"taxonomy":"product_brand","embeddable":true,"href":"https:\/\/www.pomoline.com\/fr\/wp-json\/wp\/v2\/product_brand?post=321605"},{"taxonomy":"product_cat","embeddable":true,"href":"https:\/\/www.pomoline.com\/fr\/wp-json\/wp\/v2\/product_cat?post=321605"},{"taxonomy":"product_tag","embeddable":true,"href":"https:\/\/www.pomoline.com\/fr\/wp-json\/wp\/v2\/product_tag?post=321605"}],"curies":[{"name":"wp","href":"https:\/\/api.w.org\/{rel}","templated":true}]}}