{"id":321637,"date":"2024-04-27T12:33:55","date_gmt":"2024-04-27T10:33:55","guid":{"rendered":"https:\/\/www.pomoline.com\/web-pruebas\/producto\/juego-dos-manillas-roseta-cuadrada-de-zamac-acabado-niquel-satinado\/"},"modified":"2025-03-14T00:38:17","modified_gmt":"2025-03-13T23:38:17","slug":"2-poignees-de-porte-rosace-50-mm-nickel-satine-finition","status":"publish","type":"product","link":"https:\/\/www.pomoline.com\/fr\/produit\/2-poignees-de-porte-rosace-50-mm-nickel-satine-finition\/","title":{"rendered":"2 POIGN\u00c9ES DE PORTE ROSACE 50 MM NICKEL SATIN\u00c9 FINITION"},"content":{"rendered":"<p>Poign\u00e9es int\u00e9rieures de porte en bois avec rosace ronde en m\u00e9tal. Le prix correspond \u00e0 l&rsquo;ensemble des deux poign\u00e9es et est fourni dans une bo\u00eete de 2 unit\u00e9s. Ce mod\u00e8le particulier est le MOD HIMALIA MANIV 2 poign\u00e9es de porte rosace 50 mm nickel satin\u00e9 fin<\/p>\n","protected":false},"excerpt":{"rendered":"<p>Poign\u00e9es int\u00e9rieures de porte en bois avec rosace ronde en m\u00e9tal. Le prix correspond \u00e0 l&rsquo;ensemble des deux poign\u00e9es et est fourni dans une bo\u00eete de 2 unit\u00e9s. Ce mod\u00e8le particulier est le MOD HIMALIA MANIV 2 poign\u00e9es de porte rosace 50 mm nickel satin\u00e9 fin<\/p>\n","protected":false},"featured_media":410607,"template":"","meta":{"_joinchat":[]},"product_brand":[],"product_cat":[5355,5357,1015],"product_tag":[],"class_list":{"0":"post-321637","1":"product","2":"type-product","3":"status-publish","4":"has-post-thumbnail","6":"product_cat-ofertas","7":"product_cat-ofertas-fr","8":"product_cat-poignees-de-porte","9":"pa_color-nickel-brosse-poignees-boutons-pieds-meuble-portamanteaux-mur-porte","10":"pa_tendencia-poignees-porte-interieur","12":"first","13":"instock","14":"sale","15":"taxable","16":"shipping-taxable","17":"purchasable","18":"product-type-variable","19":"has-default-attributes","20":"wvs-archive-product-wrapper"},"_links":{"self":[{"href":"https:\/\/www.pomoline.com\/fr\/wp-json\/wp\/v2\/product\/321637","targetHints":{"allow":["GET"]}}],"collection":[{"href":"https:\/\/www.pomoline.com\/fr\/wp-json\/wp\/v2\/product"}],"about":[{"href":"https:\/\/www.pomoline.com\/fr\/wp-json\/wp\/v2\/types\/product"}],"wp:featuredmedia":[{"embeddable":true,"href":"https:\/\/www.pomoline.com\/fr\/wp-json\/wp\/v2\/media\/410607"}],"wp:attachment":[{"href":"https:\/\/www.pomoline.com\/fr\/wp-json\/wp\/v2\/media?parent=321637"}],"wp:term":[{"taxonomy":"product_brand","embeddable":true,"href":"https:\/\/www.pomoline.com\/fr\/wp-json\/wp\/v2\/product_brand?post=321637"},{"taxonomy":"product_cat","embeddable":true,"href":"https:\/\/www.pomoline.com\/fr\/wp-json\/wp\/v2\/product_cat?post=321637"},{"taxonomy":"product_tag","embeddable":true,"href":"https:\/\/www.pomoline.com\/fr\/wp-json\/wp\/v2\/product_tag?post=321637"}],"curies":[{"name":"wp","href":"https:\/\/api.w.org\/{rel}","templated":true}]}}