{"id":321665,"date":"2024-04-27T12:34:32","date_gmt":"2024-04-27T10:34:32","guid":{"rendered":"https:\/\/www.pomoline.com\/web-pruebas\/producto\/juego-2-manillas-roseta-redonda-zamac-acabado-niquel-satinado\/"},"modified":"2025-03-14T00:37:27","modified_gmt":"2025-03-13T23:37:27","slug":"2-poignees-de-porte-nickel-satine-finition-en-zamac","status":"publish","type":"product","link":"https:\/\/www.pomoline.com\/fr\/produit\/2-poignees-de-porte-nickel-satine-finition-en-zamac\/","title":{"rendered":"2 POIGN\u00c9ES DE PORTE NICKEL SATIN\u00c9 FINITION EN ZAMAC"},"content":{"rendered":"<p>Poign\u00e9es int\u00e9rieures de porte en bois avec rosace ronde en m\u00e9tal. Le prix correspond \u00e0 l&rsquo;ensemble des deux poign\u00e9es et est fourni dans une bo\u00eete de 2 unit\u00e9s. Ce mod\u00e8le particulier est le MOD ELORA 2 poign\u00e9es de porte nickel satin\u00e9 finition en zamac<\/p>\n","protected":false},"excerpt":{"rendered":"<p>Poign\u00e9es int\u00e9rieures de porte en bois avec rosace ronde en m\u00e9tal. Le prix correspond \u00e0 l&rsquo;ensemble des deux poign\u00e9es et est fourni dans une bo\u00eete de 2 unit\u00e9s. Ce mod\u00e8le particulier est le MOD ELORA 2 poign\u00e9es de porte nickel satin\u00e9 finition en zamac<\/p>\n","protected":false},"featured_media":410599,"template":"","meta":{"_joinchat":[]},"product_brand":[],"product_cat":[1015],"product_tag":[],"class_list":{"0":"post-321665","1":"product","2":"type-product","3":"status-publish","4":"has-post-thumbnail","6":"product_cat-poignees-de-porte","7":"pa_color-acier-inoxydable-poignees-boutons-pieds-meuble-portamanteaux-mur-porte","8":"pa_tendencia-poignees-porte-interieur","10":"first","11":"instock","12":"taxable","13":"shipping-taxable","14":"purchasable","15":"product-type-variable","16":"has-default-attributes","17":"wvs-archive-product-wrapper"},"_links":{"self":[{"href":"https:\/\/www.pomoline.com\/fr\/wp-json\/wp\/v2\/product\/321665","targetHints":{"allow":["GET"]}}],"collection":[{"href":"https:\/\/www.pomoline.com\/fr\/wp-json\/wp\/v2\/product"}],"about":[{"href":"https:\/\/www.pomoline.com\/fr\/wp-json\/wp\/v2\/types\/product"}],"wp:featuredmedia":[{"embeddable":true,"href":"https:\/\/www.pomoline.com\/fr\/wp-json\/wp\/v2\/media\/410599"}],"wp:attachment":[{"href":"https:\/\/www.pomoline.com\/fr\/wp-json\/wp\/v2\/media?parent=321665"}],"wp:term":[{"taxonomy":"product_brand","embeddable":true,"href":"https:\/\/www.pomoline.com\/fr\/wp-json\/wp\/v2\/product_brand?post=321665"},{"taxonomy":"product_cat","embeddable":true,"href":"https:\/\/www.pomoline.com\/fr\/wp-json\/wp\/v2\/product_cat?post=321665"},{"taxonomy":"product_tag","embeddable":true,"href":"https:\/\/www.pomoline.com\/fr\/wp-json\/wp\/v2\/product_tag?post=321665"}],"curies":[{"name":"wp","href":"https:\/\/api.w.org\/{rel}","templated":true}]}}