{"id":321685,"date":"2024-04-27T12:34:56","date_gmt":"2024-04-27T10:34:56","guid":{"rendered":"https:\/\/www.pomoline.com\/web-pruebas\/producto\/cerradura-empotrada-puerta-corredera-con-bombillo-y-puerta-de-paso\/"},"modified":"2025-03-14T00:36:54","modified_gmt":"2025-03-13T23:36:54","slug":"serrure-encastre-en-acier-inoxydable-pour-porte-coulissante","status":"publish","type":"product","link":"https:\/\/www.pomoline.com\/fr\/produit\/serrure-encastre-en-acier-inoxydable-pour-porte-coulissante\/","title":{"rendered":"SERRURE ENCASTR\u00c9 EN ACIER INOXYDABLE POUR PORTE COULISSANTE"},"content":{"rendered":"<p>Serrures pour montage et encastrement dans les portes int\u00e9rieures en bois de la maison. Ce mod\u00e8le particulier est le MOD CORRE serrure encastr\u00e9 en acier inoxydable pour porte coulissante<\/p>\n","protected":false},"excerpt":{"rendered":"<p>Serrures pour montage et encastrement dans les portes int\u00e9rieures en bois de la maison. Ce mod\u00e8le particulier est le MOD CORRE serrure encastr\u00e9 en acier inoxydable pour porte coulissante<\/p>\n","protected":false},"featured_media":410591,"template":"","meta":{"_joinchat":[]},"product_brand":[],"product_cat":[5355,5357,1015],"product_tag":[],"class_list":{"0":"post-321685","1":"product","2":"type-product","3":"status-publish","4":"has-post-thumbnail","6":"product_cat-ofertas","7":"product_cat-ofertas-fr","8":"product_cat-poignees-de-porte","9":"pa_color-acier-inoxydable-poignees-boutons-pieds-meuble-portamanteaux-mur-porte","10":"pa_color-nickel-brosse-poignees-boutons-pieds-meuble-portamanteaux-mur-porte","11":"pa_tendencia-rainures-porte-clavettes-verrous-charnieres","13":"first","14":"instock","15":"sale","16":"taxable","17":"shipping-taxable","18":"purchasable","19":"product-type-variable","20":"has-default-attributes","21":"wvs-archive-product-wrapper"},"_links":{"self":[{"href":"https:\/\/www.pomoline.com\/fr\/wp-json\/wp\/v2\/product\/321685","targetHints":{"allow":["GET"]}}],"collection":[{"href":"https:\/\/www.pomoline.com\/fr\/wp-json\/wp\/v2\/product"}],"about":[{"href":"https:\/\/www.pomoline.com\/fr\/wp-json\/wp\/v2\/types\/product"}],"wp:featuredmedia":[{"embeddable":true,"href":"https:\/\/www.pomoline.com\/fr\/wp-json\/wp\/v2\/media\/410591"}],"wp:attachment":[{"href":"https:\/\/www.pomoline.com\/fr\/wp-json\/wp\/v2\/media?parent=321685"}],"wp:term":[{"taxonomy":"product_brand","embeddable":true,"href":"https:\/\/www.pomoline.com\/fr\/wp-json\/wp\/v2\/product_brand?post=321685"},{"taxonomy":"product_cat","embeddable":true,"href":"https:\/\/www.pomoline.com\/fr\/wp-json\/wp\/v2\/product_cat?post=321685"},{"taxonomy":"product_tag","embeddable":true,"href":"https:\/\/www.pomoline.com\/fr\/wp-json\/wp\/v2\/product_tag?post=321685"}],"curies":[{"name":"wp","href":"https:\/\/api.w.org\/{rel}","templated":true}]}}